{"id":99,"date":"2025-10-21T16:48:28","date_gmt":"2025-10-21T16:48:28","guid":{"rendered":"https:\/\/mihalylillahenrietta.keriweb.hu\/?post_type=product&#038;p=99"},"modified":"2026-03-23T20:16:19","modified_gmt":"2026-03-23T20:16:19","slug":"a-noszty-fiu-esete-toth-marival","status":"publish","type":"product","link":"https:\/\/mihalylillahenrietta.keriweb.hu\/en\/product\/a-noszty-fiu-esete-toth-marival\/","title":{"rendered":"The Noszty boy's affair with Mari T\u00f3th"},"content":{"rendered":"<p data-start=\"252\" data-end=\"712\"><span style=\"font-family: 'times new roman', times, serif;\">K\u00e1lm\u00e1n Miksz\u00e1th\u2019s The Noszty Boy\u2019s Affair with Mari T\u00f3th is one of the wittiest and sharpest social critiques in Hungarian literature. The story centers on Feri Noszty, a vain and frivolous young nobleman who decides to secure his future by marrying the wealthy bourgeois girl, Mari T\u00f3th. However, his plan becomes entangled with unexpected emotions and complications, while Miksz\u00e1th portrays the social conditions of the time with subtle irony and humor.<\/span><\/p>\n<p data-start=\"714\" data-end=\"1051\"><span style=\"font-family: 'times new roman', times, serif;\">The novel is at once a romantic story, a social satire, and a psychological drama. K\u00e1lm\u00e1n Miksz\u00e1th\u2019s characters are vivid, his language is fluent, and his style remains fresh and enjoyable to this day. The Noszty Boy\u2019s Affair with Mari T\u00f3th is not only a required reading, but also a timeless and engaging literary experience for all who appreciate classic Hungarian prose.<\/span><\/p>","protected":false},"excerpt":{"rendered":"<p data-start=\"1053\" data-end=\"1233\"><span style=\"font-family: 'times new roman', times, serif;\">M\u0171faj: Realista t\u00e1rsadalmi reg\u00e9ny<\/span><br data-start=\"1093\" data-end=\"1096\" \/><span style=\"font-family: 'times new roman', times, serif;\">Szerz\u0151: Miksz\u00e1th K\u00e1lm\u00e1n<\/span><br data-start=\"1126\" data-end=\"1129\" \/><span style=\"font-family: 'times new roman', times, serif;\">Kiad\u00f3: Talentum <\/span><br data-start=\"1156\" data-end=\"1159\" \/><span style=\"font-family: 'times new roman', times, serif;\">T\u00e9m\u00e1k: szerelem, \u00e9rdek, t\u00e1rsadalmi k\u00fcl\u00f6nbs\u00e9gek, \u00e1ls\u00e1g, \u00f6nismeret<\/span><\/p>","protected":false},"featured_media":298,"comment_status":"open","ping_status":"closed","template":"","meta":[],"product_brand":[],"product_cat":[19,20],"product_tag":[34],"class_list":{"0":"post-99","1":"product","2":"type-product","3":"status-publish","4":"has-post-thumbnail","6":"product_cat-konyv","7":"product_cat-magyar-irodalom","8":"product_tag-mikszath-kalman","10":"first","11":"instock","12":"taxable","13":"shipping-taxable","14":"purchasable","15":"product-type-simple"},"yoast_head":"<!-- This site is optimized with the Yoast SEO plugin v27.2 - https:\/\/yoast.com\/product\/yoast-seo-wordpress\/ -->\n<title>A Noszty fi\u00fa esete T\u00f3th Marival - l\u2019art Lilla<\/title>\n<meta name=\"description\" content=\"Miksz\u00e1th K\u00e1lm\u00e1n reg\u00e9nye egy t\u00e1rsadalmi \u00e9s szerelmi t\u00f6rt\u00e9net, amelyben a fiatal, sz\u00e1m\u00edt\u00f3 Noszty Feri gazdag h\u00e1zass\u00e1gra t\u00f6r a tiszta sz\u00edv\u0171 T\u00f3th Marival.\" \/>\n<meta name=\"robots\" content=\"index, follow, max-snippet:-1, max-image-preview:large, max-video-preview:-1\" \/>\n<link rel=\"canonical\" href=\"https:\/\/mihalylillahenrietta.keriweb.hu\/en\/product\/a-noszty-fiu-esete-toth-marival\/\" \/>\n<meta property=\"og:locale\" content=\"en_GB\" \/>\n<meta property=\"og:type\" content=\"article\" \/>\n<meta property=\"og:title\" content=\"A Noszty fi\u00fa esete T\u00f3th Marival - l\u2019art Lilla\" \/>\n<meta property=\"og:description\" content=\"Miksz\u00e1th K\u00e1lm\u00e1n reg\u00e9nye egy t\u00e1rsadalmi \u00e9s szerelmi t\u00f6rt\u00e9net, amelyben a fiatal, sz\u00e1m\u00edt\u00f3 Noszty Feri gazdag h\u00e1zass\u00e1gra t\u00f6r a tiszta sz\u00edv\u0171 T\u00f3th Marival.\" \/>\n<meta property=\"og:url\" content=\"https:\/\/mihalylillahenrietta.keriweb.hu\/en\/product\/a-noszty-fiu-esete-toth-marival\/\" \/>\n<meta property=\"og:site_name\" content=\"l\u2019art Lilla\" \/>\n<meta property=\"article:modified_time\" content=\"2026-03-23T20:16:19+00:00\" \/>\n<meta property=\"og:image\" content=\"https:\/\/mihalylillahenrietta.keriweb.hu\/wp-content\/uploads\/2025\/10\/Nevtelen-terv-7.png\" \/>\n\t<meta property=\"og:image:width\" content=\"400\" \/>\n\t<meta property=\"og:image:height\" content=\"629\" \/>\n\t<meta property=\"og:image:type\" content=\"image\/png\" \/>\n<meta name=\"twitter:card\" content=\"summary_large_image\" \/>\n<meta name=\"twitter:label1\" content=\"Estimated reading time\" \/>\n\t<meta name=\"twitter:data1\" content=\"1 minute\" \/>\n<script type=\"application\/ld+json\" class=\"yoast-schema-graph\">{\"@context\":\"https:\/\/schema.org\",\"@graph\":[{\"@type\":\"WebPage\",\"@id\":\"https:\/\/mihalylillahenrietta.keriweb.hu\/termek\/a-noszty-fiu-esete-toth-marival\/\",\"url\":\"https:\/\/mihalylillahenrietta.keriweb.hu\/termek\/a-noszty-fiu-esete-toth-marival\/\",\"name\":\"A Noszty fi\u00fa esete T\u00f3th Marival - l\u2019art Lilla\",\"isPartOf\":{\"@id\":\"https:\/\/mihalylillahenrietta.keriweb.hu\/#website\"},\"primaryImageOfPage\":{\"@id\":\"https:\/\/mihalylillahenrietta.keriweb.hu\/termek\/a-noszty-fiu-esete-toth-marival\/#primaryimage\"},\"image\":{\"@id\":\"https:\/\/mihalylillahenrietta.keriweb.hu\/termek\/a-noszty-fiu-esete-toth-marival\/#primaryimage\"},\"thumbnailUrl\":\"https:\/\/mihalylillahenrietta.keriweb.hu\/wp-content\/uploads\/2025\/10\/Nevtelen-terv-7.png\",\"datePublished\":\"2025-10-21T16:48:28+00:00\",\"dateModified\":\"2026-03-23T20:16:19+00:00\",\"description\":\"Miksz\u00e1th K\u00e1lm\u00e1n reg\u00e9nye egy t\u00e1rsadalmi \u00e9s szerelmi t\u00f6rt\u00e9net, amelyben a fiatal, sz\u00e1m\u00edt\u00f3 Noszty Feri gazdag h\u00e1zass\u00e1gra t\u00f6r a tiszta sz\u00edv\u0171 T\u00f3th Marival.\",\"breadcrumb\":{\"@id\":\"https:\/\/mihalylillahenrietta.keriweb.hu\/termek\/a-noszty-fiu-esete-toth-marival\/#breadcrumb\"},\"inLanguage\":\"en-GB\",\"potentialAction\":[{\"@type\":\"ReadAction\",\"target\":[\"https:\/\/mihalylillahenrietta.keriweb.hu\/termek\/a-noszty-fiu-esete-toth-marival\/\"]}]},{\"@type\":\"ImageObject\",\"inLanguage\":\"en-GB\",\"@id\":\"https:\/\/mihalylillahenrietta.keriweb.hu\/termek\/a-noszty-fiu-esete-toth-marival\/#primaryimage\",\"url\":\"https:\/\/mihalylillahenrietta.keriweb.hu\/wp-content\/uploads\/2025\/10\/Nevtelen-terv-7.png\",\"contentUrl\":\"https:\/\/mihalylillahenrietta.keriweb.hu\/wp-content\/uploads\/2025\/10\/Nevtelen-terv-7.png\",\"width\":400,\"height\":629},{\"@type\":\"BreadcrumbList\",\"@id\":\"https:\/\/mihalylillahenrietta.keriweb.hu\/termek\/a-noszty-fiu-esete-toth-marival\/#breadcrumb\",\"itemListElement\":[{\"@type\":\"ListItem\",\"position\":1,\"name\":\"Kezd\u0151lap\",\"item\":\"https:\/\/mihalylillahenrietta.keriweb.hu\/\"},{\"@type\":\"ListItem\",\"position\":2,\"name\":\"Shop\",\"item\":\"https:\/\/mihalylillahenrietta.keriweb.hu\/\"},{\"@type\":\"ListItem\",\"position\":3,\"name\":\"A Noszty fi\u00fa esete T\u00f3th Marival\"}]},{\"@type\":\"WebSite\",\"@id\":\"https:\/\/mihalylillahenrietta.keriweb.hu\/#website\",\"url\":\"https:\/\/mihalylillahenrietta.keriweb.hu\/\",\"name\":\"l\u2019art Lilla\",\"description\":\"ez egy TANUL\u00d3I, TESZT web\u00e1ruh\u00e1z :)\",\"potentialAction\":[{\"@type\":\"SearchAction\",\"target\":{\"@type\":\"EntryPoint\",\"urlTemplate\":\"https:\/\/mihalylillahenrietta.keriweb.hu\/?s={search_term_string}\"},\"query-input\":{\"@type\":\"PropertyValueSpecification\",\"valueRequired\":true,\"valueName\":\"search_term_string\"}}],\"inLanguage\":\"en-GB\"}]}<\/script>\n<!-- \/ Yoast SEO plugin. -->","yoast_head_json":{"title":"A Noszty fi\u00fa esete T\u00f3th Marival - l\u2019art Lilla","description":"Miksz\u00e1th K\u00e1lm\u00e1n reg\u00e9nye egy t\u00e1rsadalmi \u00e9s szerelmi t\u00f6rt\u00e9net, amelyben a fiatal, sz\u00e1m\u00edt\u00f3 Noszty Feri gazdag h\u00e1zass\u00e1gra t\u00f6r a tiszta sz\u00edv\u0171 T\u00f3th Marival.","robots":{"index":"index","follow":"follow","max-snippet":"max-snippet:-1","max-image-preview":"max-image-preview:large","max-video-preview":"max-video-preview:-1"},"canonical":"https:\/\/mihalylillahenrietta.keriweb.hu\/en\/product\/a-noszty-fiu-esete-toth-marival\/","og_locale":"en_GB","og_type":"article","og_title":"A Noszty fi\u00fa esete T\u00f3th Marival - l\u2019art Lilla","og_description":"Miksz\u00e1th K\u00e1lm\u00e1n reg\u00e9nye egy t\u00e1rsadalmi \u00e9s szerelmi t\u00f6rt\u00e9net, amelyben a fiatal, sz\u00e1m\u00edt\u00f3 Noszty Feri gazdag h\u00e1zass\u00e1gra t\u00f6r a tiszta sz\u00edv\u0171 T\u00f3th Marival.","og_url":"https:\/\/mihalylillahenrietta.keriweb.hu\/en\/product\/a-noszty-fiu-esete-toth-marival\/","og_site_name":"l\u2019art Lilla","article_modified_time":"2026-03-23T20:16:19+00:00","og_image":[{"width":400,"height":629,"url":"https:\/\/mihalylillahenrietta.keriweb.hu\/wp-content\/uploads\/2025\/10\/Nevtelen-terv-7.png","type":"image\/png"}],"twitter_card":"summary_large_image","twitter_misc":{"Estimated reading time":"1 minute"},"schema":{"@context":"https:\/\/schema.org","@graph":[{"@type":"WebPage","@id":"https:\/\/mihalylillahenrietta.keriweb.hu\/termek\/a-noszty-fiu-esete-toth-marival\/","url":"https:\/\/mihalylillahenrietta.keriweb.hu\/termek\/a-noszty-fiu-esete-toth-marival\/","name":"A Noszty fi\u00fa esete T\u00f3th Marival - l\u2019art Lilla","isPartOf":{"@id":"https:\/\/mihalylillahenrietta.keriweb.hu\/#website"},"primaryImageOfPage":{"@id":"https:\/\/mihalylillahenrietta.keriweb.hu\/termek\/a-noszty-fiu-esete-toth-marival\/#primaryimage"},"image":{"@id":"https:\/\/mihalylillahenrietta.keriweb.hu\/termek\/a-noszty-fiu-esete-toth-marival\/#primaryimage"},"thumbnailUrl":"https:\/\/mihalylillahenrietta.keriweb.hu\/wp-content\/uploads\/2025\/10\/Nevtelen-terv-7.png","datePublished":"2025-10-21T16:48:28+00:00","dateModified":"2026-03-23T20:16:19+00:00","description":"Miksz\u00e1th K\u00e1lm\u00e1n reg\u00e9nye egy t\u00e1rsadalmi \u00e9s szerelmi t\u00f6rt\u00e9net, amelyben a fiatal, sz\u00e1m\u00edt\u00f3 Noszty Feri gazdag h\u00e1zass\u00e1gra t\u00f6r a tiszta sz\u00edv\u0171 T\u00f3th Marival.","breadcrumb":{"@id":"https:\/\/mihalylillahenrietta.keriweb.hu\/termek\/a-noszty-fiu-esete-toth-marival\/#breadcrumb"},"inLanguage":"en-GB","potentialAction":[{"@type":"ReadAction","target":["https:\/\/mihalylillahenrietta.keriweb.hu\/termek\/a-noszty-fiu-esete-toth-marival\/"]}]},{"@type":"ImageObject","inLanguage":"en-GB","@id":"https:\/\/mihalylillahenrietta.keriweb.hu\/termek\/a-noszty-fiu-esete-toth-marival\/#primaryimage","url":"https:\/\/mihalylillahenrietta.keriweb.hu\/wp-content\/uploads\/2025\/10\/Nevtelen-terv-7.png","contentUrl":"https:\/\/mihalylillahenrietta.keriweb.hu\/wp-content\/uploads\/2025\/10\/Nevtelen-terv-7.png","width":400,"height":629},{"@type":"BreadcrumbList","@id":"https:\/\/mihalylillahenrietta.keriweb.hu\/termek\/a-noszty-fiu-esete-toth-marival\/#breadcrumb","itemListElement":[{"@type":"ListItem","position":1,"name":"Kezd\u0151lap","item":"https:\/\/mihalylillahenrietta.keriweb.hu\/"},{"@type":"ListItem","position":2,"name":"Shop","item":"https:\/\/mihalylillahenrietta.keriweb.hu\/"},{"@type":"ListItem","position":3,"name":"A Noszty fi\u00fa esete T\u00f3th Marival"}]},{"@type":"WebSite","@id":"https:\/\/mihalylillahenrietta.keriweb.hu\/#website","url":"https:\/\/mihalylillahenrietta.keriweb.hu\/","name":"l\u2019art Lilla","description":"ez egy TANUL\u00d3I, TESZT web\u00e1ruh\u00e1z :)","potentialAction":[{"@type":"SearchAction","target":{"@type":"EntryPoint","urlTemplate":"https:\/\/mihalylillahenrietta.keriweb.hu\/?s={search_term_string}"},"query-input":{"@type":"PropertyValueSpecification","valueRequired":true,"valueName":"search_term_string"}}],"inLanguage":"en-GB"}]}},"_links":{"self":[{"href":"https:\/\/mihalylillahenrietta.keriweb.hu\/en\/wp-json\/wp\/v2\/product\/99","targetHints":{"allow":["GET"]}}],"collection":[{"href":"https:\/\/mihalylillahenrietta.keriweb.hu\/en\/wp-json\/wp\/v2\/product"}],"about":[{"href":"https:\/\/mihalylillahenrietta.keriweb.hu\/en\/wp-json\/wp\/v2\/types\/product"}],"replies":[{"embeddable":true,"href":"https:\/\/mihalylillahenrietta.keriweb.hu\/en\/wp-json\/wp\/v2\/comments?post=99"}],"wp:featuredmedia":[{"embeddable":true,"href":"https:\/\/mihalylillahenrietta.keriweb.hu\/en\/wp-json\/wp\/v2\/media\/298"}],"wp:attachment":[{"href":"https:\/\/mihalylillahenrietta.keriweb.hu\/en\/wp-json\/wp\/v2\/media?parent=99"}],"wp:term":[{"taxonomy":"product_brand","embeddable":true,"href":"https:\/\/mihalylillahenrietta.keriweb.hu\/en\/wp-json\/wp\/v2\/product_brand?post=99"},{"taxonomy":"product_cat","embeddable":true,"href":"https:\/\/mihalylillahenrietta.keriweb.hu\/en\/wp-json\/wp\/v2\/product_cat?post=99"},{"taxonomy":"product_tag","embeddable":true,"href":"https:\/\/mihalylillahenrietta.keriweb.hu\/en\/wp-json\/wp\/v2\/product_tag?post=99"}],"curies":[{"name":"wp","href":"https:\/\/api.w.org\/{rel}","templated":true}]}}