{"id":96,"date":"2025-10-21T16:41:45","date_gmt":"2025-10-21T16:41:45","guid":{"rendered":"https:\/\/mihalylillahenrietta.keriweb.hu\/?post_type=product&#038;p=96"},"modified":"2026-03-23T21:11:19","modified_gmt":"2026-03-23T21:11:19","slug":"jozsef-attila-valogatott-versei","status":"publish","type":"product","link":"https:\/\/mihalylillahenrietta.keriweb.hu\/en\/product\/jozsef-attila-valogatott-versei\/","title":{"rendered":"Collection of Attila J\u00f3zsef's poems"},"content":{"rendered":"<p data-start=\"235\" data-end=\"582\"><span style=\"font-family: 'times new roman', times, serif;\">Collection of Attila J\u00f3zsef's poems presents one of the deepest and most sincere voices in Hungarian poetry. The collection brings together the most important works of the poet\u2019s life: memories of childhood poverty, the struggle against social injustice, and an all-encompassing longing for love.<\/span><\/p>\n<p data-start=\"584\" data-end=\"1006\"><span style=\"font-family: 'times new roman', times, serif;\">The collection includes his most famous poems\u2014such as \u00d3da, Tiszta sz\u00edvvel, Eszm\u00e9let, and Mama\u2014which are at once raw, sincere, and deeply human. Attila J\u00f3zsef\u2019s poetry remains relevant today: his pain, thoughts, and hopes speak to all of us. This selection is a perfect choice for students, exam candidates, and anyone wishing to rediscover the works of one of Hungarian poetry\u2019s greatest figures.<\/span><\/p>","protected":false},"excerpt":{"rendered":"<p><span style=\"font-family: 'times new roman', times, serif;\">M\u0171faj: L\u00edra \u2013 v\u00e1logatott versek<\/span><br data-start=\"1046\" data-end=\"1049\" \/><span style=\"font-family: 'times new roman', times, serif;\">Szerz\u0151: J\u00f3zsef Attila<\/span><br data-start=\"1077\" data-end=\"1080\" \/><span style=\"font-family: 'times new roman', times, serif;\">Kiad\u00f3: Talentum\u00a0<\/span><br data-start=\"1155\" data-end=\"1158\" \/><span style=\"font-family: 'times new roman', times, serif;\">T\u00e9m\u00e1k: szerelem, szeg\u00e9nys\u00e9g, t\u00e1rsadalom, hit, \u00f6nkeres\u00e9s, emberi m\u00e9lt\u00f3s\u00e1g<\/span><\/p>","protected":false},"featured_media":318,"comment_status":"open","ping_status":"closed","template":"","meta":[],"product_brand":[],"product_cat":[20],"product_tag":[16,28,17],"class_list":{"0":"post-96","1":"product","2":"type-product","3":"status-publish","4":"has-post-thumbnail","6":"product_cat-magyar-irodalom","7":"product_tag-irodalom","8":"product_tag-jozsef-attila","9":"product_tag-oktatas","11":"first","12":"instock","13":"taxable","14":"shipping-taxable","15":"purchasable","16":"product-type-simple"},"yoast_head":"<!-- This site is optimized with the Yoast SEO plugin v27.2 - https:\/\/yoast.com\/product\/yoast-seo-wordpress\/ -->\n<title>J\u00f3zsef Attila v\u00e1logatott versei - l\u2019art Lilla<\/title>\n<meta name=\"description\" content=\"J\u00f3zsef Attila v\u00e1logatott versei a szerelem, l\u00e9tk\u00e9rd\u00e9sek, t\u00e1rsadalmi igazs\u00e1gtalans\u00e1g \u00e9s az \u00f6nazonoss\u00e1g keres\u00e9s\u00e9t j\u00e1rj\u00e1k k\u00f6r\u00fcl. K\u00f6ltem\u00e9nyeiben az intenz\u00edv \u00e9rzelmek \u00e9s a m\u00e9ly gondolatok modern form\u00e1ban \u00e9s l\u00edrai er\u0151vel jelennek meg.\" \/>\n<meta name=\"robots\" content=\"index, follow, max-snippet:-1, max-image-preview:large, max-video-preview:-1\" \/>\n<link rel=\"canonical\" href=\"https:\/\/mihalylillahenrietta.keriweb.hu\/en\/product\/jozsef-attila-valogatott-versei\/\" \/>\n<meta property=\"og:locale\" content=\"en_GB\" \/>\n<meta property=\"og:type\" content=\"article\" \/>\n<meta property=\"og:title\" content=\"J\u00f3zsef Attila v\u00e1logatott versei - l\u2019art Lilla\" \/>\n<meta property=\"og:description\" content=\"J\u00f3zsef Attila v\u00e1logatott versei a szerelem, l\u00e9tk\u00e9rd\u00e9sek, t\u00e1rsadalmi igazs\u00e1gtalans\u00e1g \u00e9s az \u00f6nazonoss\u00e1g keres\u00e9s\u00e9t j\u00e1rj\u00e1k k\u00f6r\u00fcl. K\u00f6ltem\u00e9nyeiben az intenz\u00edv \u00e9rzelmek \u00e9s a m\u00e9ly gondolatok modern form\u00e1ban \u00e9s l\u00edrai er\u0151vel jelennek meg.\" \/>\n<meta property=\"og:url\" content=\"https:\/\/mihalylillahenrietta.keriweb.hu\/en\/product\/jozsef-attila-valogatott-versei\/\" \/>\n<meta property=\"og:site_name\" content=\"l\u2019art Lilla\" \/>\n<meta property=\"article:modified_time\" content=\"2026-03-23T21:11:19+00:00\" \/>\n<meta property=\"og:image\" content=\"https:\/\/mihalylillahenrietta.keriweb.hu\/wp-content\/uploads\/2025\/10\/Nevtelen-terv-20.png\" \/>\n\t<meta property=\"og:image:width\" content=\"400\" \/>\n\t<meta property=\"og:image:height\" content=\"629\" \/>\n\t<meta property=\"og:image:type\" content=\"image\/png\" \/>\n<meta name=\"twitter:card\" content=\"summary_large_image\" \/>\n<meta name=\"twitter:label1\" content=\"Estimated reading time\" \/>\n\t<meta name=\"twitter:data1\" content=\"1 minute\" \/>\n<script type=\"application\/ld+json\" class=\"yoast-schema-graph\">{\"@context\":\"https:\/\/schema.org\",\"@graph\":[{\"@type\":\"WebPage\",\"@id\":\"https:\/\/mihalylillahenrietta.keriweb.hu\/termek\/jozsef-attila-valogatott-versei\/\",\"url\":\"https:\/\/mihalylillahenrietta.keriweb.hu\/termek\/jozsef-attila-valogatott-versei\/\",\"name\":\"J\u00f3zsef Attila v\u00e1logatott versei - l\u2019art Lilla\",\"isPartOf\":{\"@id\":\"https:\/\/mihalylillahenrietta.keriweb.hu\/#website\"},\"primaryImageOfPage\":{\"@id\":\"https:\/\/mihalylillahenrietta.keriweb.hu\/termek\/jozsef-attila-valogatott-versei\/#primaryimage\"},\"image\":{\"@id\":\"https:\/\/mihalylillahenrietta.keriweb.hu\/termek\/jozsef-attila-valogatott-versei\/#primaryimage\"},\"thumbnailUrl\":\"https:\/\/mihalylillahenrietta.keriweb.hu\/wp-content\/uploads\/2025\/10\/Nevtelen-terv-20.png\",\"datePublished\":\"2025-10-21T16:41:45+00:00\",\"dateModified\":\"2026-03-23T21:11:19+00:00\",\"description\":\"J\u00f3zsef Attila v\u00e1logatott versei a szerelem, l\u00e9tk\u00e9rd\u00e9sek, t\u00e1rsadalmi igazs\u00e1gtalans\u00e1g \u00e9s az \u00f6nazonoss\u00e1g keres\u00e9s\u00e9t j\u00e1rj\u00e1k k\u00f6r\u00fcl. K\u00f6ltem\u00e9nyeiben az intenz\u00edv \u00e9rzelmek \u00e9s a m\u00e9ly gondolatok modern form\u00e1ban \u00e9s l\u00edrai er\u0151vel jelennek meg.\",\"breadcrumb\":{\"@id\":\"https:\/\/mihalylillahenrietta.keriweb.hu\/termek\/jozsef-attila-valogatott-versei\/#breadcrumb\"},\"inLanguage\":\"en-GB\",\"potentialAction\":[{\"@type\":\"ReadAction\",\"target\":[\"https:\/\/mihalylillahenrietta.keriweb.hu\/termek\/jozsef-attila-valogatott-versei\/\"]}]},{\"@type\":\"ImageObject\",\"inLanguage\":\"en-GB\",\"@id\":\"https:\/\/mihalylillahenrietta.keriweb.hu\/termek\/jozsef-attila-valogatott-versei\/#primaryimage\",\"url\":\"https:\/\/mihalylillahenrietta.keriweb.hu\/wp-content\/uploads\/2025\/10\/Nevtelen-terv-20.png\",\"contentUrl\":\"https:\/\/mihalylillahenrietta.keriweb.hu\/wp-content\/uploads\/2025\/10\/Nevtelen-terv-20.png\",\"width\":400,\"height\":629},{\"@type\":\"BreadcrumbList\",\"@id\":\"https:\/\/mihalylillahenrietta.keriweb.hu\/termek\/jozsef-attila-valogatott-versei\/#breadcrumb\",\"itemListElement\":[{\"@type\":\"ListItem\",\"position\":1,\"name\":\"Kezd\u0151lap\",\"item\":\"https:\/\/mihalylillahenrietta.keriweb.hu\/\"},{\"@type\":\"ListItem\",\"position\":2,\"name\":\"Shop\",\"item\":\"https:\/\/mihalylillahenrietta.keriweb.hu\/\"},{\"@type\":\"ListItem\",\"position\":3,\"name\":\"J\u00f3zsef Attila v\u00e1logatott versei\"}]},{\"@type\":\"WebSite\",\"@id\":\"https:\/\/mihalylillahenrietta.keriweb.hu\/#website\",\"url\":\"https:\/\/mihalylillahenrietta.keriweb.hu\/\",\"name\":\"l\u2019art Lilla\",\"description\":\"ez egy TANUL\u00d3I, TESZT web\u00e1ruh\u00e1z :)\",\"potentialAction\":[{\"@type\":\"SearchAction\",\"target\":{\"@type\":\"EntryPoint\",\"urlTemplate\":\"https:\/\/mihalylillahenrietta.keriweb.hu\/?s={search_term_string}\"},\"query-input\":{\"@type\":\"PropertyValueSpecification\",\"valueRequired\":true,\"valueName\":\"search_term_string\"}}],\"inLanguage\":\"en-GB\"}]}<\/script>\n<!-- \/ Yoast SEO plugin. -->","yoast_head_json":{"title":"J\u00f3zsef Attila v\u00e1logatott versei - l\u2019art Lilla","description":"J\u00f3zsef Attila v\u00e1logatott versei a szerelem, l\u00e9tk\u00e9rd\u00e9sek, t\u00e1rsadalmi igazs\u00e1gtalans\u00e1g \u00e9s az \u00f6nazonoss\u00e1g keres\u00e9s\u00e9t j\u00e1rj\u00e1k k\u00f6r\u00fcl. K\u00f6ltem\u00e9nyeiben az intenz\u00edv \u00e9rzelmek \u00e9s a m\u00e9ly gondolatok modern form\u00e1ban \u00e9s l\u00edrai er\u0151vel jelennek meg.","robots":{"index":"index","follow":"follow","max-snippet":"max-snippet:-1","max-image-preview":"max-image-preview:large","max-video-preview":"max-video-preview:-1"},"canonical":"https:\/\/mihalylillahenrietta.keriweb.hu\/en\/product\/jozsef-attila-valogatott-versei\/","og_locale":"en_GB","og_type":"article","og_title":"J\u00f3zsef Attila v\u00e1logatott versei - l\u2019art Lilla","og_description":"J\u00f3zsef Attila v\u00e1logatott versei a szerelem, l\u00e9tk\u00e9rd\u00e9sek, t\u00e1rsadalmi igazs\u00e1gtalans\u00e1g \u00e9s az \u00f6nazonoss\u00e1g keres\u00e9s\u00e9t j\u00e1rj\u00e1k k\u00f6r\u00fcl. K\u00f6ltem\u00e9nyeiben az intenz\u00edv \u00e9rzelmek \u00e9s a m\u00e9ly gondolatok modern form\u00e1ban \u00e9s l\u00edrai er\u0151vel jelennek meg.","og_url":"https:\/\/mihalylillahenrietta.keriweb.hu\/en\/product\/jozsef-attila-valogatott-versei\/","og_site_name":"l\u2019art Lilla","article_modified_time":"2026-03-23T21:11:19+00:00","og_image":[{"width":400,"height":629,"url":"https:\/\/mihalylillahenrietta.keriweb.hu\/wp-content\/uploads\/2025\/10\/Nevtelen-terv-20.png","type":"image\/png"}],"twitter_card":"summary_large_image","twitter_misc":{"Estimated reading time":"1 minute"},"schema":{"@context":"https:\/\/schema.org","@graph":[{"@type":"WebPage","@id":"https:\/\/mihalylillahenrietta.keriweb.hu\/termek\/jozsef-attila-valogatott-versei\/","url":"https:\/\/mihalylillahenrietta.keriweb.hu\/termek\/jozsef-attila-valogatott-versei\/","name":"J\u00f3zsef Attila v\u00e1logatott versei - l\u2019art Lilla","isPartOf":{"@id":"https:\/\/mihalylillahenrietta.keriweb.hu\/#website"},"primaryImageOfPage":{"@id":"https:\/\/mihalylillahenrietta.keriweb.hu\/termek\/jozsef-attila-valogatott-versei\/#primaryimage"},"image":{"@id":"https:\/\/mihalylillahenrietta.keriweb.hu\/termek\/jozsef-attila-valogatott-versei\/#primaryimage"},"thumbnailUrl":"https:\/\/mihalylillahenrietta.keriweb.hu\/wp-content\/uploads\/2025\/10\/Nevtelen-terv-20.png","datePublished":"2025-10-21T16:41:45+00:00","dateModified":"2026-03-23T21:11:19+00:00","description":"J\u00f3zsef Attila v\u00e1logatott versei a szerelem, l\u00e9tk\u00e9rd\u00e9sek, t\u00e1rsadalmi igazs\u00e1gtalans\u00e1g \u00e9s az \u00f6nazonoss\u00e1g keres\u00e9s\u00e9t j\u00e1rj\u00e1k k\u00f6r\u00fcl. K\u00f6ltem\u00e9nyeiben az intenz\u00edv \u00e9rzelmek \u00e9s a m\u00e9ly gondolatok modern form\u00e1ban \u00e9s l\u00edrai er\u0151vel jelennek meg.","breadcrumb":{"@id":"https:\/\/mihalylillahenrietta.keriweb.hu\/termek\/jozsef-attila-valogatott-versei\/#breadcrumb"},"inLanguage":"en-GB","potentialAction":[{"@type":"ReadAction","target":["https:\/\/mihalylillahenrietta.keriweb.hu\/termek\/jozsef-attila-valogatott-versei\/"]}]},{"@type":"ImageObject","inLanguage":"en-GB","@id":"https:\/\/mihalylillahenrietta.keriweb.hu\/termek\/jozsef-attila-valogatott-versei\/#primaryimage","url":"https:\/\/mihalylillahenrietta.keriweb.hu\/wp-content\/uploads\/2025\/10\/Nevtelen-terv-20.png","contentUrl":"https:\/\/mihalylillahenrietta.keriweb.hu\/wp-content\/uploads\/2025\/10\/Nevtelen-terv-20.png","width":400,"height":629},{"@type":"BreadcrumbList","@id":"https:\/\/mihalylillahenrietta.keriweb.hu\/termek\/jozsef-attila-valogatott-versei\/#breadcrumb","itemListElement":[{"@type":"ListItem","position":1,"name":"Kezd\u0151lap","item":"https:\/\/mihalylillahenrietta.keriweb.hu\/"},{"@type":"ListItem","position":2,"name":"Shop","item":"https:\/\/mihalylillahenrietta.keriweb.hu\/"},{"@type":"ListItem","position":3,"name":"J\u00f3zsef Attila v\u00e1logatott versei"}]},{"@type":"WebSite","@id":"https:\/\/mihalylillahenrietta.keriweb.hu\/#website","url":"https:\/\/mihalylillahenrietta.keriweb.hu\/","name":"l\u2019art Lilla","description":"ez egy TANUL\u00d3I, TESZT web\u00e1ruh\u00e1z :)","potentialAction":[{"@type":"SearchAction","target":{"@type":"EntryPoint","urlTemplate":"https:\/\/mihalylillahenrietta.keriweb.hu\/?s={search_term_string}"},"query-input":{"@type":"PropertyValueSpecification","valueRequired":true,"valueName":"search_term_string"}}],"inLanguage":"en-GB"}]}},"_links":{"self":[{"href":"https:\/\/mihalylillahenrietta.keriweb.hu\/en\/wp-json\/wp\/v2\/product\/96","targetHints":{"allow":["GET"]}}],"collection":[{"href":"https:\/\/mihalylillahenrietta.keriweb.hu\/en\/wp-json\/wp\/v2\/product"}],"about":[{"href":"https:\/\/mihalylillahenrietta.keriweb.hu\/en\/wp-json\/wp\/v2\/types\/product"}],"replies":[{"embeddable":true,"href":"https:\/\/mihalylillahenrietta.keriweb.hu\/en\/wp-json\/wp\/v2\/comments?post=96"}],"wp:featuredmedia":[{"embeddable":true,"href":"https:\/\/mihalylillahenrietta.keriweb.hu\/en\/wp-json\/wp\/v2\/media\/318"}],"wp:attachment":[{"href":"https:\/\/mihalylillahenrietta.keriweb.hu\/en\/wp-json\/wp\/v2\/media?parent=96"}],"wp:term":[{"taxonomy":"product_brand","embeddable":true,"href":"https:\/\/mihalylillahenrietta.keriweb.hu\/en\/wp-json\/wp\/v2\/product_brand?post=96"},{"taxonomy":"product_cat","embeddable":true,"href":"https:\/\/mihalylillahenrietta.keriweb.hu\/en\/wp-json\/wp\/v2\/product_cat?post=96"},{"taxonomy":"product_tag","embeddable":true,"href":"https:\/\/mihalylillahenrietta.keriweb.hu\/en\/wp-json\/wp\/v2\/product_tag?post=96"}],"curies":[{"name":"wp","href":"https:\/\/api.w.org\/{rel}","templated":true}]}}