{"id":92,"date":"2025-10-21T16:34:24","date_gmt":"2025-10-21T16:34:24","guid":{"rendered":"https:\/\/mihalylillahenrietta.keriweb.hu\/?post_type=product&#038;p=92"},"modified":"2026-03-23T20:26:51","modified_gmt":"2026-03-23T20:26:51","slug":"ady-endre-valogatott-versei","status":"publish","type":"product","link":"https:\/\/mihalylillahenrietta.keriweb.hu\/en\/product\/ady-endre-valogatott-versei\/","title":{"rendered":"Collection of Endre Ady's poems"},"content":{"rendered":"<p data-start=\"209\" data-end=\"577\"><span style=\"font-family: 'times new roman', times, serif;\">Collection of Endre Ady's poems offers a rich selection from one of the most influential bodies of work in Hungarian modern poetry. The collection showcases the diversity of Ady\u2019s poetry: the duality of love and death, the fate of the Hungarian nation, the timeless struggle between faith and doubt, and the psychological crises of the modern individual.<\/span><\/p>\n<p data-start=\"579\" data-end=\"977\"><span style=\"font-family: 'times new roman', times, serif;\">The volume features classic poems such as On the Hungarian Wasteland, I Am the Son of Gog and Magog, With L\u00e9da at the Ball, and Carriage Road in the Night. Ady\u2019s passionate voice, innovative language, and profound emotional depth remain relevant and captivating today. This selection is an ideal choice for students, exam candidates, and any reader who wishes to understand the spirit of the Hungarian soul at the turn of the 20th century.<\/span>.<\/p>","protected":false},"excerpt":{"rendered":"<p><span style=\"font-family: 'times new roman', times, serif;\">M\u0171faj: L\u00edra \u2013 v\u00e1logatott versek<\/span><br data-start=\"1017\" data-end=\"1020\" \/><span style=\"font-family: 'times new roman', times, serif;\">Szerz\u0151: Ady Endre<\/span><br data-start=\"1044\" data-end=\"1047\" \/><span style=\"font-family: 'times new roman', times, serif;\">Kiad\u00f3: Talentum<\/span><br data-start=\"1122\" data-end=\"1125\" \/><span style=\"font-family: 'times new roman', times, serif;\">T\u00e9m\u00e1k: szerelem, hal\u00e1l, magyars\u00e1g, hit, modern ember, sors<\/span><\/p>","protected":false},"featured_media":303,"comment_status":"open","ping_status":"closed","template":"","meta":[],"product_brand":[],"product_cat":[20],"product_tag":[27,16,17],"class_list":{"0":"post-92","1":"product","2":"type-product","3":"status-publish","4":"has-post-thumbnail","6":"product_cat-magyar-irodalom","7":"product_tag-ady-endre","8":"product_tag-irodalom","9":"product_tag-oktatas","11":"first","12":"instock","13":"taxable","14":"shipping-taxable","15":"purchasable","16":"product-type-simple"},"yoast_head":"<!-- This site is optimized with the Yoast SEO plugin v27.2 - https:\/\/yoast.com\/product\/yoast-seo-wordpress\/ -->\n<title>Ady Endre v\u00e1logatott versei - l\u2019art Lilla<\/title>\n<meta name=\"description\" content=\"Ady Endre v\u00e1logatott versei a szerelem, h\u00e1zass\u00e1g, forradalmis\u00e1g \u00e9s istenkeres\u00e9s t\u00e9m\u00e1it j\u00e1rj\u00e1k k\u00f6r\u00fcl modern, szenved\u00e9lyes hangon.\" \/>\n<meta name=\"robots\" content=\"index, follow, max-snippet:-1, max-image-preview:large, max-video-preview:-1\" \/>\n<link rel=\"canonical\" href=\"https:\/\/mihalylillahenrietta.keriweb.hu\/en\/product\/ady-endre-valogatott-versei\/\" \/>\n<meta property=\"og:locale\" content=\"en_GB\" \/>\n<meta property=\"og:type\" content=\"article\" \/>\n<meta property=\"og:title\" content=\"Ady Endre v\u00e1logatott versei - l\u2019art Lilla\" \/>\n<meta property=\"og:description\" content=\"Ady Endre v\u00e1logatott versei a szerelem, h\u00e1zass\u00e1g, forradalmis\u00e1g \u00e9s istenkeres\u00e9s t\u00e9m\u00e1it j\u00e1rj\u00e1k k\u00f6r\u00fcl modern, szenved\u00e9lyes hangon.\" \/>\n<meta property=\"og:url\" content=\"https:\/\/mihalylillahenrietta.keriweb.hu\/en\/product\/ady-endre-valogatott-versei\/\" \/>\n<meta property=\"og:site_name\" content=\"l\u2019art Lilla\" \/>\n<meta property=\"article:modified_time\" content=\"2026-03-23T20:26:51+00:00\" \/>\n<meta property=\"og:image\" content=\"https:\/\/mihalylillahenrietta.keriweb.hu\/wp-content\/uploads\/2025\/10\/Nevtelen-terv-10.png\" \/>\n\t<meta property=\"og:image:width\" content=\"400\" \/>\n\t<meta property=\"og:image:height\" content=\"629\" \/>\n\t<meta property=\"og:image:type\" content=\"image\/png\" \/>\n<meta name=\"twitter:card\" content=\"summary_large_image\" \/>\n<meta name=\"twitter:label1\" content=\"Estimated reading time\" \/>\n\t<meta name=\"twitter:data1\" content=\"1 minute\" \/>\n<script type=\"application\/ld+json\" class=\"yoast-schema-graph\">{\"@context\":\"https:\/\/schema.org\",\"@graph\":[{\"@type\":\"WebPage\",\"@id\":\"https:\/\/mihalylillahenrietta.keriweb.hu\/termek\/ady-endre-valogatott-versei\/\",\"url\":\"https:\/\/mihalylillahenrietta.keriweb.hu\/termek\/ady-endre-valogatott-versei\/\",\"name\":\"Ady Endre v\u00e1logatott versei - l\u2019art Lilla\",\"isPartOf\":{\"@id\":\"https:\/\/mihalylillahenrietta.keriweb.hu\/#website\"},\"primaryImageOfPage\":{\"@id\":\"https:\/\/mihalylillahenrietta.keriweb.hu\/termek\/ady-endre-valogatott-versei\/#primaryimage\"},\"image\":{\"@id\":\"https:\/\/mihalylillahenrietta.keriweb.hu\/termek\/ady-endre-valogatott-versei\/#primaryimage\"},\"thumbnailUrl\":\"https:\/\/mihalylillahenrietta.keriweb.hu\/wp-content\/uploads\/2025\/10\/Nevtelen-terv-10.png\",\"datePublished\":\"2025-10-21T16:34:24+00:00\",\"dateModified\":\"2026-03-23T20:26:51+00:00\",\"description\":\"Ady Endre v\u00e1logatott versei a szerelem, h\u00e1zass\u00e1g, forradalmis\u00e1g \u00e9s istenkeres\u00e9s t\u00e9m\u00e1it j\u00e1rj\u00e1k k\u00f6r\u00fcl modern, szenved\u00e9lyes hangon.\",\"breadcrumb\":{\"@id\":\"https:\/\/mihalylillahenrietta.keriweb.hu\/termek\/ady-endre-valogatott-versei\/#breadcrumb\"},\"inLanguage\":\"en-GB\",\"potentialAction\":[{\"@type\":\"ReadAction\",\"target\":[\"https:\/\/mihalylillahenrietta.keriweb.hu\/termek\/ady-endre-valogatott-versei\/\"]}]},{\"@type\":\"ImageObject\",\"inLanguage\":\"en-GB\",\"@id\":\"https:\/\/mihalylillahenrietta.keriweb.hu\/termek\/ady-endre-valogatott-versei\/#primaryimage\",\"url\":\"https:\/\/mihalylillahenrietta.keriweb.hu\/wp-content\/uploads\/2025\/10\/Nevtelen-terv-10.png\",\"contentUrl\":\"https:\/\/mihalylillahenrietta.keriweb.hu\/wp-content\/uploads\/2025\/10\/Nevtelen-terv-10.png\",\"width\":400,\"height\":629},{\"@type\":\"BreadcrumbList\",\"@id\":\"https:\/\/mihalylillahenrietta.keriweb.hu\/termek\/ady-endre-valogatott-versei\/#breadcrumb\",\"itemListElement\":[{\"@type\":\"ListItem\",\"position\":1,\"name\":\"Kezd\u0151lap\",\"item\":\"https:\/\/mihalylillahenrietta.keriweb.hu\/\"},{\"@type\":\"ListItem\",\"position\":2,\"name\":\"Shop\",\"item\":\"https:\/\/mihalylillahenrietta.keriweb.hu\/\"},{\"@type\":\"ListItem\",\"position\":3,\"name\":\"Ady Endre v\u00e1logatott versei\"}]},{\"@type\":\"WebSite\",\"@id\":\"https:\/\/mihalylillahenrietta.keriweb.hu\/#website\",\"url\":\"https:\/\/mihalylillahenrietta.keriweb.hu\/\",\"name\":\"l\u2019art Lilla\",\"description\":\"ez egy TANUL\u00d3I, TESZT web\u00e1ruh\u00e1z :)\",\"potentialAction\":[{\"@type\":\"SearchAction\",\"target\":{\"@type\":\"EntryPoint\",\"urlTemplate\":\"https:\/\/mihalylillahenrietta.keriweb.hu\/?s={search_term_string}\"},\"query-input\":{\"@type\":\"PropertyValueSpecification\",\"valueRequired\":true,\"valueName\":\"search_term_string\"}}],\"inLanguage\":\"en-GB\"}]}<\/script>\n<!-- \/ Yoast SEO plugin. -->","yoast_head_json":{"title":"Ady Endre v\u00e1logatott versei - l\u2019art Lilla","description":"Ady Endre v\u00e1logatott versei a szerelem, h\u00e1zass\u00e1g, forradalmis\u00e1g \u00e9s istenkeres\u00e9s t\u00e9m\u00e1it j\u00e1rj\u00e1k k\u00f6r\u00fcl modern, szenved\u00e9lyes hangon.","robots":{"index":"index","follow":"follow","max-snippet":"max-snippet:-1","max-image-preview":"max-image-preview:large","max-video-preview":"max-video-preview:-1"},"canonical":"https:\/\/mihalylillahenrietta.keriweb.hu\/en\/product\/ady-endre-valogatott-versei\/","og_locale":"en_GB","og_type":"article","og_title":"Ady Endre v\u00e1logatott versei - l\u2019art Lilla","og_description":"Ady Endre v\u00e1logatott versei a szerelem, h\u00e1zass\u00e1g, forradalmis\u00e1g \u00e9s istenkeres\u00e9s t\u00e9m\u00e1it j\u00e1rj\u00e1k k\u00f6r\u00fcl modern, szenved\u00e9lyes hangon.","og_url":"https:\/\/mihalylillahenrietta.keriweb.hu\/en\/product\/ady-endre-valogatott-versei\/","og_site_name":"l\u2019art Lilla","article_modified_time":"2026-03-23T20:26:51+00:00","og_image":[{"width":400,"height":629,"url":"https:\/\/mihalylillahenrietta.keriweb.hu\/wp-content\/uploads\/2025\/10\/Nevtelen-terv-10.png","type":"image\/png"}],"twitter_card":"summary_large_image","twitter_misc":{"Estimated reading time":"1 minute"},"schema":{"@context":"https:\/\/schema.org","@graph":[{"@type":"WebPage","@id":"https:\/\/mihalylillahenrietta.keriweb.hu\/termek\/ady-endre-valogatott-versei\/","url":"https:\/\/mihalylillahenrietta.keriweb.hu\/termek\/ady-endre-valogatott-versei\/","name":"Ady Endre v\u00e1logatott versei - l\u2019art Lilla","isPartOf":{"@id":"https:\/\/mihalylillahenrietta.keriweb.hu\/#website"},"primaryImageOfPage":{"@id":"https:\/\/mihalylillahenrietta.keriweb.hu\/termek\/ady-endre-valogatott-versei\/#primaryimage"},"image":{"@id":"https:\/\/mihalylillahenrietta.keriweb.hu\/termek\/ady-endre-valogatott-versei\/#primaryimage"},"thumbnailUrl":"https:\/\/mihalylillahenrietta.keriweb.hu\/wp-content\/uploads\/2025\/10\/Nevtelen-terv-10.png","datePublished":"2025-10-21T16:34:24+00:00","dateModified":"2026-03-23T20:26:51+00:00","description":"Ady Endre v\u00e1logatott versei a szerelem, h\u00e1zass\u00e1g, forradalmis\u00e1g \u00e9s istenkeres\u00e9s t\u00e9m\u00e1it j\u00e1rj\u00e1k k\u00f6r\u00fcl modern, szenved\u00e9lyes hangon.","breadcrumb":{"@id":"https:\/\/mihalylillahenrietta.keriweb.hu\/termek\/ady-endre-valogatott-versei\/#breadcrumb"},"inLanguage":"en-GB","potentialAction":[{"@type":"ReadAction","target":["https:\/\/mihalylillahenrietta.keriweb.hu\/termek\/ady-endre-valogatott-versei\/"]}]},{"@type":"ImageObject","inLanguage":"en-GB","@id":"https:\/\/mihalylillahenrietta.keriweb.hu\/termek\/ady-endre-valogatott-versei\/#primaryimage","url":"https:\/\/mihalylillahenrietta.keriweb.hu\/wp-content\/uploads\/2025\/10\/Nevtelen-terv-10.png","contentUrl":"https:\/\/mihalylillahenrietta.keriweb.hu\/wp-content\/uploads\/2025\/10\/Nevtelen-terv-10.png","width":400,"height":629},{"@type":"BreadcrumbList","@id":"https:\/\/mihalylillahenrietta.keriweb.hu\/termek\/ady-endre-valogatott-versei\/#breadcrumb","itemListElement":[{"@type":"ListItem","position":1,"name":"Kezd\u0151lap","item":"https:\/\/mihalylillahenrietta.keriweb.hu\/"},{"@type":"ListItem","position":2,"name":"Shop","item":"https:\/\/mihalylillahenrietta.keriweb.hu\/"},{"@type":"ListItem","position":3,"name":"Ady Endre v\u00e1logatott versei"}]},{"@type":"WebSite","@id":"https:\/\/mihalylillahenrietta.keriweb.hu\/#website","url":"https:\/\/mihalylillahenrietta.keriweb.hu\/","name":"l\u2019art Lilla","description":"ez egy TANUL\u00d3I, TESZT web\u00e1ruh\u00e1z :)","potentialAction":[{"@type":"SearchAction","target":{"@type":"EntryPoint","urlTemplate":"https:\/\/mihalylillahenrietta.keriweb.hu\/?s={search_term_string}"},"query-input":{"@type":"PropertyValueSpecification","valueRequired":true,"valueName":"search_term_string"}}],"inLanguage":"en-GB"}]}},"_links":{"self":[{"href":"https:\/\/mihalylillahenrietta.keriweb.hu\/en\/wp-json\/wp\/v2\/product\/92","targetHints":{"allow":["GET"]}}],"collection":[{"href":"https:\/\/mihalylillahenrietta.keriweb.hu\/en\/wp-json\/wp\/v2\/product"}],"about":[{"href":"https:\/\/mihalylillahenrietta.keriweb.hu\/en\/wp-json\/wp\/v2\/types\/product"}],"replies":[{"embeddable":true,"href":"https:\/\/mihalylillahenrietta.keriweb.hu\/en\/wp-json\/wp\/v2\/comments?post=92"}],"wp:featuredmedia":[{"embeddable":true,"href":"https:\/\/mihalylillahenrietta.keriweb.hu\/en\/wp-json\/wp\/v2\/media\/303"}],"wp:attachment":[{"href":"https:\/\/mihalylillahenrietta.keriweb.hu\/en\/wp-json\/wp\/v2\/media?parent=92"}],"wp:term":[{"taxonomy":"product_brand","embeddable":true,"href":"https:\/\/mihalylillahenrietta.keriweb.hu\/en\/wp-json\/wp\/v2\/product_brand?post=92"},{"taxonomy":"product_cat","embeddable":true,"href":"https:\/\/mihalylillahenrietta.keriweb.hu\/en\/wp-json\/wp\/v2\/product_cat?post=92"},{"taxonomy":"product_tag","embeddable":true,"href":"https:\/\/mihalylillahenrietta.keriweb.hu\/en\/wp-json\/wp\/v2\/product_tag?post=92"}],"curies":[{"name":"wp","href":"https:\/\/api.w.org\/{rel}","templated":true}]}}