{"id":89,"date":"2025-10-21T16:20:58","date_gmt":"2025-10-21T16:20:58","guid":{"rendered":"https:\/\/mihalylillahenrietta.keriweb.hu\/?post_type=product&#038;p=89"},"modified":"2026-03-23T21:13:51","modified_gmt":"2026-03-23T21:13:51","slug":"radnoti-miklos-valogatott-versei","status":"publish","type":"product","link":"https:\/\/mihalylillahenrietta.keriweb.hu\/en\/product\/radnoti-miklos-valogatott-versei\/","title":{"rendered":"Collection of Mikl\u00f3s Radn\u00f3ti's poems"},"content":{"rendered":"<p><span style=\"font-family: 'times new roman', times, serif;\">Collection of Attila J\u00f3zsef's poems is one of the most moving and beautiful collections in Hungarian poetry. The poems trace the poet\u2019s life journey: from youthful love and nature lyrics to harrowing human confessions written under the shadow of war. Works such as T\u00e9tova \u00f3da, Nem tudhatom, and Hetedik ecloga reflect pure emotion, patriotism, and the imprint of a tragic fate.<\/span><\/p>\n<p><span style=\"font-family: 'times new roman', times, serif;\">This collection is an ideal choice for students, exam candidates, or anyone wishing to immerse themselves in one of the noblest voices of 20th-century Hungarian poetry. Radn\u00f3ti\u2019s poems are at once beautiful and deeply moving, making their reading a truly profound emotional experience.<\/span><\/p>","protected":false},"excerpt":{"rendered":"<p><span style=\"font-family: 'times new roman', times, serif;\">M\u0171faj: L\u00edra \u2013 v\u00e1logatott versek<\/span><br data-start=\"1017\" data-end=\"1020\" \/><span style=\"font-family: 'times new roman', times, serif;\">Szerz\u0151: Radn\u00f3ti Mikl\u00f3s<\/span><br data-start=\"1049\" data-end=\"1052\" \/><span style=\"font-family: 'times new roman', times, serif;\">Kiad\u00f3: Talentum<\/span><br data-start=\"1127\" data-end=\"1130\" \/><span style=\"font-family: 'times new roman', times, serif;\">T\u00e9m\u00e1k: szerelem, h\u00e1bor\u00fa, hazaszeretet, emberi m\u00e9lt\u00f3s\u00e1g, hit az \u00e9letben<\/span><\/p>","protected":false},"featured_media":319,"comment_status":"open","ping_status":"closed","template":"","meta":[],"product_brand":[],"product_cat":[20],"product_tag":[16,17,26],"class_list":{"0":"post-89","1":"product","2":"type-product","3":"status-publish","4":"has-post-thumbnail","6":"product_cat-magyar-irodalom","7":"product_tag-irodalom","8":"product_tag-oktatas","9":"product_tag-radnoti-miklos","11":"first","12":"instock","13":"taxable","14":"shipping-taxable","15":"purchasable","16":"product-type-simple"},"yoast_head":"<!-- This site is optimized with the Yoast SEO plugin v27.2 - https:\/\/yoast.com\/product\/yoast-seo-wordpress\/ -->\n<title>Radn\u00f3ti Mikl\u00f3s v\u00e1logatott versei - l\u2019art Lilla<\/title>\n<meta name=\"description\" content=\"Radn\u00f3ti Mikl\u00f3s v\u00e1logatott versei a h\u00e1bor\u00fa, emberi szenved\u00e9s, szerelem \u00e9s elm\u00fal\u00e1s t\u00e9m\u00e1it dolgozz\u00e1k fel l\u00edrai \u00e9s szem\u00e9lyes hangon. K\u00f6ltem\u00e9nyeiben a po\u00e9tai sz\u00e9ps\u00e9g \u00e9s a tragikus val\u00f3s\u00e1g tal\u00e1lkozik.\" \/>\n<meta name=\"robots\" content=\"index, follow, max-snippet:-1, max-image-preview:large, max-video-preview:-1\" \/>\n<link rel=\"canonical\" href=\"https:\/\/mihalylillahenrietta.keriweb.hu\/en\/product\/radnoti-miklos-valogatott-versei\/\" \/>\n<meta property=\"og:locale\" content=\"en_GB\" \/>\n<meta property=\"og:type\" content=\"article\" \/>\n<meta property=\"og:title\" content=\"Radn\u00f3ti Mikl\u00f3s v\u00e1logatott versei - l\u2019art Lilla\" \/>\n<meta property=\"og:description\" content=\"Radn\u00f3ti Mikl\u00f3s v\u00e1logatott versei a h\u00e1bor\u00fa, emberi szenved\u00e9s, szerelem \u00e9s elm\u00fal\u00e1s t\u00e9m\u00e1it dolgozz\u00e1k fel l\u00edrai \u00e9s szem\u00e9lyes hangon. K\u00f6ltem\u00e9nyeiben a po\u00e9tai sz\u00e9ps\u00e9g \u00e9s a tragikus val\u00f3s\u00e1g tal\u00e1lkozik.\" \/>\n<meta property=\"og:url\" content=\"https:\/\/mihalylillahenrietta.keriweb.hu\/en\/product\/radnoti-miklos-valogatott-versei\/\" \/>\n<meta property=\"og:site_name\" content=\"l\u2019art Lilla\" \/>\n<meta property=\"article:modified_time\" content=\"2026-03-23T21:13:51+00:00\" \/>\n<meta property=\"og:image\" content=\"https:\/\/mihalylillahenrietta.keriweb.hu\/wp-content\/uploads\/2025\/10\/Nevtelen-terv-21.png\" \/>\n\t<meta property=\"og:image:width\" content=\"400\" \/>\n\t<meta property=\"og:image:height\" content=\"629\" \/>\n\t<meta property=\"og:image:type\" content=\"image\/png\" \/>\n<meta name=\"twitter:card\" content=\"summary_large_image\" \/>\n<meta name=\"twitter:label1\" content=\"Estimated reading time\" \/>\n\t<meta name=\"twitter:data1\" content=\"1 minute\" \/>\n<script type=\"application\/ld+json\" class=\"yoast-schema-graph\">{\"@context\":\"https:\/\/schema.org\",\"@graph\":[{\"@type\":\"WebPage\",\"@id\":\"https:\/\/mihalylillahenrietta.keriweb.hu\/termek\/radnoti-miklos-valogatott-versei\/\",\"url\":\"https:\/\/mihalylillahenrietta.keriweb.hu\/termek\/radnoti-miklos-valogatott-versei\/\",\"name\":\"Radn\u00f3ti Mikl\u00f3s v\u00e1logatott versei - l\u2019art Lilla\",\"isPartOf\":{\"@id\":\"https:\/\/mihalylillahenrietta.keriweb.hu\/#website\"},\"primaryImageOfPage\":{\"@id\":\"https:\/\/mihalylillahenrietta.keriweb.hu\/termek\/radnoti-miklos-valogatott-versei\/#primaryimage\"},\"image\":{\"@id\":\"https:\/\/mihalylillahenrietta.keriweb.hu\/termek\/radnoti-miklos-valogatott-versei\/#primaryimage\"},\"thumbnailUrl\":\"https:\/\/mihalylillahenrietta.keriweb.hu\/wp-content\/uploads\/2025\/10\/Nevtelen-terv-21.png\",\"datePublished\":\"2025-10-21T16:20:58+00:00\",\"dateModified\":\"2026-03-23T21:13:51+00:00\",\"description\":\"Radn\u00f3ti Mikl\u00f3s v\u00e1logatott versei a h\u00e1bor\u00fa, emberi szenved\u00e9s, szerelem \u00e9s elm\u00fal\u00e1s t\u00e9m\u00e1it dolgozz\u00e1k fel l\u00edrai \u00e9s szem\u00e9lyes hangon. K\u00f6ltem\u00e9nyeiben a po\u00e9tai sz\u00e9ps\u00e9g \u00e9s a tragikus val\u00f3s\u00e1g tal\u00e1lkozik.\",\"breadcrumb\":{\"@id\":\"https:\/\/mihalylillahenrietta.keriweb.hu\/termek\/radnoti-miklos-valogatott-versei\/#breadcrumb\"},\"inLanguage\":\"en-GB\",\"potentialAction\":[{\"@type\":\"ReadAction\",\"target\":[\"https:\/\/mihalylillahenrietta.keriweb.hu\/termek\/radnoti-miklos-valogatott-versei\/\"]}]},{\"@type\":\"ImageObject\",\"inLanguage\":\"en-GB\",\"@id\":\"https:\/\/mihalylillahenrietta.keriweb.hu\/termek\/radnoti-miklos-valogatott-versei\/#primaryimage\",\"url\":\"https:\/\/mihalylillahenrietta.keriweb.hu\/wp-content\/uploads\/2025\/10\/Nevtelen-terv-21.png\",\"contentUrl\":\"https:\/\/mihalylillahenrietta.keriweb.hu\/wp-content\/uploads\/2025\/10\/Nevtelen-terv-21.png\",\"width\":400,\"height\":629},{\"@type\":\"BreadcrumbList\",\"@id\":\"https:\/\/mihalylillahenrietta.keriweb.hu\/termek\/radnoti-miklos-valogatott-versei\/#breadcrumb\",\"itemListElement\":[{\"@type\":\"ListItem\",\"position\":1,\"name\":\"Kezd\u0151lap\",\"item\":\"https:\/\/mihalylillahenrietta.keriweb.hu\/\"},{\"@type\":\"ListItem\",\"position\":2,\"name\":\"Shop\",\"item\":\"https:\/\/mihalylillahenrietta.keriweb.hu\/\"},{\"@type\":\"ListItem\",\"position\":3,\"name\":\"Radn\u00f3ti Mikl\u00f3s v\u00e1logatott versei\"}]},{\"@type\":\"WebSite\",\"@id\":\"https:\/\/mihalylillahenrietta.keriweb.hu\/#website\",\"url\":\"https:\/\/mihalylillahenrietta.keriweb.hu\/\",\"name\":\"l\u2019art Lilla\",\"description\":\"ez egy TANUL\u00d3I, TESZT web\u00e1ruh\u00e1z :)\",\"potentialAction\":[{\"@type\":\"SearchAction\",\"target\":{\"@type\":\"EntryPoint\",\"urlTemplate\":\"https:\/\/mihalylillahenrietta.keriweb.hu\/?s={search_term_string}\"},\"query-input\":{\"@type\":\"PropertyValueSpecification\",\"valueRequired\":true,\"valueName\":\"search_term_string\"}}],\"inLanguage\":\"en-GB\"}]}<\/script>\n<!-- \/ Yoast SEO plugin. -->","yoast_head_json":{"title":"Radn\u00f3ti Mikl\u00f3s v\u00e1logatott versei - l\u2019art Lilla","description":"Radn\u00f3ti Mikl\u00f3s v\u00e1logatott versei a h\u00e1bor\u00fa, emberi szenved\u00e9s, szerelem \u00e9s elm\u00fal\u00e1s t\u00e9m\u00e1it dolgozz\u00e1k fel l\u00edrai \u00e9s szem\u00e9lyes hangon. K\u00f6ltem\u00e9nyeiben a po\u00e9tai sz\u00e9ps\u00e9g \u00e9s a tragikus val\u00f3s\u00e1g tal\u00e1lkozik.","robots":{"index":"index","follow":"follow","max-snippet":"max-snippet:-1","max-image-preview":"max-image-preview:large","max-video-preview":"max-video-preview:-1"},"canonical":"https:\/\/mihalylillahenrietta.keriweb.hu\/en\/product\/radnoti-miklos-valogatott-versei\/","og_locale":"en_GB","og_type":"article","og_title":"Radn\u00f3ti Mikl\u00f3s v\u00e1logatott versei - l\u2019art Lilla","og_description":"Radn\u00f3ti Mikl\u00f3s v\u00e1logatott versei a h\u00e1bor\u00fa, emberi szenved\u00e9s, szerelem \u00e9s elm\u00fal\u00e1s t\u00e9m\u00e1it dolgozz\u00e1k fel l\u00edrai \u00e9s szem\u00e9lyes hangon. K\u00f6ltem\u00e9nyeiben a po\u00e9tai sz\u00e9ps\u00e9g \u00e9s a tragikus val\u00f3s\u00e1g tal\u00e1lkozik.","og_url":"https:\/\/mihalylillahenrietta.keriweb.hu\/en\/product\/radnoti-miklos-valogatott-versei\/","og_site_name":"l\u2019art Lilla","article_modified_time":"2026-03-23T21:13:51+00:00","og_image":[{"width":400,"height":629,"url":"https:\/\/mihalylillahenrietta.keriweb.hu\/wp-content\/uploads\/2025\/10\/Nevtelen-terv-21.png","type":"image\/png"}],"twitter_card":"summary_large_image","twitter_misc":{"Estimated reading time":"1 minute"},"schema":{"@context":"https:\/\/schema.org","@graph":[{"@type":"WebPage","@id":"https:\/\/mihalylillahenrietta.keriweb.hu\/termek\/radnoti-miklos-valogatott-versei\/","url":"https:\/\/mihalylillahenrietta.keriweb.hu\/termek\/radnoti-miklos-valogatott-versei\/","name":"Radn\u00f3ti Mikl\u00f3s v\u00e1logatott versei - l\u2019art Lilla","isPartOf":{"@id":"https:\/\/mihalylillahenrietta.keriweb.hu\/#website"},"primaryImageOfPage":{"@id":"https:\/\/mihalylillahenrietta.keriweb.hu\/termek\/radnoti-miklos-valogatott-versei\/#primaryimage"},"image":{"@id":"https:\/\/mihalylillahenrietta.keriweb.hu\/termek\/radnoti-miklos-valogatott-versei\/#primaryimage"},"thumbnailUrl":"https:\/\/mihalylillahenrietta.keriweb.hu\/wp-content\/uploads\/2025\/10\/Nevtelen-terv-21.png","datePublished":"2025-10-21T16:20:58+00:00","dateModified":"2026-03-23T21:13:51+00:00","description":"Radn\u00f3ti Mikl\u00f3s v\u00e1logatott versei a h\u00e1bor\u00fa, emberi szenved\u00e9s, szerelem \u00e9s elm\u00fal\u00e1s t\u00e9m\u00e1it dolgozz\u00e1k fel l\u00edrai \u00e9s szem\u00e9lyes hangon. K\u00f6ltem\u00e9nyeiben a po\u00e9tai sz\u00e9ps\u00e9g \u00e9s a tragikus val\u00f3s\u00e1g tal\u00e1lkozik.","breadcrumb":{"@id":"https:\/\/mihalylillahenrietta.keriweb.hu\/termek\/radnoti-miklos-valogatott-versei\/#breadcrumb"},"inLanguage":"en-GB","potentialAction":[{"@type":"ReadAction","target":["https:\/\/mihalylillahenrietta.keriweb.hu\/termek\/radnoti-miklos-valogatott-versei\/"]}]},{"@type":"ImageObject","inLanguage":"en-GB","@id":"https:\/\/mihalylillahenrietta.keriweb.hu\/termek\/radnoti-miklos-valogatott-versei\/#primaryimage","url":"https:\/\/mihalylillahenrietta.keriweb.hu\/wp-content\/uploads\/2025\/10\/Nevtelen-terv-21.png","contentUrl":"https:\/\/mihalylillahenrietta.keriweb.hu\/wp-content\/uploads\/2025\/10\/Nevtelen-terv-21.png","width":400,"height":629},{"@type":"BreadcrumbList","@id":"https:\/\/mihalylillahenrietta.keriweb.hu\/termek\/radnoti-miklos-valogatott-versei\/#breadcrumb","itemListElement":[{"@type":"ListItem","position":1,"name":"Kezd\u0151lap","item":"https:\/\/mihalylillahenrietta.keriweb.hu\/"},{"@type":"ListItem","position":2,"name":"Shop","item":"https:\/\/mihalylillahenrietta.keriweb.hu\/"},{"@type":"ListItem","position":3,"name":"Radn\u00f3ti Mikl\u00f3s v\u00e1logatott versei"}]},{"@type":"WebSite","@id":"https:\/\/mihalylillahenrietta.keriweb.hu\/#website","url":"https:\/\/mihalylillahenrietta.keriweb.hu\/","name":"l\u2019art Lilla","description":"ez egy TANUL\u00d3I, TESZT web\u00e1ruh\u00e1z :)","potentialAction":[{"@type":"SearchAction","target":{"@type":"EntryPoint","urlTemplate":"https:\/\/mihalylillahenrietta.keriweb.hu\/?s={search_term_string}"},"query-input":{"@type":"PropertyValueSpecification","valueRequired":true,"valueName":"search_term_string"}}],"inLanguage":"en-GB"}]}},"_links":{"self":[{"href":"https:\/\/mihalylillahenrietta.keriweb.hu\/en\/wp-json\/wp\/v2\/product\/89","targetHints":{"allow":["GET"]}}],"collection":[{"href":"https:\/\/mihalylillahenrietta.keriweb.hu\/en\/wp-json\/wp\/v2\/product"}],"about":[{"href":"https:\/\/mihalylillahenrietta.keriweb.hu\/en\/wp-json\/wp\/v2\/types\/product"}],"replies":[{"embeddable":true,"href":"https:\/\/mihalylillahenrietta.keriweb.hu\/en\/wp-json\/wp\/v2\/comments?post=89"}],"wp:featuredmedia":[{"embeddable":true,"href":"https:\/\/mihalylillahenrietta.keriweb.hu\/en\/wp-json\/wp\/v2\/media\/319"}],"wp:attachment":[{"href":"https:\/\/mihalylillahenrietta.keriweb.hu\/en\/wp-json\/wp\/v2\/media?parent=89"}],"wp:term":[{"taxonomy":"product_brand","embeddable":true,"href":"https:\/\/mihalylillahenrietta.keriweb.hu\/en\/wp-json\/wp\/v2\/product_brand?post=89"},{"taxonomy":"product_cat","embeddable":true,"href":"https:\/\/mihalylillahenrietta.keriweb.hu\/en\/wp-json\/wp\/v2\/product_cat?post=89"},{"taxonomy":"product_tag","embeddable":true,"href":"https:\/\/mihalylillahenrietta.keriweb.hu\/en\/wp-json\/wp\/v2\/product_tag?post=89"}],"curies":[{"name":"wp","href":"https:\/\/api.w.org\/{rel}","templated":true}]}}