{"id":83,"date":"2025-10-21T16:04:33","date_gmt":"2025-10-21T16:04:33","guid":{"rendered":"https:\/\/mihalylillahenrietta.keriweb.hu\/?post_type=product&#038;p=83"},"modified":"2026-03-23T20:31:10","modified_gmt":"2026-03-23T20:31:10","slug":"arany-janos-balladai","status":"publish","type":"product","link":"https:\/\/mihalylillahenrietta.keriweb.hu\/en\/product\/arany-janos-balladai\/","title":{"rendered":"Ballads by J\u00e1nos Arany"},"content":{"rendered":"<p><span style=\"font-family: 'times new roman', times, serif;\">Ballads by J\u00e1nos Arany is one of the finest collections in Hungarian poetry, intertwining tragedy, the depths of the human soul, and the power of historical memory. Its most notable works\u2014such as V. L\u00e1szl\u00f3, The Two Pages of Szondi, and The Bards of Wales\u2014explore timeless themes of human fate, sin and punishment, as well as loyalty and honor.<\/span><\/p>\n<p><span style=\"font-family: 'times new roman', times, serif;\">It is an ideal choice for study purposes, for students preparing for exams, or simply for those who enjoy classic Hungarian poetry. Arany\u2019s masterful language and dramatic conciseness shine in their finest form in this collection.<\/span><\/p>","protected":false},"excerpt":{"rendered":"<p><span style=\"font-family: 'times new roman', times, serif;\">M\u0171faj: L\u00edrai k\u00f6lt\u00e9szet \u2013 ballad\u00e1k<\/span><br data-start=\"991\" data-end=\"994\" \/><span style=\"font-family: 'times new roman', times, serif;\">Szerz\u0151: Arany J\u00e1nos<\/span><br data-start=\"1020\" data-end=\"1023\" \/><span style=\"font-family: 'times new roman', times, serif;\">Kiad\u00f3: Talentum<\/span><br data-start=\"1051\" data-end=\"1054\" \/><span style=\"font-family: 'times new roman', times, serif;\">T\u00e9m\u00e1k: b\u0171n \u00e9s b\u0171nh\u0151d\u00e9s, h\u0171s\u00e9g, becs\u00fclet, t\u00f6rt\u00e9nelem, emberi sors<\/span><\/p>","protected":false},"featured_media":304,"comment_status":"open","ping_status":"closed","template":"","meta":[],"product_brand":[],"product_cat":[20],"product_tag":[24,16,17],"class_list":{"0":"post-83","1":"product","2":"type-product","3":"status-publish","4":"has-post-thumbnail","6":"product_cat-magyar-irodalom","7":"product_tag-arany-janos","8":"product_tag-irodalom","9":"product_tag-oktatas","11":"first","12":"instock","13":"taxable","14":"shipping-taxable","15":"purchasable","16":"product-type-simple"},"yoast_head":"<!-- This site is optimized with the Yoast SEO plugin v27.2 - https:\/\/yoast.com\/product\/yoast-seo-wordpress\/ -->\n<title>Arany J\u00e1nos ballad\u00e1i - l\u2019art Lilla<\/title>\n<meta name=\"description\" content=\"Arany J\u00e1nos ballad\u00e1i a tragikus sorsokat, b\u0171nt \u00e9s b\u0171nh\u0151d\u00e9st bemutat\u00f3, t\u00f6m\u00f6r \u00e9s dr\u00e1mai hangulat\u00fa m\u0171vek. A n\u00e9pi hagyom\u00e1nyokat \u00e9s l\u00e9lektani m\u00e9lys\u00e9get \u00f6tv\u00f6zve Arany mesterm\u0171vei a magyar romantika legkiemelked\u0151bb alkot\u00e1sai k\u00f6z\u00e9 tartoznak.\" \/>\n<meta name=\"robots\" content=\"index, follow, max-snippet:-1, max-image-preview:large, max-video-preview:-1\" \/>\n<link rel=\"canonical\" href=\"https:\/\/mihalylillahenrietta.keriweb.hu\/en\/product\/arany-janos-balladai\/\" \/>\n<meta property=\"og:locale\" content=\"en_GB\" \/>\n<meta property=\"og:type\" content=\"article\" \/>\n<meta property=\"og:title\" content=\"Arany J\u00e1nos ballad\u00e1i - l\u2019art Lilla\" \/>\n<meta property=\"og:description\" content=\"Arany J\u00e1nos ballad\u00e1i a tragikus sorsokat, b\u0171nt \u00e9s b\u0171nh\u0151d\u00e9st bemutat\u00f3, t\u00f6m\u00f6r \u00e9s dr\u00e1mai hangulat\u00fa m\u0171vek. A n\u00e9pi hagyom\u00e1nyokat \u00e9s l\u00e9lektani m\u00e9lys\u00e9get \u00f6tv\u00f6zve Arany mesterm\u0171vei a magyar romantika legkiemelked\u0151bb alkot\u00e1sai k\u00f6z\u00e9 tartoznak.\" \/>\n<meta property=\"og:url\" content=\"https:\/\/mihalylillahenrietta.keriweb.hu\/en\/product\/arany-janos-balladai\/\" \/>\n<meta property=\"og:site_name\" content=\"l\u2019art Lilla\" \/>\n<meta property=\"article:modified_time\" content=\"2026-03-23T20:31:10+00:00\" \/>\n<meta property=\"og:image\" content=\"https:\/\/mihalylillahenrietta.keriweb.hu\/wp-content\/uploads\/2025\/10\/Nevtelen-terv-11.png\" \/>\n\t<meta property=\"og:image:width\" content=\"400\" \/>\n\t<meta property=\"og:image:height\" content=\"629\" \/>\n\t<meta property=\"og:image:type\" content=\"image\/png\" \/>\n<meta name=\"twitter:card\" content=\"summary_large_image\" \/>\n<meta name=\"twitter:label1\" content=\"Estimated reading time\" \/>\n\t<meta name=\"twitter:data1\" content=\"1 minute\" \/>\n<script type=\"application\/ld+json\" class=\"yoast-schema-graph\">{\"@context\":\"https:\/\/schema.org\",\"@graph\":[{\"@type\":\"WebPage\",\"@id\":\"https:\/\/mihalylillahenrietta.keriweb.hu\/termek\/arany-janos-balladai\/\",\"url\":\"https:\/\/mihalylillahenrietta.keriweb.hu\/termek\/arany-janos-balladai\/\",\"name\":\"Arany J\u00e1nos ballad\u00e1i - l\u2019art Lilla\",\"isPartOf\":{\"@id\":\"https:\/\/mihalylillahenrietta.keriweb.hu\/#website\"},\"primaryImageOfPage\":{\"@id\":\"https:\/\/mihalylillahenrietta.keriweb.hu\/termek\/arany-janos-balladai\/#primaryimage\"},\"image\":{\"@id\":\"https:\/\/mihalylillahenrietta.keriweb.hu\/termek\/arany-janos-balladai\/#primaryimage\"},\"thumbnailUrl\":\"https:\/\/mihalylillahenrietta.keriweb.hu\/wp-content\/uploads\/2025\/10\/Nevtelen-terv-11.png\",\"datePublished\":\"2025-10-21T16:04:33+00:00\",\"dateModified\":\"2026-03-23T20:31:10+00:00\",\"description\":\"Arany J\u00e1nos ballad\u00e1i a tragikus sorsokat, b\u0171nt \u00e9s b\u0171nh\u0151d\u00e9st bemutat\u00f3, t\u00f6m\u00f6r \u00e9s dr\u00e1mai hangulat\u00fa m\u0171vek. A n\u00e9pi hagyom\u00e1nyokat \u00e9s l\u00e9lektani m\u00e9lys\u00e9get \u00f6tv\u00f6zve Arany mesterm\u0171vei a magyar romantika legkiemelked\u0151bb alkot\u00e1sai k\u00f6z\u00e9 tartoznak.\",\"breadcrumb\":{\"@id\":\"https:\/\/mihalylillahenrietta.keriweb.hu\/termek\/arany-janos-balladai\/#breadcrumb\"},\"inLanguage\":\"en-GB\",\"potentialAction\":[{\"@type\":\"ReadAction\",\"target\":[\"https:\/\/mihalylillahenrietta.keriweb.hu\/termek\/arany-janos-balladai\/\"]}]},{\"@type\":\"ImageObject\",\"inLanguage\":\"en-GB\",\"@id\":\"https:\/\/mihalylillahenrietta.keriweb.hu\/termek\/arany-janos-balladai\/#primaryimage\",\"url\":\"https:\/\/mihalylillahenrietta.keriweb.hu\/wp-content\/uploads\/2025\/10\/Nevtelen-terv-11.png\",\"contentUrl\":\"https:\/\/mihalylillahenrietta.keriweb.hu\/wp-content\/uploads\/2025\/10\/Nevtelen-terv-11.png\",\"width\":400,\"height\":629},{\"@type\":\"BreadcrumbList\",\"@id\":\"https:\/\/mihalylillahenrietta.keriweb.hu\/termek\/arany-janos-balladai\/#breadcrumb\",\"itemListElement\":[{\"@type\":\"ListItem\",\"position\":1,\"name\":\"Kezd\u0151lap\",\"item\":\"https:\/\/mihalylillahenrietta.keriweb.hu\/\"},{\"@type\":\"ListItem\",\"position\":2,\"name\":\"Shop\",\"item\":\"https:\/\/mihalylillahenrietta.keriweb.hu\/\"},{\"@type\":\"ListItem\",\"position\":3,\"name\":\"Arany J\u00e1nos ballad\u00e1i\"}]},{\"@type\":\"WebSite\",\"@id\":\"https:\/\/mihalylillahenrietta.keriweb.hu\/#website\",\"url\":\"https:\/\/mihalylillahenrietta.keriweb.hu\/\",\"name\":\"l\u2019art Lilla\",\"description\":\"ez egy TANUL\u00d3I, TESZT web\u00e1ruh\u00e1z :)\",\"potentialAction\":[{\"@type\":\"SearchAction\",\"target\":{\"@type\":\"EntryPoint\",\"urlTemplate\":\"https:\/\/mihalylillahenrietta.keriweb.hu\/?s={search_term_string}\"},\"query-input\":{\"@type\":\"PropertyValueSpecification\",\"valueRequired\":true,\"valueName\":\"search_term_string\"}}],\"inLanguage\":\"en-GB\"}]}<\/script>\n<!-- \/ Yoast SEO plugin. -->","yoast_head_json":{"title":"Arany J\u00e1nos ballad\u00e1i - l\u2019art Lilla","description":"Arany J\u00e1nos ballad\u00e1i a tragikus sorsokat, b\u0171nt \u00e9s b\u0171nh\u0151d\u00e9st bemutat\u00f3, t\u00f6m\u00f6r \u00e9s dr\u00e1mai hangulat\u00fa m\u0171vek. A n\u00e9pi hagyom\u00e1nyokat \u00e9s l\u00e9lektani m\u00e9lys\u00e9get \u00f6tv\u00f6zve Arany mesterm\u0171vei a magyar romantika legkiemelked\u0151bb alkot\u00e1sai k\u00f6z\u00e9 tartoznak.","robots":{"index":"index","follow":"follow","max-snippet":"max-snippet:-1","max-image-preview":"max-image-preview:large","max-video-preview":"max-video-preview:-1"},"canonical":"https:\/\/mihalylillahenrietta.keriweb.hu\/en\/product\/arany-janos-balladai\/","og_locale":"en_GB","og_type":"article","og_title":"Arany J\u00e1nos ballad\u00e1i - l\u2019art Lilla","og_description":"Arany J\u00e1nos ballad\u00e1i a tragikus sorsokat, b\u0171nt \u00e9s b\u0171nh\u0151d\u00e9st bemutat\u00f3, t\u00f6m\u00f6r \u00e9s dr\u00e1mai hangulat\u00fa m\u0171vek. A n\u00e9pi hagyom\u00e1nyokat \u00e9s l\u00e9lektani m\u00e9lys\u00e9get \u00f6tv\u00f6zve Arany mesterm\u0171vei a magyar romantika legkiemelked\u0151bb alkot\u00e1sai k\u00f6z\u00e9 tartoznak.","og_url":"https:\/\/mihalylillahenrietta.keriweb.hu\/en\/product\/arany-janos-balladai\/","og_site_name":"l\u2019art Lilla","article_modified_time":"2026-03-23T20:31:10+00:00","og_image":[{"width":400,"height":629,"url":"https:\/\/mihalylillahenrietta.keriweb.hu\/wp-content\/uploads\/2025\/10\/Nevtelen-terv-11.png","type":"image\/png"}],"twitter_card":"summary_large_image","twitter_misc":{"Estimated reading time":"1 minute"},"schema":{"@context":"https:\/\/schema.org","@graph":[{"@type":"WebPage","@id":"https:\/\/mihalylillahenrietta.keriweb.hu\/termek\/arany-janos-balladai\/","url":"https:\/\/mihalylillahenrietta.keriweb.hu\/termek\/arany-janos-balladai\/","name":"Arany J\u00e1nos ballad\u00e1i - l\u2019art Lilla","isPartOf":{"@id":"https:\/\/mihalylillahenrietta.keriweb.hu\/#website"},"primaryImageOfPage":{"@id":"https:\/\/mihalylillahenrietta.keriweb.hu\/termek\/arany-janos-balladai\/#primaryimage"},"image":{"@id":"https:\/\/mihalylillahenrietta.keriweb.hu\/termek\/arany-janos-balladai\/#primaryimage"},"thumbnailUrl":"https:\/\/mihalylillahenrietta.keriweb.hu\/wp-content\/uploads\/2025\/10\/Nevtelen-terv-11.png","datePublished":"2025-10-21T16:04:33+00:00","dateModified":"2026-03-23T20:31:10+00:00","description":"Arany J\u00e1nos ballad\u00e1i a tragikus sorsokat, b\u0171nt \u00e9s b\u0171nh\u0151d\u00e9st bemutat\u00f3, t\u00f6m\u00f6r \u00e9s dr\u00e1mai hangulat\u00fa m\u0171vek. A n\u00e9pi hagyom\u00e1nyokat \u00e9s l\u00e9lektani m\u00e9lys\u00e9get \u00f6tv\u00f6zve Arany mesterm\u0171vei a magyar romantika legkiemelked\u0151bb alkot\u00e1sai k\u00f6z\u00e9 tartoznak.","breadcrumb":{"@id":"https:\/\/mihalylillahenrietta.keriweb.hu\/termek\/arany-janos-balladai\/#breadcrumb"},"inLanguage":"en-GB","potentialAction":[{"@type":"ReadAction","target":["https:\/\/mihalylillahenrietta.keriweb.hu\/termek\/arany-janos-balladai\/"]}]},{"@type":"ImageObject","inLanguage":"en-GB","@id":"https:\/\/mihalylillahenrietta.keriweb.hu\/termek\/arany-janos-balladai\/#primaryimage","url":"https:\/\/mihalylillahenrietta.keriweb.hu\/wp-content\/uploads\/2025\/10\/Nevtelen-terv-11.png","contentUrl":"https:\/\/mihalylillahenrietta.keriweb.hu\/wp-content\/uploads\/2025\/10\/Nevtelen-terv-11.png","width":400,"height":629},{"@type":"BreadcrumbList","@id":"https:\/\/mihalylillahenrietta.keriweb.hu\/termek\/arany-janos-balladai\/#breadcrumb","itemListElement":[{"@type":"ListItem","position":1,"name":"Kezd\u0151lap","item":"https:\/\/mihalylillahenrietta.keriweb.hu\/"},{"@type":"ListItem","position":2,"name":"Shop","item":"https:\/\/mihalylillahenrietta.keriweb.hu\/"},{"@type":"ListItem","position":3,"name":"Arany J\u00e1nos ballad\u00e1i"}]},{"@type":"WebSite","@id":"https:\/\/mihalylillahenrietta.keriweb.hu\/#website","url":"https:\/\/mihalylillahenrietta.keriweb.hu\/","name":"l\u2019art Lilla","description":"ez egy TANUL\u00d3I, TESZT web\u00e1ruh\u00e1z :)","potentialAction":[{"@type":"SearchAction","target":{"@type":"EntryPoint","urlTemplate":"https:\/\/mihalylillahenrietta.keriweb.hu\/?s={search_term_string}"},"query-input":{"@type":"PropertyValueSpecification","valueRequired":true,"valueName":"search_term_string"}}],"inLanguage":"en-GB"}]}},"_links":{"self":[{"href":"https:\/\/mihalylillahenrietta.keriweb.hu\/en\/wp-json\/wp\/v2\/product\/83","targetHints":{"allow":["GET"]}}],"collection":[{"href":"https:\/\/mihalylillahenrietta.keriweb.hu\/en\/wp-json\/wp\/v2\/product"}],"about":[{"href":"https:\/\/mihalylillahenrietta.keriweb.hu\/en\/wp-json\/wp\/v2\/types\/product"}],"replies":[{"embeddable":true,"href":"https:\/\/mihalylillahenrietta.keriweb.hu\/en\/wp-json\/wp\/v2\/comments?post=83"}],"wp:featuredmedia":[{"embeddable":true,"href":"https:\/\/mihalylillahenrietta.keriweb.hu\/en\/wp-json\/wp\/v2\/media\/304"}],"wp:attachment":[{"href":"https:\/\/mihalylillahenrietta.keriweb.hu\/en\/wp-json\/wp\/v2\/media?parent=83"}],"wp:term":[{"taxonomy":"product_brand","embeddable":true,"href":"https:\/\/mihalylillahenrietta.keriweb.hu\/en\/wp-json\/wp\/v2\/product_brand?post=83"},{"taxonomy":"product_cat","embeddable":true,"href":"https:\/\/mihalylillahenrietta.keriweb.hu\/en\/wp-json\/wp\/v2\/product_cat?post=83"},{"taxonomy":"product_tag","embeddable":true,"href":"https:\/\/mihalylillahenrietta.keriweb.hu\/en\/wp-json\/wp\/v2\/product_tag?post=83"}],"curies":[{"name":"wp","href":"https:\/\/api.w.org\/{rel}","templated":true}]}}