{"id":80,"date":"2025-10-21T15:55:08","date_gmt":"2025-10-21T15:55:08","guid":{"rendered":"https:\/\/mihalylillahenrietta.keriweb.hu\/?post_type=product&#038;p=80"},"modified":"2026-03-23T20:55:08","modified_gmt":"2026-03-23T20:55:08","slug":"a-koszivu-ember-fiai","status":"publish","type":"product","link":"https:\/\/mihalylillahenrietta.keriweb.hu\/en\/product\/a-koszivu-ember-fiai\/","title":{"rendered":"Eclipse \u200bof the Crescent Moon"},"content":{"rendered":"<p data-start=\"188\" data-end=\"584\"><span style=\"font-family: 'times new roman', times, serif;\">G\u00e9za G\u00e1rdonyi\u2019s historical novel Eclipse of the Crescent Moon is one of the greatest classics of Hungarian literature. The novel depicts the defense of Eger Castle in 1552 and the era of Ottoman conquest, focusing on the castle captain, Istv\u00e1n Dob\u00f3, and the brave defenders. The story portrays heroism, patriotism, and human perseverance, while intertwining exciting love plots and dramatic twists.<\/span><\/p>\n<p data-start=\"586\" data-end=\"860\"><span style=\"font-family: 'times new roman', times, serif;\">Eclipse of the Crescent Moon brings the events of the 16th century to life with its rich historical background, vivid characters, and dynamic style. The novel is an ideal choice for anyone who enjoys historical fiction, dramas about patriotism, and classic Hungarian literature.<\/span><\/p>","protected":false},"excerpt":{"rendered":"<p><span style=\"font-family: 'times new roman', times, serif;\">M\u0171faj: T\u00f6rt\u00e9nelmi reg\u00e9ny\u00a0<\/span><br data-start=\"972\" data-end=\"975\" \/><span style=\"font-family: 'times new roman', times, serif;\">Szerz\u0151: G\u00e1rdonyi G\u00e9za<\/span><br data-start=\"999\" data-end=\"1002\" \/><span style=\"font-family: 'times new roman', times, serif;\">Kiad\u00f3: Talentum\u00a0<\/span><br data-start=\"1029\" data-end=\"1032\" \/><span style=\"font-family: 'times new roman', times, serif;\">T\u00e9m\u00e1k: h\u0151siess\u00e9g, szerelem, hazaszeretet, t\u00f6rt\u00e9nelem<\/span><\/p>","protected":false},"featured_media":314,"comment_status":"open","ping_status":"closed","template":"","meta":[],"product_brand":[],"product_cat":[20],"product_tag":[30,16,17],"class_list":{"0":"post-80","1":"product","2":"type-product","3":"status-publish","4":"has-post-thumbnail","6":"product_cat-magyar-irodalom","7":"product_tag-gardonyi-geza","8":"product_tag-irodalom","9":"product_tag-oktatas","11":"first","12":"instock","13":"taxable","14":"shipping-taxable","15":"purchasable","16":"product-type-simple"},"yoast_head":"<!-- This site is optimized with the Yoast SEO plugin v27.2 - https:\/\/yoast.com\/product\/yoast-seo-wordpress\/ -->\n<title>Egri csillagok - l\u2019art Lilla<\/title>\n<meta name=\"description\" content=\"G\u00e1rdonyi G\u00e9za t\u00f6rt\u00e9nelmi reg\u00e9nye a magyar h\u0151sies helyt\u00e1ll\u00e1s \u00e9s haz\u00e1\u00e9rt val\u00f3 \u00f6nfel\u00e1ldoz\u00e1s jelk\u00e9pe. A m\u0171 az 1552-es egri v\u00e1rv\u00e9delem esem\u00e9nyeit mes\u00e9li el, ahol Dob\u00f3 Istv\u00e1n \u00e9s t\u00e1rsai b\u00e1tors\u00e1ga \u00f6r\u00f6k p\u00e9ld\u00e1v\u00e1 v\u00e1lt.\" \/>\n<meta name=\"robots\" content=\"index, follow, max-snippet:-1, max-image-preview:large, max-video-preview:-1\" \/>\n<link rel=\"canonical\" href=\"https:\/\/mihalylillahenrietta.keriweb.hu\/en\/product\/a-koszivu-ember-fiai\/\" \/>\n<meta property=\"og:locale\" content=\"en_GB\" \/>\n<meta property=\"og:type\" content=\"article\" \/>\n<meta property=\"og:title\" content=\"Egri csillagok - l\u2019art Lilla\" \/>\n<meta property=\"og:description\" content=\"G\u00e1rdonyi G\u00e9za t\u00f6rt\u00e9nelmi reg\u00e9nye a magyar h\u0151sies helyt\u00e1ll\u00e1s \u00e9s haz\u00e1\u00e9rt val\u00f3 \u00f6nfel\u00e1ldoz\u00e1s jelk\u00e9pe. A m\u0171 az 1552-es egri v\u00e1rv\u00e9delem esem\u00e9nyeit mes\u00e9li el, ahol Dob\u00f3 Istv\u00e1n \u00e9s t\u00e1rsai b\u00e1tors\u00e1ga \u00f6r\u00f6k p\u00e9ld\u00e1v\u00e1 v\u00e1lt.\" \/>\n<meta property=\"og:url\" content=\"https:\/\/mihalylillahenrietta.keriweb.hu\/en\/product\/a-koszivu-ember-fiai\/\" \/>\n<meta property=\"og:site_name\" content=\"l\u2019art Lilla\" \/>\n<meta property=\"article:modified_time\" content=\"2026-03-23T20:55:08+00:00\" \/>\n<meta property=\"og:image\" content=\"https:\/\/mihalylillahenrietta.keriweb.hu\/wp-content\/uploads\/2025\/10\/Nevtelen-terv-17.png\" \/>\n\t<meta property=\"og:image:width\" content=\"400\" \/>\n\t<meta property=\"og:image:height\" content=\"629\" \/>\n\t<meta property=\"og:image:type\" content=\"image\/png\" \/>\n<meta name=\"twitter:card\" content=\"summary_large_image\" \/>\n<meta name=\"twitter:label1\" content=\"Estimated reading time\" \/>\n\t<meta name=\"twitter:data1\" content=\"1 minute\" \/>\n<script type=\"application\/ld+json\" class=\"yoast-schema-graph\">{\"@context\":\"https:\/\/schema.org\",\"@graph\":[{\"@type\":\"WebPage\",\"@id\":\"https:\/\/mihalylillahenrietta.keriweb.hu\/termek\/a-koszivu-ember-fiai\/\",\"url\":\"https:\/\/mihalylillahenrietta.keriweb.hu\/termek\/a-koszivu-ember-fiai\/\",\"name\":\"Egri csillagok - l\u2019art Lilla\",\"isPartOf\":{\"@id\":\"https:\/\/mihalylillahenrietta.keriweb.hu\/#website\"},\"primaryImageOfPage\":{\"@id\":\"https:\/\/mihalylillahenrietta.keriweb.hu\/termek\/a-koszivu-ember-fiai\/#primaryimage\"},\"image\":{\"@id\":\"https:\/\/mihalylillahenrietta.keriweb.hu\/termek\/a-koszivu-ember-fiai\/#primaryimage\"},\"thumbnailUrl\":\"https:\/\/mihalylillahenrietta.keriweb.hu\/wp-content\/uploads\/2025\/10\/Nevtelen-terv-17.png\",\"datePublished\":\"2025-10-21T15:55:08+00:00\",\"dateModified\":\"2026-03-23T20:55:08+00:00\",\"description\":\"G\u00e1rdonyi G\u00e9za t\u00f6rt\u00e9nelmi reg\u00e9nye a magyar h\u0151sies helyt\u00e1ll\u00e1s \u00e9s haz\u00e1\u00e9rt val\u00f3 \u00f6nfel\u00e1ldoz\u00e1s jelk\u00e9pe. A m\u0171 az 1552-es egri v\u00e1rv\u00e9delem esem\u00e9nyeit mes\u00e9li el, ahol Dob\u00f3 Istv\u00e1n \u00e9s t\u00e1rsai b\u00e1tors\u00e1ga \u00f6r\u00f6k p\u00e9ld\u00e1v\u00e1 v\u00e1lt.\",\"breadcrumb\":{\"@id\":\"https:\/\/mihalylillahenrietta.keriweb.hu\/termek\/a-koszivu-ember-fiai\/#breadcrumb\"},\"inLanguage\":\"en-GB\",\"potentialAction\":[{\"@type\":\"ReadAction\",\"target\":[\"https:\/\/mihalylillahenrietta.keriweb.hu\/termek\/a-koszivu-ember-fiai\/\"]}]},{\"@type\":\"ImageObject\",\"inLanguage\":\"en-GB\",\"@id\":\"https:\/\/mihalylillahenrietta.keriweb.hu\/termek\/a-koszivu-ember-fiai\/#primaryimage\",\"url\":\"https:\/\/mihalylillahenrietta.keriweb.hu\/wp-content\/uploads\/2025\/10\/Nevtelen-terv-17.png\",\"contentUrl\":\"https:\/\/mihalylillahenrietta.keriweb.hu\/wp-content\/uploads\/2025\/10\/Nevtelen-terv-17.png\",\"width\":400,\"height\":629},{\"@type\":\"BreadcrumbList\",\"@id\":\"https:\/\/mihalylillahenrietta.keriweb.hu\/termek\/a-koszivu-ember-fiai\/#breadcrumb\",\"itemListElement\":[{\"@type\":\"ListItem\",\"position\":1,\"name\":\"Kezd\u0151lap\",\"item\":\"https:\/\/mihalylillahenrietta.keriweb.hu\/\"},{\"@type\":\"ListItem\",\"position\":2,\"name\":\"Shop\",\"item\":\"https:\/\/mihalylillahenrietta.keriweb.hu\/\"},{\"@type\":\"ListItem\",\"position\":3,\"name\":\"Egri csillagok\"}]},{\"@type\":\"WebSite\",\"@id\":\"https:\/\/mihalylillahenrietta.keriweb.hu\/#website\",\"url\":\"https:\/\/mihalylillahenrietta.keriweb.hu\/\",\"name\":\"l\u2019art Lilla\",\"description\":\"ez egy TANUL\u00d3I, TESZT web\u00e1ruh\u00e1z :)\",\"potentialAction\":[{\"@type\":\"SearchAction\",\"target\":{\"@type\":\"EntryPoint\",\"urlTemplate\":\"https:\/\/mihalylillahenrietta.keriweb.hu\/?s={search_term_string}\"},\"query-input\":{\"@type\":\"PropertyValueSpecification\",\"valueRequired\":true,\"valueName\":\"search_term_string\"}}],\"inLanguage\":\"en-GB\"}]}<\/script>\n<!-- \/ Yoast SEO plugin. -->","yoast_head_json":{"title":"Egri csillagok - l\u2019art Lilla","description":"G\u00e1rdonyi G\u00e9za t\u00f6rt\u00e9nelmi reg\u00e9nye a magyar h\u0151sies helyt\u00e1ll\u00e1s \u00e9s haz\u00e1\u00e9rt val\u00f3 \u00f6nfel\u00e1ldoz\u00e1s jelk\u00e9pe. A m\u0171 az 1552-es egri v\u00e1rv\u00e9delem esem\u00e9nyeit mes\u00e9li el, ahol Dob\u00f3 Istv\u00e1n \u00e9s t\u00e1rsai b\u00e1tors\u00e1ga \u00f6r\u00f6k p\u00e9ld\u00e1v\u00e1 v\u00e1lt.","robots":{"index":"index","follow":"follow","max-snippet":"max-snippet:-1","max-image-preview":"max-image-preview:large","max-video-preview":"max-video-preview:-1"},"canonical":"https:\/\/mihalylillahenrietta.keriweb.hu\/en\/product\/a-koszivu-ember-fiai\/","og_locale":"en_GB","og_type":"article","og_title":"Egri csillagok - l\u2019art Lilla","og_description":"G\u00e1rdonyi G\u00e9za t\u00f6rt\u00e9nelmi reg\u00e9nye a magyar h\u0151sies helyt\u00e1ll\u00e1s \u00e9s haz\u00e1\u00e9rt val\u00f3 \u00f6nfel\u00e1ldoz\u00e1s jelk\u00e9pe. A m\u0171 az 1552-es egri v\u00e1rv\u00e9delem esem\u00e9nyeit mes\u00e9li el, ahol Dob\u00f3 Istv\u00e1n \u00e9s t\u00e1rsai b\u00e1tors\u00e1ga \u00f6r\u00f6k p\u00e9ld\u00e1v\u00e1 v\u00e1lt.","og_url":"https:\/\/mihalylillahenrietta.keriweb.hu\/en\/product\/a-koszivu-ember-fiai\/","og_site_name":"l\u2019art Lilla","article_modified_time":"2026-03-23T20:55:08+00:00","og_image":[{"width":400,"height":629,"url":"https:\/\/mihalylillahenrietta.keriweb.hu\/wp-content\/uploads\/2025\/10\/Nevtelen-terv-17.png","type":"image\/png"}],"twitter_card":"summary_large_image","twitter_misc":{"Estimated reading time":"1 minute"},"schema":{"@context":"https:\/\/schema.org","@graph":[{"@type":"WebPage","@id":"https:\/\/mihalylillahenrietta.keriweb.hu\/termek\/a-koszivu-ember-fiai\/","url":"https:\/\/mihalylillahenrietta.keriweb.hu\/termek\/a-koszivu-ember-fiai\/","name":"Egri csillagok - l\u2019art Lilla","isPartOf":{"@id":"https:\/\/mihalylillahenrietta.keriweb.hu\/#website"},"primaryImageOfPage":{"@id":"https:\/\/mihalylillahenrietta.keriweb.hu\/termek\/a-koszivu-ember-fiai\/#primaryimage"},"image":{"@id":"https:\/\/mihalylillahenrietta.keriweb.hu\/termek\/a-koszivu-ember-fiai\/#primaryimage"},"thumbnailUrl":"https:\/\/mihalylillahenrietta.keriweb.hu\/wp-content\/uploads\/2025\/10\/Nevtelen-terv-17.png","datePublished":"2025-10-21T15:55:08+00:00","dateModified":"2026-03-23T20:55:08+00:00","description":"G\u00e1rdonyi G\u00e9za t\u00f6rt\u00e9nelmi reg\u00e9nye a magyar h\u0151sies helyt\u00e1ll\u00e1s \u00e9s haz\u00e1\u00e9rt val\u00f3 \u00f6nfel\u00e1ldoz\u00e1s jelk\u00e9pe. A m\u0171 az 1552-es egri v\u00e1rv\u00e9delem esem\u00e9nyeit mes\u00e9li el, ahol Dob\u00f3 Istv\u00e1n \u00e9s t\u00e1rsai b\u00e1tors\u00e1ga \u00f6r\u00f6k p\u00e9ld\u00e1v\u00e1 v\u00e1lt.","breadcrumb":{"@id":"https:\/\/mihalylillahenrietta.keriweb.hu\/termek\/a-koszivu-ember-fiai\/#breadcrumb"},"inLanguage":"en-GB","potentialAction":[{"@type":"ReadAction","target":["https:\/\/mihalylillahenrietta.keriweb.hu\/termek\/a-koszivu-ember-fiai\/"]}]},{"@type":"ImageObject","inLanguage":"en-GB","@id":"https:\/\/mihalylillahenrietta.keriweb.hu\/termek\/a-koszivu-ember-fiai\/#primaryimage","url":"https:\/\/mihalylillahenrietta.keriweb.hu\/wp-content\/uploads\/2025\/10\/Nevtelen-terv-17.png","contentUrl":"https:\/\/mihalylillahenrietta.keriweb.hu\/wp-content\/uploads\/2025\/10\/Nevtelen-terv-17.png","width":400,"height":629},{"@type":"BreadcrumbList","@id":"https:\/\/mihalylillahenrietta.keriweb.hu\/termek\/a-koszivu-ember-fiai\/#breadcrumb","itemListElement":[{"@type":"ListItem","position":1,"name":"Kezd\u0151lap","item":"https:\/\/mihalylillahenrietta.keriweb.hu\/"},{"@type":"ListItem","position":2,"name":"Shop","item":"https:\/\/mihalylillahenrietta.keriweb.hu\/"},{"@type":"ListItem","position":3,"name":"Egri csillagok"}]},{"@type":"WebSite","@id":"https:\/\/mihalylillahenrietta.keriweb.hu\/#website","url":"https:\/\/mihalylillahenrietta.keriweb.hu\/","name":"l\u2019art Lilla","description":"ez egy TANUL\u00d3I, TESZT web\u00e1ruh\u00e1z :)","potentialAction":[{"@type":"SearchAction","target":{"@type":"EntryPoint","urlTemplate":"https:\/\/mihalylillahenrietta.keriweb.hu\/?s={search_term_string}"},"query-input":{"@type":"PropertyValueSpecification","valueRequired":true,"valueName":"search_term_string"}}],"inLanguage":"en-GB"}]}},"_links":{"self":[{"href":"https:\/\/mihalylillahenrietta.keriweb.hu\/en\/wp-json\/wp\/v2\/product\/80","targetHints":{"allow":["GET"]}}],"collection":[{"href":"https:\/\/mihalylillahenrietta.keriweb.hu\/en\/wp-json\/wp\/v2\/product"}],"about":[{"href":"https:\/\/mihalylillahenrietta.keriweb.hu\/en\/wp-json\/wp\/v2\/types\/product"}],"replies":[{"embeddable":true,"href":"https:\/\/mihalylillahenrietta.keriweb.hu\/en\/wp-json\/wp\/v2\/comments?post=80"}],"wp:featuredmedia":[{"embeddable":true,"href":"https:\/\/mihalylillahenrietta.keriweb.hu\/en\/wp-json\/wp\/v2\/media\/314"}],"wp:attachment":[{"href":"https:\/\/mihalylillahenrietta.keriweb.hu\/en\/wp-json\/wp\/v2\/media?parent=80"}],"wp:term":[{"taxonomy":"product_brand","embeddable":true,"href":"https:\/\/mihalylillahenrietta.keriweb.hu\/en\/wp-json\/wp\/v2\/product_brand?post=80"},{"taxonomy":"product_cat","embeddable":true,"href":"https:\/\/mihalylillahenrietta.keriweb.hu\/en\/wp-json\/wp\/v2\/product_cat?post=80"},{"taxonomy":"product_tag","embeddable":true,"href":"https:\/\/mihalylillahenrietta.keriweb.hu\/en\/wp-json\/wp\/v2\/product_tag?post=80"}],"curies":[{"name":"wp","href":"https:\/\/api.w.org\/{rel}","templated":true}]}}