{"id":77,"date":"2025-10-21T15:48:10","date_gmt":"2025-10-21T15:48:10","guid":{"rendered":"https:\/\/mihalylillahenrietta.keriweb.hu\/?post_type=product&#038;p=77"},"modified":"2026-03-23T20:35:03","modified_gmt":"2026-03-23T20:35:03","slug":"az-arany-ember","status":"publish","type":"product","link":"https:\/\/mihalylillahenrietta.keriweb.hu\/en\/product\/az-arany-ember\/","title":{"rendered":"The Man with the Golden Touch"},"content":{"rendered":"<p data-start=\"201\" data-end=\"615\"><span style=\"font-family: 'times new roman', times, serif;\">M\u00f3r J\u00f3kai\u2019s classic, The Man with the Golden Touch, is one of the most beautiful and popular novels of Hungarian romantic literature. The story\u2019s protagonist, Mih\u00e1ly T\u00edm\u00e1r, rises from a simple ship steward to a wealthy and influential man after unexpectedly inheriting a vast fortune. Behind his outward success, however, lie inner struggles: the conflict between wealth and honor, societal expectations and inner peace shapes the course of his life.<\/span><\/p>\n<p data-start=\"617\" data-end=\"943\"><span style=\"font-family: 'times new roman', times, serif;\">The novel is at once an adventure story, a love story, and a moral drama. The idyllic world of Senki Island, the enchanting atmosphere of the Danube, and J\u00f3kai\u2019s captivating language together make Az arany ember a timeless favorite of Hungarian literature. It is an excellent choice for anyone who enjoys thought-provoking yet engaging classics.<\/span><\/p>","protected":false},"excerpt":{"rendered":"<p data-start=\"945\" data-end=\"1113\"><span style=\"font-family: 'times new roman', times, serif;\">M\u0171faj: Romantikus kalandreg\u00e9ny<\/span><br data-start=\"982\" data-end=\"985\" \/><span style=\"font-family: 'times new roman', times, serif;\">Szerz\u0151: J\u00f3kai M\u00f3r<\/span><br data-start=\"1009\" data-end=\"1012\" \/><span style=\"font-family: 'times new roman', times, serif;\">Kiad\u00f3: Talentum<\/span><br data-start=\"1039\" data-end=\"1042\" \/><span style=\"font-family: 'times new roman', times, serif;\">T\u00e9m\u00e1k: becs\u00fclet, gazdags\u00e1g, szerelem, kett\u0151s \u00e9let, bels\u0151 b\u00e9ke<\/span><\/p>","protected":false},"featured_media":305,"comment_status":"open","ping_status":"closed","template":"","meta":[],"product_brand":[],"product_cat":[20],"product_tag":[16,23,17],"class_list":{"0":"post-77","1":"product","2":"type-product","3":"status-publish","4":"has-post-thumbnail","6":"product_cat-magyar-irodalom","7":"product_tag-irodalom","8":"product_tag-jokai-mor","9":"product_tag-oktatas","11":"first","12":"instock","13":"taxable","14":"shipping-taxable","15":"purchasable","16":"product-type-simple"},"yoast_head":"<!-- This site is optimized with the Yoast SEO plugin v27.2 - https:\/\/yoast.com\/product\/yoast-seo-wordpress\/ -->\n<title>Az arany ember - l\u2019art Lilla<\/title>\n<meta name=\"description\" content=\"J\u00f3kai M\u00f3r reg\u00e9nye egy kett\u0151s \u00e9letet \u00e9l\u0151 f\u00e9rfi, T\u00edm\u00e1r Mih\u00e1ly t\u00f6rt\u00e9net\u00e9t mes\u00e9li el, aki a gazdags\u00e1g \u00e9s boldogs\u00e1g k\u00f6z\u00f6tt \u0151rl\u0151dik. A m\u0171 a szerelem, lelkiismeret \u00e9s \u00f6nazonoss\u00e1g k\u00e9rd\u00e9seit vizsg\u00e1lja.\" \/>\n<meta name=\"robots\" content=\"index, follow, max-snippet:-1, max-image-preview:large, max-video-preview:-1\" \/>\n<link rel=\"canonical\" href=\"https:\/\/mihalylillahenrietta.keriweb.hu\/en\/product\/az-arany-ember\/\" \/>\n<meta property=\"og:locale\" content=\"en_GB\" \/>\n<meta property=\"og:type\" content=\"article\" \/>\n<meta property=\"og:title\" content=\"Az arany ember - l\u2019art Lilla\" \/>\n<meta property=\"og:description\" content=\"J\u00f3kai M\u00f3r reg\u00e9nye egy kett\u0151s \u00e9letet \u00e9l\u0151 f\u00e9rfi, T\u00edm\u00e1r Mih\u00e1ly t\u00f6rt\u00e9net\u00e9t mes\u00e9li el, aki a gazdags\u00e1g \u00e9s boldogs\u00e1g k\u00f6z\u00f6tt \u0151rl\u0151dik. A m\u0171 a szerelem, lelkiismeret \u00e9s \u00f6nazonoss\u00e1g k\u00e9rd\u00e9seit vizsg\u00e1lja.\" \/>\n<meta property=\"og:url\" content=\"https:\/\/mihalylillahenrietta.keriweb.hu\/en\/product\/az-arany-ember\/\" \/>\n<meta property=\"og:site_name\" content=\"l\u2019art Lilla\" \/>\n<meta property=\"article:modified_time\" content=\"2026-03-23T20:35:03+00:00\" \/>\n<meta property=\"og:image\" content=\"https:\/\/mihalylillahenrietta.keriweb.hu\/wp-content\/uploads\/2025\/10\/Nevtelen-terv-12.png\" \/>\n\t<meta property=\"og:image:width\" content=\"400\" \/>\n\t<meta property=\"og:image:height\" content=\"629\" \/>\n\t<meta property=\"og:image:type\" content=\"image\/png\" \/>\n<meta name=\"twitter:card\" content=\"summary_large_image\" \/>\n<meta name=\"twitter:label1\" content=\"Estimated reading time\" \/>\n\t<meta name=\"twitter:data1\" content=\"1 minute\" \/>\n<script type=\"application\/ld+json\" class=\"yoast-schema-graph\">{\"@context\":\"https:\/\/schema.org\",\"@graph\":[{\"@type\":\"WebPage\",\"@id\":\"https:\/\/mihalylillahenrietta.keriweb.hu\/termek\/az-arany-ember\/\",\"url\":\"https:\/\/mihalylillahenrietta.keriweb.hu\/termek\/az-arany-ember\/\",\"name\":\"Az arany ember - l\u2019art Lilla\",\"isPartOf\":{\"@id\":\"https:\/\/mihalylillahenrietta.keriweb.hu\/#website\"},\"primaryImageOfPage\":{\"@id\":\"https:\/\/mihalylillahenrietta.keriweb.hu\/termek\/az-arany-ember\/#primaryimage\"},\"image\":{\"@id\":\"https:\/\/mihalylillahenrietta.keriweb.hu\/termek\/az-arany-ember\/#primaryimage\"},\"thumbnailUrl\":\"https:\/\/mihalylillahenrietta.keriweb.hu\/wp-content\/uploads\/2025\/10\/Nevtelen-terv-12.png\",\"datePublished\":\"2025-10-21T15:48:10+00:00\",\"dateModified\":\"2026-03-23T20:35:03+00:00\",\"description\":\"J\u00f3kai M\u00f3r reg\u00e9nye egy kett\u0151s \u00e9letet \u00e9l\u0151 f\u00e9rfi, T\u00edm\u00e1r Mih\u00e1ly t\u00f6rt\u00e9net\u00e9t mes\u00e9li el, aki a gazdags\u00e1g \u00e9s boldogs\u00e1g k\u00f6z\u00f6tt \u0151rl\u0151dik. A m\u0171 a szerelem, lelkiismeret \u00e9s \u00f6nazonoss\u00e1g k\u00e9rd\u00e9seit vizsg\u00e1lja.\",\"breadcrumb\":{\"@id\":\"https:\/\/mihalylillahenrietta.keriweb.hu\/termek\/az-arany-ember\/#breadcrumb\"},\"inLanguage\":\"en-GB\",\"potentialAction\":[{\"@type\":\"ReadAction\",\"target\":[\"https:\/\/mihalylillahenrietta.keriweb.hu\/termek\/az-arany-ember\/\"]}]},{\"@type\":\"ImageObject\",\"inLanguage\":\"en-GB\",\"@id\":\"https:\/\/mihalylillahenrietta.keriweb.hu\/termek\/az-arany-ember\/#primaryimage\",\"url\":\"https:\/\/mihalylillahenrietta.keriweb.hu\/wp-content\/uploads\/2025\/10\/Nevtelen-terv-12.png\",\"contentUrl\":\"https:\/\/mihalylillahenrietta.keriweb.hu\/wp-content\/uploads\/2025\/10\/Nevtelen-terv-12.png\",\"width\":400,\"height\":629},{\"@type\":\"BreadcrumbList\",\"@id\":\"https:\/\/mihalylillahenrietta.keriweb.hu\/termek\/az-arany-ember\/#breadcrumb\",\"itemListElement\":[{\"@type\":\"ListItem\",\"position\":1,\"name\":\"Kezd\u0151lap\",\"item\":\"https:\/\/mihalylillahenrietta.keriweb.hu\/\"},{\"@type\":\"ListItem\",\"position\":2,\"name\":\"Shop\",\"item\":\"https:\/\/mihalylillahenrietta.keriweb.hu\/\"},{\"@type\":\"ListItem\",\"position\":3,\"name\":\"Az arany ember\"}]},{\"@type\":\"WebSite\",\"@id\":\"https:\/\/mihalylillahenrietta.keriweb.hu\/#website\",\"url\":\"https:\/\/mihalylillahenrietta.keriweb.hu\/\",\"name\":\"l\u2019art Lilla\",\"description\":\"ez egy TANUL\u00d3I, TESZT web\u00e1ruh\u00e1z :)\",\"potentialAction\":[{\"@type\":\"SearchAction\",\"target\":{\"@type\":\"EntryPoint\",\"urlTemplate\":\"https:\/\/mihalylillahenrietta.keriweb.hu\/?s={search_term_string}\"},\"query-input\":{\"@type\":\"PropertyValueSpecification\",\"valueRequired\":true,\"valueName\":\"search_term_string\"}}],\"inLanguage\":\"en-GB\"}]}<\/script>\n<!-- \/ Yoast SEO plugin. -->","yoast_head_json":{"title":"Az arany ember - l\u2019art Lilla","description":"J\u00f3kai M\u00f3r reg\u00e9nye egy kett\u0151s \u00e9letet \u00e9l\u0151 f\u00e9rfi, T\u00edm\u00e1r Mih\u00e1ly t\u00f6rt\u00e9net\u00e9t mes\u00e9li el, aki a gazdags\u00e1g \u00e9s boldogs\u00e1g k\u00f6z\u00f6tt \u0151rl\u0151dik. A m\u0171 a szerelem, lelkiismeret \u00e9s \u00f6nazonoss\u00e1g k\u00e9rd\u00e9seit vizsg\u00e1lja.","robots":{"index":"index","follow":"follow","max-snippet":"max-snippet:-1","max-image-preview":"max-image-preview:large","max-video-preview":"max-video-preview:-1"},"canonical":"https:\/\/mihalylillahenrietta.keriweb.hu\/en\/product\/az-arany-ember\/","og_locale":"en_GB","og_type":"article","og_title":"Az arany ember - l\u2019art Lilla","og_description":"J\u00f3kai M\u00f3r reg\u00e9nye egy kett\u0151s \u00e9letet \u00e9l\u0151 f\u00e9rfi, T\u00edm\u00e1r Mih\u00e1ly t\u00f6rt\u00e9net\u00e9t mes\u00e9li el, aki a gazdags\u00e1g \u00e9s boldogs\u00e1g k\u00f6z\u00f6tt \u0151rl\u0151dik. A m\u0171 a szerelem, lelkiismeret \u00e9s \u00f6nazonoss\u00e1g k\u00e9rd\u00e9seit vizsg\u00e1lja.","og_url":"https:\/\/mihalylillahenrietta.keriweb.hu\/en\/product\/az-arany-ember\/","og_site_name":"l\u2019art Lilla","article_modified_time":"2026-03-23T20:35:03+00:00","og_image":[{"width":400,"height":629,"url":"https:\/\/mihalylillahenrietta.keriweb.hu\/wp-content\/uploads\/2025\/10\/Nevtelen-terv-12.png","type":"image\/png"}],"twitter_card":"summary_large_image","twitter_misc":{"Estimated reading time":"1 minute"},"schema":{"@context":"https:\/\/schema.org","@graph":[{"@type":"WebPage","@id":"https:\/\/mihalylillahenrietta.keriweb.hu\/termek\/az-arany-ember\/","url":"https:\/\/mihalylillahenrietta.keriweb.hu\/termek\/az-arany-ember\/","name":"Az arany ember - l\u2019art Lilla","isPartOf":{"@id":"https:\/\/mihalylillahenrietta.keriweb.hu\/#website"},"primaryImageOfPage":{"@id":"https:\/\/mihalylillahenrietta.keriweb.hu\/termek\/az-arany-ember\/#primaryimage"},"image":{"@id":"https:\/\/mihalylillahenrietta.keriweb.hu\/termek\/az-arany-ember\/#primaryimage"},"thumbnailUrl":"https:\/\/mihalylillahenrietta.keriweb.hu\/wp-content\/uploads\/2025\/10\/Nevtelen-terv-12.png","datePublished":"2025-10-21T15:48:10+00:00","dateModified":"2026-03-23T20:35:03+00:00","description":"J\u00f3kai M\u00f3r reg\u00e9nye egy kett\u0151s \u00e9letet \u00e9l\u0151 f\u00e9rfi, T\u00edm\u00e1r Mih\u00e1ly t\u00f6rt\u00e9net\u00e9t mes\u00e9li el, aki a gazdags\u00e1g \u00e9s boldogs\u00e1g k\u00f6z\u00f6tt \u0151rl\u0151dik. A m\u0171 a szerelem, lelkiismeret \u00e9s \u00f6nazonoss\u00e1g k\u00e9rd\u00e9seit vizsg\u00e1lja.","breadcrumb":{"@id":"https:\/\/mihalylillahenrietta.keriweb.hu\/termek\/az-arany-ember\/#breadcrumb"},"inLanguage":"en-GB","potentialAction":[{"@type":"ReadAction","target":["https:\/\/mihalylillahenrietta.keriweb.hu\/termek\/az-arany-ember\/"]}]},{"@type":"ImageObject","inLanguage":"en-GB","@id":"https:\/\/mihalylillahenrietta.keriweb.hu\/termek\/az-arany-ember\/#primaryimage","url":"https:\/\/mihalylillahenrietta.keriweb.hu\/wp-content\/uploads\/2025\/10\/Nevtelen-terv-12.png","contentUrl":"https:\/\/mihalylillahenrietta.keriweb.hu\/wp-content\/uploads\/2025\/10\/Nevtelen-terv-12.png","width":400,"height":629},{"@type":"BreadcrumbList","@id":"https:\/\/mihalylillahenrietta.keriweb.hu\/termek\/az-arany-ember\/#breadcrumb","itemListElement":[{"@type":"ListItem","position":1,"name":"Kezd\u0151lap","item":"https:\/\/mihalylillahenrietta.keriweb.hu\/"},{"@type":"ListItem","position":2,"name":"Shop","item":"https:\/\/mihalylillahenrietta.keriweb.hu\/"},{"@type":"ListItem","position":3,"name":"Az arany ember"}]},{"@type":"WebSite","@id":"https:\/\/mihalylillahenrietta.keriweb.hu\/#website","url":"https:\/\/mihalylillahenrietta.keriweb.hu\/","name":"l\u2019art Lilla","description":"ez egy TANUL\u00d3I, TESZT web\u00e1ruh\u00e1z :)","potentialAction":[{"@type":"SearchAction","target":{"@type":"EntryPoint","urlTemplate":"https:\/\/mihalylillahenrietta.keriweb.hu\/?s={search_term_string}"},"query-input":{"@type":"PropertyValueSpecification","valueRequired":true,"valueName":"search_term_string"}}],"inLanguage":"en-GB"}]}},"_links":{"self":[{"href":"https:\/\/mihalylillahenrietta.keriweb.hu\/en\/wp-json\/wp\/v2\/product\/77","targetHints":{"allow":["GET"]}}],"collection":[{"href":"https:\/\/mihalylillahenrietta.keriweb.hu\/en\/wp-json\/wp\/v2\/product"}],"about":[{"href":"https:\/\/mihalylillahenrietta.keriweb.hu\/en\/wp-json\/wp\/v2\/types\/product"}],"replies":[{"embeddable":true,"href":"https:\/\/mihalylillahenrietta.keriweb.hu\/en\/wp-json\/wp\/v2\/comments?post=77"}],"wp:featuredmedia":[{"embeddable":true,"href":"https:\/\/mihalylillahenrietta.keriweb.hu\/en\/wp-json\/wp\/v2\/media\/305"}],"wp:attachment":[{"href":"https:\/\/mihalylillahenrietta.keriweb.hu\/en\/wp-json\/wp\/v2\/media?parent=77"}],"wp:term":[{"taxonomy":"product_brand","embeddable":true,"href":"https:\/\/mihalylillahenrietta.keriweb.hu\/en\/wp-json\/wp\/v2\/product_brand?post=77"},{"taxonomy":"product_cat","embeddable":true,"href":"https:\/\/mihalylillahenrietta.keriweb.hu\/en\/wp-json\/wp\/v2\/product_cat?post=77"},{"taxonomy":"product_tag","embeddable":true,"href":"https:\/\/mihalylillahenrietta.keriweb.hu\/en\/wp-json\/wp\/v2\/product_tag?post=77"}],"curies":[{"name":"wp","href":"https:\/\/api.w.org\/{rel}","templated":true}]}}