{"id":72,"date":"2025-10-21T15:30:34","date_gmt":"2025-10-21T15:30:34","guid":{"rendered":"https:\/\/mihalylillahenrietta.keriweb.hu\/?post_type=product&#038;p=72"},"modified":"2026-03-23T20:43:23","modified_gmt":"2026-03-23T20:43:23","slug":"az-ember-tragediaja","status":"publish","type":"product","link":"https:\/\/mihalylillahenrietta.keriweb.hu\/en\/product\/az-ember-tragediaja\/","title":{"rendered":"The Tragedy of Man"},"content":{"rendered":"<p data-start=\"246\" data-end=\"664\"><span style=\"font-family: 'times new roman', times, serif;\">Imre Mad\u00e1ch\u2019s monumental dramatic poem, The Tragedy of Man, is one of the greatest works of Hungarian literature. Through the story of Adam and Eve, the work depicts humanity\u2019s eternal struggle between the desire for knowledge, faith, freedom, and the meaning of existence. In this stage journey from creation to the future, Lucifer accompanies Adam as he attempts to discover the meaning of life through various eras of human history.<\/span><\/p>\n<p data-start=\"666\" data-end=\"987\"><span style=\"font-family: 'times new roman', times, serif;\">Due to its philosophical depth, historical tableaux, and poetic language, The Tragedy of Man is not only required reading but also a timeless work that invites reflection. It is an ideal choice for anyone who appreciates profound ideas, classic Hungarian drama, and wishes to gain a deeper understanding of the struggles of human existence.<\/span><\/p>","protected":false},"excerpt":{"rendered":"<p data-start=\"989\" data-end=\"1154\"><span style=\"font-family: 'times new roman', times, serif;\">M\u0171faj: Dr\u00e1mai k\u00f6ltem\u00e9ny, emberis\u00e9g k\u00f6ltem\u00e9ny<\/span><br data-start=\"1019\" data-end=\"1022\" \/><span style=\"font-family: 'times new roman', times, serif;\">Szerz\u0151: Mad\u00e1ch Imre<\/span><br data-start=\"1048\" data-end=\"1051\" \/><span style=\"font-family: 'times new roman', times, serif;\">Kiad\u00f3: Talentum\u00a0<\/span><br data-start=\"1078\" data-end=\"1081\" \/><span style=\"font-family: 'times new roman', times, serif;\">T\u00e9m\u00e1k: teremt\u00e9s, hit, tud\u00e1s, emberi sors, t\u00f6rt\u00e9nelem, filoz\u00f3fia<\/span><\/p>","protected":false},"featured_media":309,"comment_status":"open","ping_status":"closed","template":"","meta":[],"product_brand":[],"product_cat":[20],"product_tag":[16,21,17],"class_list":{"0":"post-72","1":"product","2":"type-product","3":"status-publish","4":"has-post-thumbnail","6":"product_cat-magyar-irodalom","7":"product_tag-irodalom","8":"product_tag-madach-imre","9":"product_tag-oktatas","11":"first","12":"instock","13":"taxable","14":"shipping-taxable","15":"purchasable","16":"product-type-simple"},"yoast_head":"<!-- This site is optimized with the Yoast SEO plugin v27.2 - https:\/\/yoast.com\/product\/yoast-seo-wordpress\/ -->\n<title>Az ember trag\u00e9di\u00e1ja - l\u2019art Lilla<\/title>\n<meta name=\"description\" content=\"Mad\u00e1ch Imre monument\u00e1lis dr\u00e1mai k\u00f6ltem\u00e9nye, amely az emberis\u00e9g t\u00f6rt\u00e9net\u00e9n kereszt\u00fcl az \u00e9let \u00e9rtelm\u00e9t \u00e9s a halad\u00e1s \u00e9rt\u00e9k\u00e9t kutatja.\" \/>\n<meta name=\"robots\" content=\"index, follow, max-snippet:-1, max-image-preview:large, max-video-preview:-1\" \/>\n<link rel=\"canonical\" href=\"https:\/\/mihalylillahenrietta.keriweb.hu\/en\/product\/az-ember-tragediaja\/\" \/>\n<meta property=\"og:locale\" content=\"en_GB\" \/>\n<meta property=\"og:type\" content=\"article\" \/>\n<meta property=\"og:title\" content=\"Az ember trag\u00e9di\u00e1ja - l\u2019art Lilla\" \/>\n<meta property=\"og:description\" content=\"Mad\u00e1ch Imre monument\u00e1lis dr\u00e1mai k\u00f6ltem\u00e9nye, amely az emberis\u00e9g t\u00f6rt\u00e9net\u00e9n kereszt\u00fcl az \u00e9let \u00e9rtelm\u00e9t \u00e9s a halad\u00e1s \u00e9rt\u00e9k\u00e9t kutatja.\" \/>\n<meta property=\"og:url\" content=\"https:\/\/mihalylillahenrietta.keriweb.hu\/en\/product\/az-ember-tragediaja\/\" \/>\n<meta property=\"og:site_name\" content=\"l\u2019art Lilla\" \/>\n<meta property=\"article:modified_time\" content=\"2026-03-23T20:43:23+00:00\" \/>\n<meta property=\"og:image\" content=\"https:\/\/mihalylillahenrietta.keriweb.hu\/wp-content\/uploads\/2025\/10\/Nevtelen-terv-14.png\" \/>\n\t<meta property=\"og:image:width\" content=\"400\" \/>\n\t<meta property=\"og:image:height\" content=\"629\" \/>\n\t<meta property=\"og:image:type\" content=\"image\/png\" \/>\n<meta name=\"twitter:card\" content=\"summary_large_image\" \/>\n<meta name=\"twitter:label1\" content=\"Estimated reading time\" \/>\n\t<meta name=\"twitter:data1\" content=\"1 minute\" \/>\n<script type=\"application\/ld+json\" class=\"yoast-schema-graph\">{\"@context\":\"https:\/\/schema.org\",\"@graph\":[{\"@type\":\"WebPage\",\"@id\":\"https:\/\/mihalylillahenrietta.keriweb.hu\/termek\/az-ember-tragediaja\/\",\"url\":\"https:\/\/mihalylillahenrietta.keriweb.hu\/termek\/az-ember-tragediaja\/\",\"name\":\"Az ember trag\u00e9di\u00e1ja - l\u2019art Lilla\",\"isPartOf\":{\"@id\":\"https:\/\/mihalylillahenrietta.keriweb.hu\/#website\"},\"primaryImageOfPage\":{\"@id\":\"https:\/\/mihalylillahenrietta.keriweb.hu\/termek\/az-ember-tragediaja\/#primaryimage\"},\"image\":{\"@id\":\"https:\/\/mihalylillahenrietta.keriweb.hu\/termek\/az-ember-tragediaja\/#primaryimage\"},\"thumbnailUrl\":\"https:\/\/mihalylillahenrietta.keriweb.hu\/wp-content\/uploads\/2025\/10\/Nevtelen-terv-14.png\",\"datePublished\":\"2025-10-21T15:30:34+00:00\",\"dateModified\":\"2026-03-23T20:43:23+00:00\",\"description\":\"Mad\u00e1ch Imre monument\u00e1lis dr\u00e1mai k\u00f6ltem\u00e9nye, amely az emberis\u00e9g t\u00f6rt\u00e9net\u00e9n kereszt\u00fcl az \u00e9let \u00e9rtelm\u00e9t \u00e9s a halad\u00e1s \u00e9rt\u00e9k\u00e9t kutatja.\",\"breadcrumb\":{\"@id\":\"https:\/\/mihalylillahenrietta.keriweb.hu\/termek\/az-ember-tragediaja\/#breadcrumb\"},\"inLanguage\":\"en-GB\",\"potentialAction\":[{\"@type\":\"ReadAction\",\"target\":[\"https:\/\/mihalylillahenrietta.keriweb.hu\/termek\/az-ember-tragediaja\/\"]}]},{\"@type\":\"ImageObject\",\"inLanguage\":\"en-GB\",\"@id\":\"https:\/\/mihalylillahenrietta.keriweb.hu\/termek\/az-ember-tragediaja\/#primaryimage\",\"url\":\"https:\/\/mihalylillahenrietta.keriweb.hu\/wp-content\/uploads\/2025\/10\/Nevtelen-terv-14.png\",\"contentUrl\":\"https:\/\/mihalylillahenrietta.keriweb.hu\/wp-content\/uploads\/2025\/10\/Nevtelen-terv-14.png\",\"width\":400,\"height\":629},{\"@type\":\"BreadcrumbList\",\"@id\":\"https:\/\/mihalylillahenrietta.keriweb.hu\/termek\/az-ember-tragediaja\/#breadcrumb\",\"itemListElement\":[{\"@type\":\"ListItem\",\"position\":1,\"name\":\"Kezd\u0151lap\",\"item\":\"https:\/\/mihalylillahenrietta.keriweb.hu\/\"},{\"@type\":\"ListItem\",\"position\":2,\"name\":\"Shop\",\"item\":\"https:\/\/mihalylillahenrietta.keriweb.hu\/\"},{\"@type\":\"ListItem\",\"position\":3,\"name\":\"Az ember trag\u00e9di\u00e1ja\"}]},{\"@type\":\"WebSite\",\"@id\":\"https:\/\/mihalylillahenrietta.keriweb.hu\/#website\",\"url\":\"https:\/\/mihalylillahenrietta.keriweb.hu\/\",\"name\":\"l\u2019art Lilla\",\"description\":\"ez egy TANUL\u00d3I, TESZT web\u00e1ruh\u00e1z :)\",\"potentialAction\":[{\"@type\":\"SearchAction\",\"target\":{\"@type\":\"EntryPoint\",\"urlTemplate\":\"https:\/\/mihalylillahenrietta.keriweb.hu\/?s={search_term_string}\"},\"query-input\":{\"@type\":\"PropertyValueSpecification\",\"valueRequired\":true,\"valueName\":\"search_term_string\"}}],\"inLanguage\":\"en-GB\"}]}<\/script>\n<!-- \/ Yoast SEO plugin. -->","yoast_head_json":{"title":"Az ember trag\u00e9di\u00e1ja - l\u2019art Lilla","description":"Mad\u00e1ch Imre monument\u00e1lis dr\u00e1mai k\u00f6ltem\u00e9nye, amely az emberis\u00e9g t\u00f6rt\u00e9net\u00e9n kereszt\u00fcl az \u00e9let \u00e9rtelm\u00e9t \u00e9s a halad\u00e1s \u00e9rt\u00e9k\u00e9t kutatja.","robots":{"index":"index","follow":"follow","max-snippet":"max-snippet:-1","max-image-preview":"max-image-preview:large","max-video-preview":"max-video-preview:-1"},"canonical":"https:\/\/mihalylillahenrietta.keriweb.hu\/en\/product\/az-ember-tragediaja\/","og_locale":"en_GB","og_type":"article","og_title":"Az ember trag\u00e9di\u00e1ja - l\u2019art Lilla","og_description":"Mad\u00e1ch Imre monument\u00e1lis dr\u00e1mai k\u00f6ltem\u00e9nye, amely az emberis\u00e9g t\u00f6rt\u00e9net\u00e9n kereszt\u00fcl az \u00e9let \u00e9rtelm\u00e9t \u00e9s a halad\u00e1s \u00e9rt\u00e9k\u00e9t kutatja.","og_url":"https:\/\/mihalylillahenrietta.keriweb.hu\/en\/product\/az-ember-tragediaja\/","og_site_name":"l\u2019art Lilla","article_modified_time":"2026-03-23T20:43:23+00:00","og_image":[{"width":400,"height":629,"url":"https:\/\/mihalylillahenrietta.keriweb.hu\/wp-content\/uploads\/2025\/10\/Nevtelen-terv-14.png","type":"image\/png"}],"twitter_card":"summary_large_image","twitter_misc":{"Estimated reading time":"1 minute"},"schema":{"@context":"https:\/\/schema.org","@graph":[{"@type":"WebPage","@id":"https:\/\/mihalylillahenrietta.keriweb.hu\/termek\/az-ember-tragediaja\/","url":"https:\/\/mihalylillahenrietta.keriweb.hu\/termek\/az-ember-tragediaja\/","name":"Az ember trag\u00e9di\u00e1ja - l\u2019art Lilla","isPartOf":{"@id":"https:\/\/mihalylillahenrietta.keriweb.hu\/#website"},"primaryImageOfPage":{"@id":"https:\/\/mihalylillahenrietta.keriweb.hu\/termek\/az-ember-tragediaja\/#primaryimage"},"image":{"@id":"https:\/\/mihalylillahenrietta.keriweb.hu\/termek\/az-ember-tragediaja\/#primaryimage"},"thumbnailUrl":"https:\/\/mihalylillahenrietta.keriweb.hu\/wp-content\/uploads\/2025\/10\/Nevtelen-terv-14.png","datePublished":"2025-10-21T15:30:34+00:00","dateModified":"2026-03-23T20:43:23+00:00","description":"Mad\u00e1ch Imre monument\u00e1lis dr\u00e1mai k\u00f6ltem\u00e9nye, amely az emberis\u00e9g t\u00f6rt\u00e9net\u00e9n kereszt\u00fcl az \u00e9let \u00e9rtelm\u00e9t \u00e9s a halad\u00e1s \u00e9rt\u00e9k\u00e9t kutatja.","breadcrumb":{"@id":"https:\/\/mihalylillahenrietta.keriweb.hu\/termek\/az-ember-tragediaja\/#breadcrumb"},"inLanguage":"en-GB","potentialAction":[{"@type":"ReadAction","target":["https:\/\/mihalylillahenrietta.keriweb.hu\/termek\/az-ember-tragediaja\/"]}]},{"@type":"ImageObject","inLanguage":"en-GB","@id":"https:\/\/mihalylillahenrietta.keriweb.hu\/termek\/az-ember-tragediaja\/#primaryimage","url":"https:\/\/mihalylillahenrietta.keriweb.hu\/wp-content\/uploads\/2025\/10\/Nevtelen-terv-14.png","contentUrl":"https:\/\/mihalylillahenrietta.keriweb.hu\/wp-content\/uploads\/2025\/10\/Nevtelen-terv-14.png","width":400,"height":629},{"@type":"BreadcrumbList","@id":"https:\/\/mihalylillahenrietta.keriweb.hu\/termek\/az-ember-tragediaja\/#breadcrumb","itemListElement":[{"@type":"ListItem","position":1,"name":"Kezd\u0151lap","item":"https:\/\/mihalylillahenrietta.keriweb.hu\/"},{"@type":"ListItem","position":2,"name":"Shop","item":"https:\/\/mihalylillahenrietta.keriweb.hu\/"},{"@type":"ListItem","position":3,"name":"Az ember trag\u00e9di\u00e1ja"}]},{"@type":"WebSite","@id":"https:\/\/mihalylillahenrietta.keriweb.hu\/#website","url":"https:\/\/mihalylillahenrietta.keriweb.hu\/","name":"l\u2019art Lilla","description":"ez egy TANUL\u00d3I, TESZT web\u00e1ruh\u00e1z :)","potentialAction":[{"@type":"SearchAction","target":{"@type":"EntryPoint","urlTemplate":"https:\/\/mihalylillahenrietta.keriweb.hu\/?s={search_term_string}"},"query-input":{"@type":"PropertyValueSpecification","valueRequired":true,"valueName":"search_term_string"}}],"inLanguage":"en-GB"}]}},"_links":{"self":[{"href":"https:\/\/mihalylillahenrietta.keriweb.hu\/en\/wp-json\/wp\/v2\/product\/72","targetHints":{"allow":["GET"]}}],"collection":[{"href":"https:\/\/mihalylillahenrietta.keriweb.hu\/en\/wp-json\/wp\/v2\/product"}],"about":[{"href":"https:\/\/mihalylillahenrietta.keriweb.hu\/en\/wp-json\/wp\/v2\/types\/product"}],"replies":[{"embeddable":true,"href":"https:\/\/mihalylillahenrietta.keriweb.hu\/en\/wp-json\/wp\/v2\/comments?post=72"}],"wp:featuredmedia":[{"embeddable":true,"href":"https:\/\/mihalylillahenrietta.keriweb.hu\/en\/wp-json\/wp\/v2\/media\/309"}],"wp:attachment":[{"href":"https:\/\/mihalylillahenrietta.keriweb.hu\/en\/wp-json\/wp\/v2\/media?parent=72"}],"wp:term":[{"taxonomy":"product_brand","embeddable":true,"href":"https:\/\/mihalylillahenrietta.keriweb.hu\/en\/wp-json\/wp\/v2\/product_brand?post=72"},{"taxonomy":"product_cat","embeddable":true,"href":"https:\/\/mihalylillahenrietta.keriweb.hu\/en\/wp-json\/wp\/v2\/product_cat?post=72"},{"taxonomy":"product_tag","embeddable":true,"href":"https:\/\/mihalylillahenrietta.keriweb.hu\/en\/wp-json\/wp\/v2\/product_tag?post=72"}],"curies":[{"name":"wp","href":"https:\/\/api.w.org\/{rel}","templated":true}]}}