{"id":338,"date":"2026-03-23T22:57:30","date_gmt":"2026-03-23T22:57:30","guid":{"rendered":"https:\/\/mihalylillahenrietta.keriweb.hu\/?post_type=product&#038;p=338"},"modified":"2026-03-23T22:57:45","modified_gmt":"2026-03-23T22:57:45","slug":"szolits-a-neveden","status":"publish","type":"product","link":"https:\/\/mihalylillahenrietta.keriweb.hu\/en\/product\/szolits-a-neveden\/","title":{"rendered":"Call Me by Your Name"},"content":{"rendered":"<p>Andr\u00e9 Aciman\u2019s novel Call Me by Your Name is a delicate, sensitive love story rich in psychological depth. Set in 1980s Italy, the plot centers on the emotional relationship between seventeen-year-old Elio Perlman and the young American academic, Oliver.<br \/>\nThe novel sensitively portrays desire, the thrill of discovery, and an honest engagement with both love and self. Aciman\u2019s language is lyrical, capturing the subtle emotional fluctuations and every nuance of passion with exquisite precision.<br \/>\nCall Me by Your Name is an ideal choice for anyone who enjoys modern literature centered on emotions, self-discovery, and subtle psychological portrayal.<\/p>","protected":false},"excerpt":{"rendered":"<p>M\u0171faj: reg\u00e9ny (szerelmi\/l\u00e9lektani)<br \/>\nSzerz\u0151: Andr\u00e9 Aciman<br \/>\nKiad\u00f3: Athenaeum<br \/>\nT\u00e9m\u00e1k: szerelem, v\u00e1gy, \u00f6nfelfedez\u00e9s, identit\u00e1s, \u00e9rzelmi k\u00f6t\u0151d\u00e9s<\/p>","protected":false},"featured_media":339,"comment_status":"open","ping_status":"closed","template":"","meta":[],"product_brand":[],"product_cat":[19,36],"product_tag":[54,55,16],"class_list":{"0":"post-338","1":"product","2":"type-product","3":"status-publish","4":"has-post-thumbnail","6":"product_cat-konyv","7":"product_cat-vilagirodalom","8":"product_tag-andre-aciman","9":"product_tag-erzekeny-tema","10":"product_tag-irodalom","12":"first","13":"instock","14":"taxable","15":"shipping-taxable","16":"purchasable","17":"product-type-simple"},"yoast_head":"<!-- This site is optimized with the Yoast SEO plugin v27.2 - https:\/\/yoast.com\/product\/yoast-seo-wordpress\/ -->\n<title>Sz\u00f3l\u00edts a neveden - l\u2019art Lilla<\/title>\n<meta name=\"robots\" content=\"index, follow, max-snippet:-1, max-image-preview:large, max-video-preview:-1\" \/>\n<link rel=\"canonical\" href=\"https:\/\/mihalylillahenrietta.keriweb.hu\/en\/product\/szolits-a-neveden\/\" \/>\n<meta property=\"og:locale\" content=\"en_GB\" \/>\n<meta property=\"og:type\" content=\"article\" \/>\n<meta property=\"og:title\" content=\"Sz\u00f3l\u00edts a neveden - l\u2019art Lilla\" \/>\n<meta property=\"og:description\" content=\"M\u0171faj: reg\u00e9ny (szerelmi\/l\u00e9lektani) Szerz\u0151: Andr\u00e9 Aciman Kiad\u00f3: Athenaeum T\u00e9m\u00e1k: szerelem, v\u00e1gy, \u00f6nfelfedez\u00e9s, identit\u00e1s, \u00e9rzelmi k\u00f6t\u0151d\u00e9s\" \/>\n<meta property=\"og:url\" content=\"https:\/\/mihalylillahenrietta.keriweb.hu\/en\/product\/szolits-a-neveden\/\" \/>\n<meta property=\"og:site_name\" content=\"l\u2019art Lilla\" \/>\n<meta property=\"article:modified_time\" content=\"2026-03-23T22:57:45+00:00\" \/>\n<meta property=\"og:image\" content=\"https:\/\/mihalylillahenrietta.keriweb.hu\/wp-content\/uploads\/2026\/03\/Cmbyn.png\" \/>\n\t<meta property=\"og:image:width\" content=\"400\" \/>\n\t<meta property=\"og:image:height\" content=\"629\" \/>\n\t<meta property=\"og:image:type\" content=\"image\/png\" \/>\n<meta name=\"twitter:card\" content=\"summary_large_image\" \/>\n<meta name=\"twitter:label1\" content=\"Estimated reading time\" \/>\n\t<meta name=\"twitter:data1\" content=\"1 minute\" \/>\n<script type=\"application\/ld+json\" class=\"yoast-schema-graph\">{\"@context\":\"https:\/\/schema.org\",\"@graph\":[{\"@type\":\"WebPage\",\"@id\":\"https:\/\/mihalylillahenrietta.keriweb.hu\/termek\/szolits-a-neveden\/\",\"url\":\"https:\/\/mihalylillahenrietta.keriweb.hu\/termek\/szolits-a-neveden\/\",\"name\":\"Sz\u00f3l\u00edts a neveden - l\u2019art Lilla\",\"isPartOf\":{\"@id\":\"https:\/\/mihalylillahenrietta.keriweb.hu\/#website\"},\"primaryImageOfPage\":{\"@id\":\"https:\/\/mihalylillahenrietta.keriweb.hu\/termek\/szolits-a-neveden\/#primaryimage\"},\"image\":{\"@id\":\"https:\/\/mihalylillahenrietta.keriweb.hu\/termek\/szolits-a-neveden\/#primaryimage\"},\"thumbnailUrl\":\"https:\/\/mihalylillahenrietta.keriweb.hu\/wp-content\/uploads\/2026\/03\/Cmbyn.png\",\"datePublished\":\"2026-03-23T22:57:30+00:00\",\"dateModified\":\"2026-03-23T22:57:45+00:00\",\"breadcrumb\":{\"@id\":\"https:\/\/mihalylillahenrietta.keriweb.hu\/termek\/szolits-a-neveden\/#breadcrumb\"},\"inLanguage\":\"en-GB\",\"potentialAction\":[{\"@type\":\"ReadAction\",\"target\":[\"https:\/\/mihalylillahenrietta.keriweb.hu\/termek\/szolits-a-neveden\/\"]}]},{\"@type\":\"ImageObject\",\"inLanguage\":\"en-GB\",\"@id\":\"https:\/\/mihalylillahenrietta.keriweb.hu\/termek\/szolits-a-neveden\/#primaryimage\",\"url\":\"https:\/\/mihalylillahenrietta.keriweb.hu\/wp-content\/uploads\/2026\/03\/Cmbyn.png\",\"contentUrl\":\"https:\/\/mihalylillahenrietta.keriweb.hu\/wp-content\/uploads\/2026\/03\/Cmbyn.png\",\"width\":400,\"height\":629},{\"@type\":\"BreadcrumbList\",\"@id\":\"https:\/\/mihalylillahenrietta.keriweb.hu\/termek\/szolits-a-neveden\/#breadcrumb\",\"itemListElement\":[{\"@type\":\"ListItem\",\"position\":1,\"name\":\"Kezd\u0151lap\",\"item\":\"https:\/\/mihalylillahenrietta.keriweb.hu\/\"},{\"@type\":\"ListItem\",\"position\":2,\"name\":\"Shop\",\"item\":\"https:\/\/mihalylillahenrietta.keriweb.hu\/\"},{\"@type\":\"ListItem\",\"position\":3,\"name\":\"Sz\u00f3l\u00edts a neveden\"}]},{\"@type\":\"WebSite\",\"@id\":\"https:\/\/mihalylillahenrietta.keriweb.hu\/#website\",\"url\":\"https:\/\/mihalylillahenrietta.keriweb.hu\/\",\"name\":\"l\u2019art Lilla\",\"description\":\"ez egy TANUL\u00d3I, TESZT web\u00e1ruh\u00e1z :)\",\"potentialAction\":[{\"@type\":\"SearchAction\",\"target\":{\"@type\":\"EntryPoint\",\"urlTemplate\":\"https:\/\/mihalylillahenrietta.keriweb.hu\/?s={search_term_string}\"},\"query-input\":{\"@type\":\"PropertyValueSpecification\",\"valueRequired\":true,\"valueName\":\"search_term_string\"}}],\"inLanguage\":\"en-GB\"}]}<\/script>\n<!-- \/ Yoast SEO plugin. -->","yoast_head_json":{"title":"Sz\u00f3l\u00edts a neveden - l\u2019art Lilla","robots":{"index":"index","follow":"follow","max-snippet":"max-snippet:-1","max-image-preview":"max-image-preview:large","max-video-preview":"max-video-preview:-1"},"canonical":"https:\/\/mihalylillahenrietta.keriweb.hu\/en\/product\/szolits-a-neveden\/","og_locale":"en_GB","og_type":"article","og_title":"Sz\u00f3l\u00edts a neveden - l\u2019art Lilla","og_description":"M\u0171faj: reg\u00e9ny (szerelmi\/l\u00e9lektani) Szerz\u0151: Andr\u00e9 Aciman Kiad\u00f3: Athenaeum T\u00e9m\u00e1k: szerelem, v\u00e1gy, \u00f6nfelfedez\u00e9s, identit\u00e1s, \u00e9rzelmi k\u00f6t\u0151d\u00e9s","og_url":"https:\/\/mihalylillahenrietta.keriweb.hu\/en\/product\/szolits-a-neveden\/","og_site_name":"l\u2019art Lilla","article_modified_time":"2026-03-23T22:57:45+00:00","og_image":[{"width":400,"height":629,"url":"https:\/\/mihalylillahenrietta.keriweb.hu\/wp-content\/uploads\/2026\/03\/Cmbyn.png","type":"image\/png"}],"twitter_card":"summary_large_image","twitter_misc":{"Estimated reading time":"1 minute"},"schema":{"@context":"https:\/\/schema.org","@graph":[{"@type":"WebPage","@id":"https:\/\/mihalylillahenrietta.keriweb.hu\/termek\/szolits-a-neveden\/","url":"https:\/\/mihalylillahenrietta.keriweb.hu\/termek\/szolits-a-neveden\/","name":"Sz\u00f3l\u00edts a neveden - l\u2019art Lilla","isPartOf":{"@id":"https:\/\/mihalylillahenrietta.keriweb.hu\/#website"},"primaryImageOfPage":{"@id":"https:\/\/mihalylillahenrietta.keriweb.hu\/termek\/szolits-a-neveden\/#primaryimage"},"image":{"@id":"https:\/\/mihalylillahenrietta.keriweb.hu\/termek\/szolits-a-neveden\/#primaryimage"},"thumbnailUrl":"https:\/\/mihalylillahenrietta.keriweb.hu\/wp-content\/uploads\/2026\/03\/Cmbyn.png","datePublished":"2026-03-23T22:57:30+00:00","dateModified":"2026-03-23T22:57:45+00:00","breadcrumb":{"@id":"https:\/\/mihalylillahenrietta.keriweb.hu\/termek\/szolits-a-neveden\/#breadcrumb"},"inLanguage":"en-GB","potentialAction":[{"@type":"ReadAction","target":["https:\/\/mihalylillahenrietta.keriweb.hu\/termek\/szolits-a-neveden\/"]}]},{"@type":"ImageObject","inLanguage":"en-GB","@id":"https:\/\/mihalylillahenrietta.keriweb.hu\/termek\/szolits-a-neveden\/#primaryimage","url":"https:\/\/mihalylillahenrietta.keriweb.hu\/wp-content\/uploads\/2026\/03\/Cmbyn.png","contentUrl":"https:\/\/mihalylillahenrietta.keriweb.hu\/wp-content\/uploads\/2026\/03\/Cmbyn.png","width":400,"height":629},{"@type":"BreadcrumbList","@id":"https:\/\/mihalylillahenrietta.keriweb.hu\/termek\/szolits-a-neveden\/#breadcrumb","itemListElement":[{"@type":"ListItem","position":1,"name":"Kezd\u0151lap","item":"https:\/\/mihalylillahenrietta.keriweb.hu\/"},{"@type":"ListItem","position":2,"name":"Shop","item":"https:\/\/mihalylillahenrietta.keriweb.hu\/"},{"@type":"ListItem","position":3,"name":"Sz\u00f3l\u00edts a neveden"}]},{"@type":"WebSite","@id":"https:\/\/mihalylillahenrietta.keriweb.hu\/#website","url":"https:\/\/mihalylillahenrietta.keriweb.hu\/","name":"l\u2019art Lilla","description":"ez egy TANUL\u00d3I, TESZT web\u00e1ruh\u00e1z :)","potentialAction":[{"@type":"SearchAction","target":{"@type":"EntryPoint","urlTemplate":"https:\/\/mihalylillahenrietta.keriweb.hu\/?s={search_term_string}"},"query-input":{"@type":"PropertyValueSpecification","valueRequired":true,"valueName":"search_term_string"}}],"inLanguage":"en-GB"}]}},"_links":{"self":[{"href":"https:\/\/mihalylillahenrietta.keriweb.hu\/en\/wp-json\/wp\/v2\/product\/338","targetHints":{"allow":["GET"]}}],"collection":[{"href":"https:\/\/mihalylillahenrietta.keriweb.hu\/en\/wp-json\/wp\/v2\/product"}],"about":[{"href":"https:\/\/mihalylillahenrietta.keriweb.hu\/en\/wp-json\/wp\/v2\/types\/product"}],"replies":[{"embeddable":true,"href":"https:\/\/mihalylillahenrietta.keriweb.hu\/en\/wp-json\/wp\/v2\/comments?post=338"}],"wp:featuredmedia":[{"embeddable":true,"href":"https:\/\/mihalylillahenrietta.keriweb.hu\/en\/wp-json\/wp\/v2\/media\/339"}],"wp:attachment":[{"href":"https:\/\/mihalylillahenrietta.keriweb.hu\/en\/wp-json\/wp\/v2\/media?parent=338"}],"wp:term":[{"taxonomy":"product_brand","embeddable":true,"href":"https:\/\/mihalylillahenrietta.keriweb.hu\/en\/wp-json\/wp\/v2\/product_brand?post=338"},{"taxonomy":"product_cat","embeddable":true,"href":"https:\/\/mihalylillahenrietta.keriweb.hu\/en\/wp-json\/wp\/v2\/product_cat?post=338"},{"taxonomy":"product_tag","embeddable":true,"href":"https:\/\/mihalylillahenrietta.keriweb.hu\/en\/wp-json\/wp\/v2\/product_tag?post=338"}],"curies":[{"name":"wp","href":"https:\/\/api.w.org\/{rel}","templated":true}]}}