{"id":332,"date":"2026-03-23T22:34:38","date_gmt":"2026-03-23T22:34:38","guid":{"rendered":"https:\/\/mihalylillahenrietta.keriweb.hu\/?post_type=product&#038;p=332"},"modified":"2026-03-23T22:34:38","modified_gmt":"2026-03-23T22:34:38","slug":"allatfarm","status":"publish","type":"product","link":"https:\/\/mihalylillahenrietta.keriweb.hu\/en\/product\/allatfarm\/","title":{"rendered":"Animal Farm"},"content":{"rendered":"<p>George Orwell\u2019s Animal Farm is a short yet highly effective satirical allegory that illustrates the nature and corruption of power through the story of animals. In the novel, the farm animals revolt against human oppression and establish their own society, initially founded on the ideal of equality.<\/p>\n<p>However, the new system gradually becomes corrupted, and the pigs who assume leadership\u2014led by Napoleon\u2014begin to use the same oppressive methods as their former human rulers. The story sharply and ironically highlights how an ideal or ideology can be turned into a tool of power.<\/p>\n<p>Animal Farm is an easy-to-read yet deeply meaningful work that offers a timeless critique of dictatorships and human weaknesses. It is an ideal choice for anyone seeking a shorter but thought-provoking classic.<\/p>","protected":false},"excerpt":{"rendered":"<p>M\u0171faj: szatirikus kisreg\u00e9ny (politikai alleg\u00f3ria)<br \/>\nSzerz\u0151: George Orwell<br \/>\nKiad\u00f3: Helikon Zsebk\u00f6nyvek<br \/>\nT\u00e9m\u00e1k: hatalom, korrupci\u00f3, propaganda, egyenl\u0151s\u00e9g, diktat\u00fara<\/p>","protected":false},"featured_media":333,"comment_status":"open","ping_status":"closed","template":"","meta":[],"product_brand":[],"product_cat":[19,36],"product_tag":[53,16,17],"class_list":{"0":"post-332","1":"product","2":"type-product","3":"status-publish","4":"has-post-thumbnail","6":"product_cat-konyv","7":"product_cat-vilagirodalom","8":"product_tag-george-orwell","9":"product_tag-irodalom","10":"product_tag-oktatas","12":"first","13":"instock","14":"taxable","15":"shipping-taxable","16":"purchasable","17":"product-type-simple"},"yoast_head":"<!-- This site is optimized with the Yoast SEO plugin v27.2 - https:\/\/yoast.com\/product\/yoast-seo-wordpress\/ -->\n<title>\u00c1llatfarm - l\u2019art Lilla<\/title>\n<meta name=\"robots\" content=\"index, follow, max-snippet:-1, max-image-preview:large, max-video-preview:-1\" \/>\n<link rel=\"canonical\" href=\"https:\/\/mihalylillahenrietta.keriweb.hu\/en\/product\/allatfarm\/\" \/>\n<meta property=\"og:locale\" content=\"en_GB\" \/>\n<meta property=\"og:type\" content=\"article\" \/>\n<meta property=\"og:title\" content=\"\u00c1llatfarm - l\u2019art Lilla\" \/>\n<meta property=\"og:description\" content=\"M\u0171faj: szatirikus kisreg\u00e9ny (politikai alleg\u00f3ria) Szerz\u0151: George Orwell Kiad\u00f3: Helikon Zsebk\u00f6nyvek T\u00e9m\u00e1k: hatalom, korrupci\u00f3, propaganda, egyenl\u0151s\u00e9g, diktat\u00fara\" \/>\n<meta property=\"og:url\" content=\"https:\/\/mihalylillahenrietta.keriweb.hu\/en\/product\/allatfarm\/\" \/>\n<meta property=\"og:site_name\" content=\"l\u2019art Lilla\" \/>\n<meta property=\"og:image\" content=\"https:\/\/mihalylillahenrietta.keriweb.hu\/wp-content\/uploads\/2026\/03\/allatfarmkesz.png\" \/>\n\t<meta property=\"og:image:width\" content=\"400\" \/>\n\t<meta property=\"og:image:height\" content=\"629\" \/>\n\t<meta property=\"og:image:type\" content=\"image\/png\" \/>\n<meta name=\"twitter:card\" content=\"summary_large_image\" \/>\n<meta name=\"twitter:label1\" content=\"Estimated reading time\" \/>\n\t<meta name=\"twitter:data1\" content=\"1 minute\" \/>\n<script type=\"application\/ld+json\" class=\"yoast-schema-graph\">{\"@context\":\"https:\/\/schema.org\",\"@graph\":[{\"@type\":\"WebPage\",\"@id\":\"https:\/\/mihalylillahenrietta.keriweb.hu\/termek\/allatfarm\/\",\"url\":\"https:\/\/mihalylillahenrietta.keriweb.hu\/termek\/allatfarm\/\",\"name\":\"\u00c1llatfarm - l\u2019art Lilla\",\"isPartOf\":{\"@id\":\"https:\/\/mihalylillahenrietta.keriweb.hu\/#website\"},\"primaryImageOfPage\":{\"@id\":\"https:\/\/mihalylillahenrietta.keriweb.hu\/termek\/allatfarm\/#primaryimage\"},\"image\":{\"@id\":\"https:\/\/mihalylillahenrietta.keriweb.hu\/termek\/allatfarm\/#primaryimage\"},\"thumbnailUrl\":\"https:\/\/mihalylillahenrietta.keriweb.hu\/wp-content\/uploads\/2026\/03\/allatfarmkesz.png\",\"datePublished\":\"2026-03-23T22:34:38+00:00\",\"breadcrumb\":{\"@id\":\"https:\/\/mihalylillahenrietta.keriweb.hu\/termek\/allatfarm\/#breadcrumb\"},\"inLanguage\":\"en-GB\",\"potentialAction\":[{\"@type\":\"ReadAction\",\"target\":[\"https:\/\/mihalylillahenrietta.keriweb.hu\/termek\/allatfarm\/\"]}]},{\"@type\":\"ImageObject\",\"inLanguage\":\"en-GB\",\"@id\":\"https:\/\/mihalylillahenrietta.keriweb.hu\/termek\/allatfarm\/#primaryimage\",\"url\":\"https:\/\/mihalylillahenrietta.keriweb.hu\/wp-content\/uploads\/2026\/03\/allatfarmkesz.png\",\"contentUrl\":\"https:\/\/mihalylillahenrietta.keriweb.hu\/wp-content\/uploads\/2026\/03\/allatfarmkesz.png\",\"width\":400,\"height\":629},{\"@type\":\"BreadcrumbList\",\"@id\":\"https:\/\/mihalylillahenrietta.keriweb.hu\/termek\/allatfarm\/#breadcrumb\",\"itemListElement\":[{\"@type\":\"ListItem\",\"position\":1,\"name\":\"Kezd\u0151lap\",\"item\":\"https:\/\/mihalylillahenrietta.keriweb.hu\/\"},{\"@type\":\"ListItem\",\"position\":2,\"name\":\"Shop\",\"item\":\"https:\/\/mihalylillahenrietta.keriweb.hu\/\"},{\"@type\":\"ListItem\",\"position\":3,\"name\":\"\u00c1llatfarm\"}]},{\"@type\":\"WebSite\",\"@id\":\"https:\/\/mihalylillahenrietta.keriweb.hu\/#website\",\"url\":\"https:\/\/mihalylillahenrietta.keriweb.hu\/\",\"name\":\"l\u2019art Lilla\",\"description\":\"ez egy TANUL\u00d3I, TESZT web\u00e1ruh\u00e1z :)\",\"potentialAction\":[{\"@type\":\"SearchAction\",\"target\":{\"@type\":\"EntryPoint\",\"urlTemplate\":\"https:\/\/mihalylillahenrietta.keriweb.hu\/?s={search_term_string}\"},\"query-input\":{\"@type\":\"PropertyValueSpecification\",\"valueRequired\":true,\"valueName\":\"search_term_string\"}}],\"inLanguage\":\"en-GB\"}]}<\/script>\n<!-- \/ Yoast SEO plugin. -->","yoast_head_json":{"title":"\u00c1llatfarm - l\u2019art Lilla","robots":{"index":"index","follow":"follow","max-snippet":"max-snippet:-1","max-image-preview":"max-image-preview:large","max-video-preview":"max-video-preview:-1"},"canonical":"https:\/\/mihalylillahenrietta.keriweb.hu\/en\/product\/allatfarm\/","og_locale":"en_GB","og_type":"article","og_title":"\u00c1llatfarm - l\u2019art Lilla","og_description":"M\u0171faj: szatirikus kisreg\u00e9ny (politikai alleg\u00f3ria) Szerz\u0151: George Orwell Kiad\u00f3: Helikon Zsebk\u00f6nyvek T\u00e9m\u00e1k: hatalom, korrupci\u00f3, propaganda, egyenl\u0151s\u00e9g, diktat\u00fara","og_url":"https:\/\/mihalylillahenrietta.keriweb.hu\/en\/product\/allatfarm\/","og_site_name":"l\u2019art Lilla","og_image":[{"width":400,"height":629,"url":"https:\/\/mihalylillahenrietta.keriweb.hu\/wp-content\/uploads\/2026\/03\/allatfarmkesz.png","type":"image\/png"}],"twitter_card":"summary_large_image","twitter_misc":{"Estimated reading time":"1 minute"},"schema":{"@context":"https:\/\/schema.org","@graph":[{"@type":"WebPage","@id":"https:\/\/mihalylillahenrietta.keriweb.hu\/termek\/allatfarm\/","url":"https:\/\/mihalylillahenrietta.keriweb.hu\/termek\/allatfarm\/","name":"\u00c1llatfarm - l\u2019art Lilla","isPartOf":{"@id":"https:\/\/mihalylillahenrietta.keriweb.hu\/#website"},"primaryImageOfPage":{"@id":"https:\/\/mihalylillahenrietta.keriweb.hu\/termek\/allatfarm\/#primaryimage"},"image":{"@id":"https:\/\/mihalylillahenrietta.keriweb.hu\/termek\/allatfarm\/#primaryimage"},"thumbnailUrl":"https:\/\/mihalylillahenrietta.keriweb.hu\/wp-content\/uploads\/2026\/03\/allatfarmkesz.png","datePublished":"2026-03-23T22:34:38+00:00","breadcrumb":{"@id":"https:\/\/mihalylillahenrietta.keriweb.hu\/termek\/allatfarm\/#breadcrumb"},"inLanguage":"en-GB","potentialAction":[{"@type":"ReadAction","target":["https:\/\/mihalylillahenrietta.keriweb.hu\/termek\/allatfarm\/"]}]},{"@type":"ImageObject","inLanguage":"en-GB","@id":"https:\/\/mihalylillahenrietta.keriweb.hu\/termek\/allatfarm\/#primaryimage","url":"https:\/\/mihalylillahenrietta.keriweb.hu\/wp-content\/uploads\/2026\/03\/allatfarmkesz.png","contentUrl":"https:\/\/mihalylillahenrietta.keriweb.hu\/wp-content\/uploads\/2026\/03\/allatfarmkesz.png","width":400,"height":629},{"@type":"BreadcrumbList","@id":"https:\/\/mihalylillahenrietta.keriweb.hu\/termek\/allatfarm\/#breadcrumb","itemListElement":[{"@type":"ListItem","position":1,"name":"Kezd\u0151lap","item":"https:\/\/mihalylillahenrietta.keriweb.hu\/"},{"@type":"ListItem","position":2,"name":"Shop","item":"https:\/\/mihalylillahenrietta.keriweb.hu\/"},{"@type":"ListItem","position":3,"name":"\u00c1llatfarm"}]},{"@type":"WebSite","@id":"https:\/\/mihalylillahenrietta.keriweb.hu\/#website","url":"https:\/\/mihalylillahenrietta.keriweb.hu\/","name":"l\u2019art Lilla","description":"ez egy TANUL\u00d3I, TESZT web\u00e1ruh\u00e1z :)","potentialAction":[{"@type":"SearchAction","target":{"@type":"EntryPoint","urlTemplate":"https:\/\/mihalylillahenrietta.keriweb.hu\/?s={search_term_string}"},"query-input":{"@type":"PropertyValueSpecification","valueRequired":true,"valueName":"search_term_string"}}],"inLanguage":"en-GB"}]}},"_links":{"self":[{"href":"https:\/\/mihalylillahenrietta.keriweb.hu\/en\/wp-json\/wp\/v2\/product\/332","targetHints":{"allow":["GET"]}}],"collection":[{"href":"https:\/\/mihalylillahenrietta.keriweb.hu\/en\/wp-json\/wp\/v2\/product"}],"about":[{"href":"https:\/\/mihalylillahenrietta.keriweb.hu\/en\/wp-json\/wp\/v2\/types\/product"}],"replies":[{"embeddable":true,"href":"https:\/\/mihalylillahenrietta.keriweb.hu\/en\/wp-json\/wp\/v2\/comments?post=332"}],"wp:featuredmedia":[{"embeddable":true,"href":"https:\/\/mihalylillahenrietta.keriweb.hu\/en\/wp-json\/wp\/v2\/media\/333"}],"wp:attachment":[{"href":"https:\/\/mihalylillahenrietta.keriweb.hu\/en\/wp-json\/wp\/v2\/media?parent=332"}],"wp:term":[{"taxonomy":"product_brand","embeddable":true,"href":"https:\/\/mihalylillahenrietta.keriweb.hu\/en\/wp-json\/wp\/v2\/product_brand?post=332"},{"taxonomy":"product_cat","embeddable":true,"href":"https:\/\/mihalylillahenrietta.keriweb.hu\/en\/wp-json\/wp\/v2\/product_cat?post=332"},{"taxonomy":"product_tag","embeddable":true,"href":"https:\/\/mihalylillahenrietta.keriweb.hu\/en\/wp-json\/wp\/v2\/product_tag?post=332"}],"curies":[{"name":"wp","href":"https:\/\/api.w.org\/{rel}","templated":true}]}}