{"id":194,"date":"2026-01-23T18:09:50","date_gmt":"2026-01-23T18:09:50","guid":{"rendered":"https:\/\/mihalylillahenrietta.keriweb.hu\/?post_type=product&#038;p=194"},"modified":"2026-03-23T20:12:17","modified_gmt":"2026-03-23T20:12:17","slug":"a-helyseg-kalapacsa-az-apostol","status":"publish","type":"product","link":"https:\/\/mihalylillahenrietta.keriweb.hu\/en\/product\/a-helyseg-kalapacsa-az-apostol\/","title":{"rendered":"The Hammer of the Village, The apostle"},"content":{"rendered":"<p>This volume presents two distinctly different facets of S\u00e1ndor Pet\u0151fi\u2019s poetry.<br \/>\nThe Hammer of the Village is a humorous, satirical work that parodies heroic epics: it elevates a trivial village conflict into an exaggerated, lofty style, thereby mocking false pathos and empty heroism. With its light, ironic tone and folk-inspired language, the poem represents the playful side of S\u00e1ndor Pet\u0151fi.<\/p>\n<p>By contrast, The Apostle is a serious and passionate narrative poem that centers on the tragic fate of an individual fighting for freedom. The protagonist, Szilveszter, devotes his life to the ideals of truth and social equality, yet his struggle against tyrannical power ultimately ends in failure. The work stands as one of the most important expressions of S\u00e1ndor Pet\u0151fi\u2019s revolutionary thinking and moral commitment.<\/p>\n<p>Together, the two works provide a comprehensive picture of S\u00e1ndor Pet\u0151fi\u2019s poetry, ranging from a humorous, ironic tone to dramatic, political passion.<\/p>","protected":false},"excerpt":{"rendered":"<p>M\u0171faj: Elbesz\u00e9l\u0151 k\u00f6ltem\u00e9nyek<br \/>\nSzerz\u0151: Pet\u0151fi S\u00e1ndor<br \/>\nMegjelen\u00e9s: 1844 \/ 1848<br \/>\nKiad\u00f3: Talentum<br \/>\nT\u00e9m\u00e1k: par\u00f3dia \u00e9s szat\u00edra, h\u0151siess\u00e9g kifigur\u00e1z\u00e1sa, szabads\u00e1g, forradalom, zsarnoks\u00e1g, \u00f6nfel\u00e1ldoz\u00e1s, egy\u00e9n \u00e9s hatalom<\/p>","protected":false},"featured_media":297,"comment_status":"open","ping_status":"closed","template":"","meta":[],"product_brand":[],"product_cat":[19,20],"product_tag":[35],"class_list":{"0":"post-194","1":"product","2":"type-product","3":"status-publish","4":"has-post-thumbnail","6":"product_cat-konyv","7":"product_cat-magyar-irodalom","8":"product_tag-petofi-sandor","10":"first","11":"instock","12":"taxable","13":"shipping-taxable","14":"purchasable","15":"product-type-simple"},"yoast_head":"<!-- This site is optimized with the Yoast SEO plugin v27.2 - https:\/\/yoast.com\/product\/yoast-seo-wordpress\/ -->\n<title>A helys\u00e9g kalap\u00e1csa, Az apostol - l\u2019art Lilla<\/title>\n<meta name=\"robots\" content=\"index, follow, max-snippet:-1, max-image-preview:large, max-video-preview:-1\" \/>\n<link rel=\"canonical\" href=\"https:\/\/mihalylillahenrietta.keriweb.hu\/en\/product\/a-helyseg-kalapacsa-az-apostol\/\" \/>\n<meta property=\"og:locale\" content=\"en_GB\" \/>\n<meta property=\"og:type\" content=\"article\" \/>\n<meta property=\"og:title\" content=\"A helys\u00e9g kalap\u00e1csa, Az apostol - l\u2019art Lilla\" \/>\n<meta property=\"og:description\" content=\"M\u0171faj: Elbesz\u00e9l\u0151 k\u00f6ltem\u00e9nyek Szerz\u0151: Pet\u0151fi S\u00e1ndor Megjelen\u00e9s: 1844 \/ 1848 Kiad\u00f3: Talentum  T\u00e9m\u00e1k: par\u00f3dia \u00e9s szat\u00edra, h\u0151siess\u00e9g kifigur\u00e1z\u00e1sa, szabads\u00e1g, forradalom, zsarnoks\u00e1g, \u00f6nfel\u00e1ldoz\u00e1s, egy\u00e9n \u00e9s hatalom\" \/>\n<meta property=\"og:url\" content=\"https:\/\/mihalylillahenrietta.keriweb.hu\/en\/product\/a-helyseg-kalapacsa-az-apostol\/\" \/>\n<meta property=\"og:site_name\" content=\"l\u2019art Lilla\" \/>\n<meta property=\"article:modified_time\" content=\"2026-03-23T20:12:17+00:00\" \/>\n<meta property=\"og:image\" content=\"https:\/\/mihalylillahenrietta.keriweb.hu\/wp-content\/uploads\/2026\/01\/Nevtelen-terv-5.png\" \/>\n\t<meta property=\"og:image:width\" content=\"400\" \/>\n\t<meta property=\"og:image:height\" content=\"629\" \/>\n\t<meta property=\"og:image:type\" content=\"image\/png\" \/>\n<meta name=\"twitter:card\" content=\"summary_large_image\" \/>\n<meta name=\"twitter:label1\" content=\"Estimated reading time\" \/>\n\t<meta name=\"twitter:data1\" content=\"1 minute\" \/>\n<script type=\"application\/ld+json\" class=\"yoast-schema-graph\">{\"@context\":\"https:\/\/schema.org\",\"@graph\":[{\"@type\":\"WebPage\",\"@id\":\"https:\/\/mihalylillahenrietta.keriweb.hu\/termek\/a-helyseg-kalapacsa-az-apostol\/\",\"url\":\"https:\/\/mihalylillahenrietta.keriweb.hu\/termek\/a-helyseg-kalapacsa-az-apostol\/\",\"name\":\"A helys\u00e9g kalap\u00e1csa, Az apostol - l\u2019art Lilla\",\"isPartOf\":{\"@id\":\"https:\/\/mihalylillahenrietta.keriweb.hu\/#website\"},\"primaryImageOfPage\":{\"@id\":\"https:\/\/mihalylillahenrietta.keriweb.hu\/termek\/a-helyseg-kalapacsa-az-apostol\/#primaryimage\"},\"image\":{\"@id\":\"https:\/\/mihalylillahenrietta.keriweb.hu\/termek\/a-helyseg-kalapacsa-az-apostol\/#primaryimage\"},\"thumbnailUrl\":\"https:\/\/mihalylillahenrietta.keriweb.hu\/wp-content\/uploads\/2026\/01\/Nevtelen-terv-5.png\",\"datePublished\":\"2026-01-23T18:09:50+00:00\",\"dateModified\":\"2026-03-23T20:12:17+00:00\",\"breadcrumb\":{\"@id\":\"https:\/\/mihalylillahenrietta.keriweb.hu\/termek\/a-helyseg-kalapacsa-az-apostol\/#breadcrumb\"},\"inLanguage\":\"en-GB\",\"potentialAction\":[{\"@type\":\"ReadAction\",\"target\":[\"https:\/\/mihalylillahenrietta.keriweb.hu\/termek\/a-helyseg-kalapacsa-az-apostol\/\"]}]},{\"@type\":\"ImageObject\",\"inLanguage\":\"en-GB\",\"@id\":\"https:\/\/mihalylillahenrietta.keriweb.hu\/termek\/a-helyseg-kalapacsa-az-apostol\/#primaryimage\",\"url\":\"https:\/\/mihalylillahenrietta.keriweb.hu\/wp-content\/uploads\/2026\/01\/Nevtelen-terv-5.png\",\"contentUrl\":\"https:\/\/mihalylillahenrietta.keriweb.hu\/wp-content\/uploads\/2026\/01\/Nevtelen-terv-5.png\",\"width\":400,\"height\":629},{\"@type\":\"BreadcrumbList\",\"@id\":\"https:\/\/mihalylillahenrietta.keriweb.hu\/termek\/a-helyseg-kalapacsa-az-apostol\/#breadcrumb\",\"itemListElement\":[{\"@type\":\"ListItem\",\"position\":1,\"name\":\"Kezd\u0151lap\",\"item\":\"https:\/\/mihalylillahenrietta.keriweb.hu\/\"},{\"@type\":\"ListItem\",\"position\":2,\"name\":\"Shop\",\"item\":\"https:\/\/mihalylillahenrietta.keriweb.hu\/\"},{\"@type\":\"ListItem\",\"position\":3,\"name\":\"A helys\u00e9g kalap\u00e1csa, Az apostol\"}]},{\"@type\":\"WebSite\",\"@id\":\"https:\/\/mihalylillahenrietta.keriweb.hu\/#website\",\"url\":\"https:\/\/mihalylillahenrietta.keriweb.hu\/\",\"name\":\"l\u2019art Lilla\",\"description\":\"ez egy TANUL\u00d3I, TESZT web\u00e1ruh\u00e1z :)\",\"potentialAction\":[{\"@type\":\"SearchAction\",\"target\":{\"@type\":\"EntryPoint\",\"urlTemplate\":\"https:\/\/mihalylillahenrietta.keriweb.hu\/?s={search_term_string}\"},\"query-input\":{\"@type\":\"PropertyValueSpecification\",\"valueRequired\":true,\"valueName\":\"search_term_string\"}}],\"inLanguage\":\"en-GB\"}]}<\/script>\n<!-- \/ Yoast SEO plugin. -->","yoast_head_json":{"title":"A helys\u00e9g kalap\u00e1csa, Az apostol - l\u2019art Lilla","robots":{"index":"index","follow":"follow","max-snippet":"max-snippet:-1","max-image-preview":"max-image-preview:large","max-video-preview":"max-video-preview:-1"},"canonical":"https:\/\/mihalylillahenrietta.keriweb.hu\/en\/product\/a-helyseg-kalapacsa-az-apostol\/","og_locale":"en_GB","og_type":"article","og_title":"A helys\u00e9g kalap\u00e1csa, Az apostol - l\u2019art Lilla","og_description":"M\u0171faj: Elbesz\u00e9l\u0151 k\u00f6ltem\u00e9nyek Szerz\u0151: Pet\u0151fi S\u00e1ndor Megjelen\u00e9s: 1844 \/ 1848 Kiad\u00f3: Talentum  T\u00e9m\u00e1k: par\u00f3dia \u00e9s szat\u00edra, h\u0151siess\u00e9g kifigur\u00e1z\u00e1sa, szabads\u00e1g, forradalom, zsarnoks\u00e1g, \u00f6nfel\u00e1ldoz\u00e1s, egy\u00e9n \u00e9s hatalom","og_url":"https:\/\/mihalylillahenrietta.keriweb.hu\/en\/product\/a-helyseg-kalapacsa-az-apostol\/","og_site_name":"l\u2019art Lilla","article_modified_time":"2026-03-23T20:12:17+00:00","og_image":[{"width":400,"height":629,"url":"https:\/\/mihalylillahenrietta.keriweb.hu\/wp-content\/uploads\/2026\/01\/Nevtelen-terv-5.png","type":"image\/png"}],"twitter_card":"summary_large_image","twitter_misc":{"Estimated reading time":"1 minute"},"schema":{"@context":"https:\/\/schema.org","@graph":[{"@type":"WebPage","@id":"https:\/\/mihalylillahenrietta.keriweb.hu\/termek\/a-helyseg-kalapacsa-az-apostol\/","url":"https:\/\/mihalylillahenrietta.keriweb.hu\/termek\/a-helyseg-kalapacsa-az-apostol\/","name":"A helys\u00e9g kalap\u00e1csa, Az apostol - l\u2019art Lilla","isPartOf":{"@id":"https:\/\/mihalylillahenrietta.keriweb.hu\/#website"},"primaryImageOfPage":{"@id":"https:\/\/mihalylillahenrietta.keriweb.hu\/termek\/a-helyseg-kalapacsa-az-apostol\/#primaryimage"},"image":{"@id":"https:\/\/mihalylillahenrietta.keriweb.hu\/termek\/a-helyseg-kalapacsa-az-apostol\/#primaryimage"},"thumbnailUrl":"https:\/\/mihalylillahenrietta.keriweb.hu\/wp-content\/uploads\/2026\/01\/Nevtelen-terv-5.png","datePublished":"2026-01-23T18:09:50+00:00","dateModified":"2026-03-23T20:12:17+00:00","breadcrumb":{"@id":"https:\/\/mihalylillahenrietta.keriweb.hu\/termek\/a-helyseg-kalapacsa-az-apostol\/#breadcrumb"},"inLanguage":"en-GB","potentialAction":[{"@type":"ReadAction","target":["https:\/\/mihalylillahenrietta.keriweb.hu\/termek\/a-helyseg-kalapacsa-az-apostol\/"]}]},{"@type":"ImageObject","inLanguage":"en-GB","@id":"https:\/\/mihalylillahenrietta.keriweb.hu\/termek\/a-helyseg-kalapacsa-az-apostol\/#primaryimage","url":"https:\/\/mihalylillahenrietta.keriweb.hu\/wp-content\/uploads\/2026\/01\/Nevtelen-terv-5.png","contentUrl":"https:\/\/mihalylillahenrietta.keriweb.hu\/wp-content\/uploads\/2026\/01\/Nevtelen-terv-5.png","width":400,"height":629},{"@type":"BreadcrumbList","@id":"https:\/\/mihalylillahenrietta.keriweb.hu\/termek\/a-helyseg-kalapacsa-az-apostol\/#breadcrumb","itemListElement":[{"@type":"ListItem","position":1,"name":"Kezd\u0151lap","item":"https:\/\/mihalylillahenrietta.keriweb.hu\/"},{"@type":"ListItem","position":2,"name":"Shop","item":"https:\/\/mihalylillahenrietta.keriweb.hu\/"},{"@type":"ListItem","position":3,"name":"A helys\u00e9g kalap\u00e1csa, Az apostol"}]},{"@type":"WebSite","@id":"https:\/\/mihalylillahenrietta.keriweb.hu\/#website","url":"https:\/\/mihalylillahenrietta.keriweb.hu\/","name":"l\u2019art Lilla","description":"ez egy TANUL\u00d3I, TESZT web\u00e1ruh\u00e1z :)","potentialAction":[{"@type":"SearchAction","target":{"@type":"EntryPoint","urlTemplate":"https:\/\/mihalylillahenrietta.keriweb.hu\/?s={search_term_string}"},"query-input":{"@type":"PropertyValueSpecification","valueRequired":true,"valueName":"search_term_string"}}],"inLanguage":"en-GB"}]}},"_links":{"self":[{"href":"https:\/\/mihalylillahenrietta.keriweb.hu\/en\/wp-json\/wp\/v2\/product\/194","targetHints":{"allow":["GET"]}}],"collection":[{"href":"https:\/\/mihalylillahenrietta.keriweb.hu\/en\/wp-json\/wp\/v2\/product"}],"about":[{"href":"https:\/\/mihalylillahenrietta.keriweb.hu\/en\/wp-json\/wp\/v2\/types\/product"}],"replies":[{"embeddable":true,"href":"https:\/\/mihalylillahenrietta.keriweb.hu\/en\/wp-json\/wp\/v2\/comments?post=194"}],"wp:featuredmedia":[{"embeddable":true,"href":"https:\/\/mihalylillahenrietta.keriweb.hu\/en\/wp-json\/wp\/v2\/media\/297"}],"wp:attachment":[{"href":"https:\/\/mihalylillahenrietta.keriweb.hu\/en\/wp-json\/wp\/v2\/media?parent=194"}],"wp:term":[{"taxonomy":"product_brand","embeddable":true,"href":"https:\/\/mihalylillahenrietta.keriweb.hu\/en\/wp-json\/wp\/v2\/product_brand?post=194"},{"taxonomy":"product_cat","embeddable":true,"href":"https:\/\/mihalylillahenrietta.keriweb.hu\/en\/wp-json\/wp\/v2\/product_cat?post=194"},{"taxonomy":"product_tag","embeddable":true,"href":"https:\/\/mihalylillahenrietta.keriweb.hu\/en\/wp-json\/wp\/v2\/product_tag?post=194"}],"curies":[{"name":"wp","href":"https:\/\/api.w.org\/{rel}","templated":true}]}}