{"id":191,"date":"2026-01-23T17:59:41","date_gmt":"2026-01-23T17:59:41","guid":{"rendered":"https:\/\/mihalylillahenrietta.keriweb.hu\/?post_type=product&#038;p=191"},"modified":"2026-03-23T21:05:32","modified_gmt":"2026-03-23T21:05:32","slug":"isteni-szinjatek","status":"publish","type":"product","link":"https:\/\/mihalylillahenrietta.keriweb.hu\/en\/product\/isteni-szinjatek\/","title":{"rendered":"Divine Comedy"},"content":{"rendered":"<p>Dante Alighieri\u2019s Divine Comedy is one of the most influential works in world literature, depicting the human soul\u2019s journey from sin to salvation. The work is divided into three major sections: Inferno, Purgatorio, and Paradiso. During Dante\u2019s imagined journey through the afterlife, he is guided first by Virgil and later by Beatrice through the stages of the soul\u2019s purification and ascent.<\/p>\n<p>The work is at once a religious vision, a philosophical reflection, and a poetic masterpiece. Dante vividly portrays the moral order, divine justice, human responsibility for one\u2019s actions, and the stages of sin, purification, and salvation. Historical, mythological, and contemporary figures also appear in the poem, making it a work of literary, moral, and social instruction simultaneously.<\/p>\n<p>The Divine Comedy is not only the pinnacle of medieval literature but also a foundational work with lasting influence, shaping European culture, visual arts, and literary thought.<\/p>","protected":false},"excerpt":{"rendered":"<p>M\u0171faj: Eposz, allegorikus k\u00f6ltem\u00e9ny<br \/>\nSzerz\u0151: Dante Alighieri<br \/>\nKeletkez\u00e9s: 14. sz\u00e1zad eleje<br \/>\nKiad\u00f3: Talentum<br \/>\nT\u00e9m\u00e1k: b\u0171n \u00e9s b\u00fcntet\u00e9s, megtisztul\u00e1s, \u00fcdv\u00f6ss\u00e9g, erk\u00f6lcs \u00e9s igazs\u00e1goss\u00e1g, vall\u00e1s, emberi l\u00e9lek fejl\u0151d\u00e9se, t\u00falvil\u00e1gi l\u00e1tom\u00e1s, hatalom \u00e9s felel\u0151ss\u00e9g<\/p>","protected":false},"featured_media":316,"comment_status":"open","ping_status":"closed","template":"","meta":[],"product_brand":[],"product_cat":[19,36],"product_tag":[39],"class_list":{"0":"post-191","1":"product","2":"type-product","3":"status-publish","4":"has-post-thumbnail","6":"product_cat-konyv","7":"product_cat-vilagirodalom","8":"product_tag-dante","10":"first","11":"instock","12":"taxable","13":"shipping-taxable","14":"purchasable","15":"product-type-simple"},"yoast_head":"<!-- This site is optimized with the Yoast SEO plugin v27.2 - https:\/\/yoast.com\/product\/yoast-seo-wordpress\/ -->\n<title>Isteni sz\u00ednj\u00e1t\u00e9k - l\u2019art Lilla<\/title>\n<meta name=\"robots\" content=\"index, follow, max-snippet:-1, max-image-preview:large, max-video-preview:-1\" \/>\n<link rel=\"canonical\" href=\"https:\/\/mihalylillahenrietta.keriweb.hu\/en\/product\/isteni-szinjatek\/\" \/>\n<meta property=\"og:locale\" content=\"en_GB\" \/>\n<meta property=\"og:type\" content=\"article\" \/>\n<meta property=\"og:title\" content=\"Isteni sz\u00ednj\u00e1t\u00e9k - l\u2019art Lilla\" \/>\n<meta property=\"og:description\" content=\"M\u0171faj: Eposz, allegorikus k\u00f6ltem\u00e9ny Szerz\u0151: Dante Alighieri Keletkez\u00e9s: 14. sz\u00e1zad eleje Kiad\u00f3: Talentum T\u00e9m\u00e1k: b\u0171n \u00e9s b\u00fcntet\u00e9s, megtisztul\u00e1s, \u00fcdv\u00f6ss\u00e9g, erk\u00f6lcs \u00e9s igazs\u00e1goss\u00e1g, vall\u00e1s, emberi l\u00e9lek fejl\u0151d\u00e9se, t\u00falvil\u00e1gi l\u00e1tom\u00e1s, hatalom \u00e9s felel\u0151ss\u00e9g\" \/>\n<meta property=\"og:url\" content=\"https:\/\/mihalylillahenrietta.keriweb.hu\/en\/product\/isteni-szinjatek\/\" \/>\n<meta property=\"og:site_name\" content=\"l\u2019art Lilla\" \/>\n<meta property=\"article:modified_time\" content=\"2026-03-23T21:05:32+00:00\" \/>\n<meta property=\"og:image\" content=\"https:\/\/mihalylillahenrietta.keriweb.hu\/wp-content\/uploads\/2026\/01\/Nevtelen-terv-18.png\" \/>\n\t<meta property=\"og:image:width\" content=\"400\" \/>\n\t<meta property=\"og:image:height\" content=\"629\" \/>\n\t<meta property=\"og:image:type\" content=\"image\/png\" \/>\n<meta name=\"twitter:card\" content=\"summary_large_image\" \/>\n<meta name=\"twitter:label1\" content=\"Estimated reading time\" \/>\n\t<meta name=\"twitter:data1\" content=\"1 minute\" \/>\n<script type=\"application\/ld+json\" class=\"yoast-schema-graph\">{\"@context\":\"https:\/\/schema.org\",\"@graph\":[{\"@type\":\"WebPage\",\"@id\":\"https:\/\/mihalylillahenrietta.keriweb.hu\/termek\/isteni-szinjatek\/\",\"url\":\"https:\/\/mihalylillahenrietta.keriweb.hu\/termek\/isteni-szinjatek\/\",\"name\":\"Isteni sz\u00ednj\u00e1t\u00e9k - l\u2019art Lilla\",\"isPartOf\":{\"@id\":\"https:\/\/mihalylillahenrietta.keriweb.hu\/#website\"},\"primaryImageOfPage\":{\"@id\":\"https:\/\/mihalylillahenrietta.keriweb.hu\/termek\/isteni-szinjatek\/#primaryimage\"},\"image\":{\"@id\":\"https:\/\/mihalylillahenrietta.keriweb.hu\/termek\/isteni-szinjatek\/#primaryimage\"},\"thumbnailUrl\":\"https:\/\/mihalylillahenrietta.keriweb.hu\/wp-content\/uploads\/2026\/01\/Nevtelen-terv-18.png\",\"datePublished\":\"2026-01-23T17:59:41+00:00\",\"dateModified\":\"2026-03-23T21:05:32+00:00\",\"breadcrumb\":{\"@id\":\"https:\/\/mihalylillahenrietta.keriweb.hu\/termek\/isteni-szinjatek\/#breadcrumb\"},\"inLanguage\":\"en-GB\",\"potentialAction\":[{\"@type\":\"ReadAction\",\"target\":[\"https:\/\/mihalylillahenrietta.keriweb.hu\/termek\/isteni-szinjatek\/\"]}]},{\"@type\":\"ImageObject\",\"inLanguage\":\"en-GB\",\"@id\":\"https:\/\/mihalylillahenrietta.keriweb.hu\/termek\/isteni-szinjatek\/#primaryimage\",\"url\":\"https:\/\/mihalylillahenrietta.keriweb.hu\/wp-content\/uploads\/2026\/01\/Nevtelen-terv-18.png\",\"contentUrl\":\"https:\/\/mihalylillahenrietta.keriweb.hu\/wp-content\/uploads\/2026\/01\/Nevtelen-terv-18.png\",\"width\":400,\"height\":629},{\"@type\":\"BreadcrumbList\",\"@id\":\"https:\/\/mihalylillahenrietta.keriweb.hu\/termek\/isteni-szinjatek\/#breadcrumb\",\"itemListElement\":[{\"@type\":\"ListItem\",\"position\":1,\"name\":\"Kezd\u0151lap\",\"item\":\"https:\/\/mihalylillahenrietta.keriweb.hu\/\"},{\"@type\":\"ListItem\",\"position\":2,\"name\":\"Shop\",\"item\":\"https:\/\/mihalylillahenrietta.keriweb.hu\/\"},{\"@type\":\"ListItem\",\"position\":3,\"name\":\"Isteni sz\u00ednj\u00e1t\u00e9k\"}]},{\"@type\":\"WebSite\",\"@id\":\"https:\/\/mihalylillahenrietta.keriweb.hu\/#website\",\"url\":\"https:\/\/mihalylillahenrietta.keriweb.hu\/\",\"name\":\"l\u2019art Lilla\",\"description\":\"ez egy TANUL\u00d3I, TESZT web\u00e1ruh\u00e1z :)\",\"potentialAction\":[{\"@type\":\"SearchAction\",\"target\":{\"@type\":\"EntryPoint\",\"urlTemplate\":\"https:\/\/mihalylillahenrietta.keriweb.hu\/?s={search_term_string}\"},\"query-input\":{\"@type\":\"PropertyValueSpecification\",\"valueRequired\":true,\"valueName\":\"search_term_string\"}}],\"inLanguage\":\"en-GB\"}]}<\/script>\n<!-- \/ Yoast SEO plugin. -->","yoast_head_json":{"title":"Isteni sz\u00ednj\u00e1t\u00e9k - l\u2019art Lilla","robots":{"index":"index","follow":"follow","max-snippet":"max-snippet:-1","max-image-preview":"max-image-preview:large","max-video-preview":"max-video-preview:-1"},"canonical":"https:\/\/mihalylillahenrietta.keriweb.hu\/en\/product\/isteni-szinjatek\/","og_locale":"en_GB","og_type":"article","og_title":"Isteni sz\u00ednj\u00e1t\u00e9k - l\u2019art Lilla","og_description":"M\u0171faj: Eposz, allegorikus k\u00f6ltem\u00e9ny Szerz\u0151: Dante Alighieri Keletkez\u00e9s: 14. sz\u00e1zad eleje Kiad\u00f3: Talentum T\u00e9m\u00e1k: b\u0171n \u00e9s b\u00fcntet\u00e9s, megtisztul\u00e1s, \u00fcdv\u00f6ss\u00e9g, erk\u00f6lcs \u00e9s igazs\u00e1goss\u00e1g, vall\u00e1s, emberi l\u00e9lek fejl\u0151d\u00e9se, t\u00falvil\u00e1gi l\u00e1tom\u00e1s, hatalom \u00e9s felel\u0151ss\u00e9g","og_url":"https:\/\/mihalylillahenrietta.keriweb.hu\/en\/product\/isteni-szinjatek\/","og_site_name":"l\u2019art Lilla","article_modified_time":"2026-03-23T21:05:32+00:00","og_image":[{"width":400,"height":629,"url":"https:\/\/mihalylillahenrietta.keriweb.hu\/wp-content\/uploads\/2026\/01\/Nevtelen-terv-18.png","type":"image\/png"}],"twitter_card":"summary_large_image","twitter_misc":{"Estimated reading time":"1 minute"},"schema":{"@context":"https:\/\/schema.org","@graph":[{"@type":"WebPage","@id":"https:\/\/mihalylillahenrietta.keriweb.hu\/termek\/isteni-szinjatek\/","url":"https:\/\/mihalylillahenrietta.keriweb.hu\/termek\/isteni-szinjatek\/","name":"Isteni sz\u00ednj\u00e1t\u00e9k - l\u2019art Lilla","isPartOf":{"@id":"https:\/\/mihalylillahenrietta.keriweb.hu\/#website"},"primaryImageOfPage":{"@id":"https:\/\/mihalylillahenrietta.keriweb.hu\/termek\/isteni-szinjatek\/#primaryimage"},"image":{"@id":"https:\/\/mihalylillahenrietta.keriweb.hu\/termek\/isteni-szinjatek\/#primaryimage"},"thumbnailUrl":"https:\/\/mihalylillahenrietta.keriweb.hu\/wp-content\/uploads\/2026\/01\/Nevtelen-terv-18.png","datePublished":"2026-01-23T17:59:41+00:00","dateModified":"2026-03-23T21:05:32+00:00","breadcrumb":{"@id":"https:\/\/mihalylillahenrietta.keriweb.hu\/termek\/isteni-szinjatek\/#breadcrumb"},"inLanguage":"en-GB","potentialAction":[{"@type":"ReadAction","target":["https:\/\/mihalylillahenrietta.keriweb.hu\/termek\/isteni-szinjatek\/"]}]},{"@type":"ImageObject","inLanguage":"en-GB","@id":"https:\/\/mihalylillahenrietta.keriweb.hu\/termek\/isteni-szinjatek\/#primaryimage","url":"https:\/\/mihalylillahenrietta.keriweb.hu\/wp-content\/uploads\/2026\/01\/Nevtelen-terv-18.png","contentUrl":"https:\/\/mihalylillahenrietta.keriweb.hu\/wp-content\/uploads\/2026\/01\/Nevtelen-terv-18.png","width":400,"height":629},{"@type":"BreadcrumbList","@id":"https:\/\/mihalylillahenrietta.keriweb.hu\/termek\/isteni-szinjatek\/#breadcrumb","itemListElement":[{"@type":"ListItem","position":1,"name":"Kezd\u0151lap","item":"https:\/\/mihalylillahenrietta.keriweb.hu\/"},{"@type":"ListItem","position":2,"name":"Shop","item":"https:\/\/mihalylillahenrietta.keriweb.hu\/"},{"@type":"ListItem","position":3,"name":"Isteni sz\u00ednj\u00e1t\u00e9k"}]},{"@type":"WebSite","@id":"https:\/\/mihalylillahenrietta.keriweb.hu\/#website","url":"https:\/\/mihalylillahenrietta.keriweb.hu\/","name":"l\u2019art Lilla","description":"ez egy TANUL\u00d3I, TESZT web\u00e1ruh\u00e1z :)","potentialAction":[{"@type":"SearchAction","target":{"@type":"EntryPoint","urlTemplate":"https:\/\/mihalylillahenrietta.keriweb.hu\/?s={search_term_string}"},"query-input":{"@type":"PropertyValueSpecification","valueRequired":true,"valueName":"search_term_string"}}],"inLanguage":"en-GB"}]}},"_links":{"self":[{"href":"https:\/\/mihalylillahenrietta.keriweb.hu\/en\/wp-json\/wp\/v2\/product\/191","targetHints":{"allow":["GET"]}}],"collection":[{"href":"https:\/\/mihalylillahenrietta.keriweb.hu\/en\/wp-json\/wp\/v2\/product"}],"about":[{"href":"https:\/\/mihalylillahenrietta.keriweb.hu\/en\/wp-json\/wp\/v2\/types\/product"}],"replies":[{"embeddable":true,"href":"https:\/\/mihalylillahenrietta.keriweb.hu\/en\/wp-json\/wp\/v2\/comments?post=191"}],"wp:featuredmedia":[{"embeddable":true,"href":"https:\/\/mihalylillahenrietta.keriweb.hu\/en\/wp-json\/wp\/v2\/media\/316"}],"wp:attachment":[{"href":"https:\/\/mihalylillahenrietta.keriweb.hu\/en\/wp-json\/wp\/v2\/media?parent=191"}],"wp:term":[{"taxonomy":"product_brand","embeddable":true,"href":"https:\/\/mihalylillahenrietta.keriweb.hu\/en\/wp-json\/wp\/v2\/product_brand?post=191"},{"taxonomy":"product_cat","embeddable":true,"href":"https:\/\/mihalylillahenrietta.keriweb.hu\/en\/wp-json\/wp\/v2\/product_cat?post=191"},{"taxonomy":"product_tag","embeddable":true,"href":"https:\/\/mihalylillahenrietta.keriweb.hu\/en\/wp-json\/wp\/v2\/product_tag?post=191"}],"curies":[{"name":"wp","href":"https:\/\/api.w.org\/{rel}","templated":true}]}}