{"id":170,"date":"2026-01-23T09:14:27","date_gmt":"2026-01-23T09:14:27","guid":{"rendered":"https:\/\/mihalylillahenrietta.keriweb.hu\/?post_type=product&#038;p=170"},"modified":"2026-03-23T20:47:39","modified_gmt":"2026-03-23T20:47:39","slug":"bun-es-bunhodes","status":"publish","type":"product","link":"https:\/\/mihalylillahenrietta.keriweb.hu\/en\/product\/bun-es-bunhodes\/","title":{"rendered":"Crime and Punishment"},"content":{"rendered":"<p>Fyodor Mikhailovich Dostoevsky\u2019s novel Crime and Punishment is one of the deepest psychological works in world literature. The story centers on Raskolnikov, who commits a murder out of conviction, believing that as an extraordinary man he can stand above the law. However, afterward, guilt, conscience, and inner turmoil gradually consume him. <\/p>\n<p>The novel explores questions of morality, responsibility, and redemption, while vividly depicting the extreme states of the human psyche. Dostoevsky\u2019s profound psychological insight and philosophical reflections make the work timeless. Crime and Punishment is essential reading for anyone seeking to understand the darker aspects of human nature. <\/p>","protected":false},"excerpt":{"rendered":"<p>M\u0171faj: L\u00e9lektani, filoz\u00f3fiai reg\u00e9ny<br \/>\nSzerz\u0151: Fjodor Mihajlovics Dosztojevszkij<br \/>\nMegjelen\u00e9s \u00e9ve: 1886<br \/>\nKiad\u00f3: Eur\u00f3pa Di\u00e1kk\u00f6nyvt\u00e1r<br \/>\nT\u00e9m\u00e1k: b\u0171n, b\u0171nh\u0151d\u00e9s, lelkiismeret, erk\u00f6lcs, megv\u00e1lt\u00e1s <\/p>","protected":false},"featured_media":310,"comment_status":"open","ping_status":"closed","template":"","meta":[],"product_brand":[],"product_cat":[19,36],"product_tag":[38],"class_list":{"0":"post-170","1":"product","2":"type-product","3":"status-publish","4":"has-post-thumbnail","6":"product_cat-konyv","7":"product_cat-vilagirodalom","8":"product_tag-dosztojevszkij","10":"first","11":"instock","12":"taxable","13":"shipping-taxable","14":"purchasable","15":"product-type-simple"},"yoast_head":"<!-- This site is optimized with the Yoast SEO plugin v27.2 - https:\/\/yoast.com\/product\/yoast-seo-wordpress\/ -->\n<title>B\u0171n \u00e9s b\u0171nh\u0151d\u00e9s - l\u2019art Lilla<\/title>\n<meta name=\"robots\" content=\"index, follow, max-snippet:-1, max-image-preview:large, max-video-preview:-1\" \/>\n<link rel=\"canonical\" href=\"https:\/\/mihalylillahenrietta.keriweb.hu\/en\/product\/bun-es-bunhodes\/\" \/>\n<meta property=\"og:locale\" content=\"en_GB\" \/>\n<meta property=\"og:type\" content=\"article\" \/>\n<meta property=\"og:title\" content=\"B\u0171n \u00e9s b\u0171nh\u0151d\u00e9s - l\u2019art Lilla\" \/>\n<meta property=\"og:description\" content=\"M\u0171faj: L\u00e9lektani, filoz\u00f3fiai reg\u00e9ny  Szerz\u0151: Fjodor Mihajlovics Dosztojevszkij  Megjelen\u00e9s \u00e9ve: 1886 Kiad\u00f3: Eur\u00f3pa Di\u00e1kk\u00f6nyvt\u00e1r T\u00e9m\u00e1k: b\u0171n, b\u0171nh\u0151d\u00e9s, lelkiismeret, erk\u00f6lcs, megv\u00e1lt\u00e1s\" \/>\n<meta property=\"og:url\" content=\"https:\/\/mihalylillahenrietta.keriweb.hu\/en\/product\/bun-es-bunhodes\/\" \/>\n<meta property=\"og:site_name\" content=\"l\u2019art Lilla\" \/>\n<meta property=\"article:modified_time\" content=\"2026-03-23T20:47:39+00:00\" \/>\n<meta property=\"og:image\" content=\"https:\/\/mihalylillahenrietta.keriweb.hu\/wp-content\/uploads\/2026\/01\/Nevtelen-terv-15.png\" \/>\n\t<meta property=\"og:image:width\" content=\"400\" \/>\n\t<meta property=\"og:image:height\" content=\"629\" \/>\n\t<meta property=\"og:image:type\" content=\"image\/png\" \/>\n<meta name=\"twitter:card\" content=\"summary_large_image\" \/>\n<meta name=\"twitter:label1\" content=\"Estimated reading time\" \/>\n\t<meta name=\"twitter:data1\" content=\"1 minute\" \/>\n<script type=\"application\/ld+json\" class=\"yoast-schema-graph\">{\"@context\":\"https:\/\/schema.org\",\"@graph\":[{\"@type\":\"WebPage\",\"@id\":\"https:\/\/mihalylillahenrietta.keriweb.hu\/termek\/bun-es-bunhodes\/\",\"url\":\"https:\/\/mihalylillahenrietta.keriweb.hu\/termek\/bun-es-bunhodes\/\",\"name\":\"B\u0171n \u00e9s b\u0171nh\u0151d\u00e9s - l\u2019art Lilla\",\"isPartOf\":{\"@id\":\"https:\/\/mihalylillahenrietta.keriweb.hu\/#website\"},\"primaryImageOfPage\":{\"@id\":\"https:\/\/mihalylillahenrietta.keriweb.hu\/termek\/bun-es-bunhodes\/#primaryimage\"},\"image\":{\"@id\":\"https:\/\/mihalylillahenrietta.keriweb.hu\/termek\/bun-es-bunhodes\/#primaryimage\"},\"thumbnailUrl\":\"https:\/\/mihalylillahenrietta.keriweb.hu\/wp-content\/uploads\/2026\/01\/Nevtelen-terv-15.png\",\"datePublished\":\"2026-01-23T09:14:27+00:00\",\"dateModified\":\"2026-03-23T20:47:39+00:00\",\"breadcrumb\":{\"@id\":\"https:\/\/mihalylillahenrietta.keriweb.hu\/termek\/bun-es-bunhodes\/#breadcrumb\"},\"inLanguage\":\"en-GB\",\"potentialAction\":[{\"@type\":\"ReadAction\",\"target\":[\"https:\/\/mihalylillahenrietta.keriweb.hu\/termek\/bun-es-bunhodes\/\"]}]},{\"@type\":\"ImageObject\",\"inLanguage\":\"en-GB\",\"@id\":\"https:\/\/mihalylillahenrietta.keriweb.hu\/termek\/bun-es-bunhodes\/#primaryimage\",\"url\":\"https:\/\/mihalylillahenrietta.keriweb.hu\/wp-content\/uploads\/2026\/01\/Nevtelen-terv-15.png\",\"contentUrl\":\"https:\/\/mihalylillahenrietta.keriweb.hu\/wp-content\/uploads\/2026\/01\/Nevtelen-terv-15.png\",\"width\":400,\"height\":629},{\"@type\":\"BreadcrumbList\",\"@id\":\"https:\/\/mihalylillahenrietta.keriweb.hu\/termek\/bun-es-bunhodes\/#breadcrumb\",\"itemListElement\":[{\"@type\":\"ListItem\",\"position\":1,\"name\":\"Kezd\u0151lap\",\"item\":\"https:\/\/mihalylillahenrietta.keriweb.hu\/\"},{\"@type\":\"ListItem\",\"position\":2,\"name\":\"Shop\",\"item\":\"https:\/\/mihalylillahenrietta.keriweb.hu\/\"},{\"@type\":\"ListItem\",\"position\":3,\"name\":\"B\u0171n \u00e9s b\u0171nh\u0151d\u00e9s\"}]},{\"@type\":\"WebSite\",\"@id\":\"https:\/\/mihalylillahenrietta.keriweb.hu\/#website\",\"url\":\"https:\/\/mihalylillahenrietta.keriweb.hu\/\",\"name\":\"l\u2019art Lilla\",\"description\":\"ez egy TANUL\u00d3I, TESZT web\u00e1ruh\u00e1z :)\",\"potentialAction\":[{\"@type\":\"SearchAction\",\"target\":{\"@type\":\"EntryPoint\",\"urlTemplate\":\"https:\/\/mihalylillahenrietta.keriweb.hu\/?s={search_term_string}\"},\"query-input\":{\"@type\":\"PropertyValueSpecification\",\"valueRequired\":true,\"valueName\":\"search_term_string\"}}],\"inLanguage\":\"en-GB\"}]}<\/script>\n<!-- \/ Yoast SEO plugin. -->","yoast_head_json":{"title":"B\u0171n \u00e9s b\u0171nh\u0151d\u00e9s - l\u2019art Lilla","robots":{"index":"index","follow":"follow","max-snippet":"max-snippet:-1","max-image-preview":"max-image-preview:large","max-video-preview":"max-video-preview:-1"},"canonical":"https:\/\/mihalylillahenrietta.keriweb.hu\/en\/product\/bun-es-bunhodes\/","og_locale":"en_GB","og_type":"article","og_title":"B\u0171n \u00e9s b\u0171nh\u0151d\u00e9s - l\u2019art Lilla","og_description":"M\u0171faj: L\u00e9lektani, filoz\u00f3fiai reg\u00e9ny  Szerz\u0151: Fjodor Mihajlovics Dosztojevszkij  Megjelen\u00e9s \u00e9ve: 1886 Kiad\u00f3: Eur\u00f3pa Di\u00e1kk\u00f6nyvt\u00e1r T\u00e9m\u00e1k: b\u0171n, b\u0171nh\u0151d\u00e9s, lelkiismeret, erk\u00f6lcs, megv\u00e1lt\u00e1s","og_url":"https:\/\/mihalylillahenrietta.keriweb.hu\/en\/product\/bun-es-bunhodes\/","og_site_name":"l\u2019art Lilla","article_modified_time":"2026-03-23T20:47:39+00:00","og_image":[{"width":400,"height":629,"url":"https:\/\/mihalylillahenrietta.keriweb.hu\/wp-content\/uploads\/2026\/01\/Nevtelen-terv-15.png","type":"image\/png"}],"twitter_card":"summary_large_image","twitter_misc":{"Estimated reading time":"1 minute"},"schema":{"@context":"https:\/\/schema.org","@graph":[{"@type":"WebPage","@id":"https:\/\/mihalylillahenrietta.keriweb.hu\/termek\/bun-es-bunhodes\/","url":"https:\/\/mihalylillahenrietta.keriweb.hu\/termek\/bun-es-bunhodes\/","name":"B\u0171n \u00e9s b\u0171nh\u0151d\u00e9s - l\u2019art Lilla","isPartOf":{"@id":"https:\/\/mihalylillahenrietta.keriweb.hu\/#website"},"primaryImageOfPage":{"@id":"https:\/\/mihalylillahenrietta.keriweb.hu\/termek\/bun-es-bunhodes\/#primaryimage"},"image":{"@id":"https:\/\/mihalylillahenrietta.keriweb.hu\/termek\/bun-es-bunhodes\/#primaryimage"},"thumbnailUrl":"https:\/\/mihalylillahenrietta.keriweb.hu\/wp-content\/uploads\/2026\/01\/Nevtelen-terv-15.png","datePublished":"2026-01-23T09:14:27+00:00","dateModified":"2026-03-23T20:47:39+00:00","breadcrumb":{"@id":"https:\/\/mihalylillahenrietta.keriweb.hu\/termek\/bun-es-bunhodes\/#breadcrumb"},"inLanguage":"en-GB","potentialAction":[{"@type":"ReadAction","target":["https:\/\/mihalylillahenrietta.keriweb.hu\/termek\/bun-es-bunhodes\/"]}]},{"@type":"ImageObject","inLanguage":"en-GB","@id":"https:\/\/mihalylillahenrietta.keriweb.hu\/termek\/bun-es-bunhodes\/#primaryimage","url":"https:\/\/mihalylillahenrietta.keriweb.hu\/wp-content\/uploads\/2026\/01\/Nevtelen-terv-15.png","contentUrl":"https:\/\/mihalylillahenrietta.keriweb.hu\/wp-content\/uploads\/2026\/01\/Nevtelen-terv-15.png","width":400,"height":629},{"@type":"BreadcrumbList","@id":"https:\/\/mihalylillahenrietta.keriweb.hu\/termek\/bun-es-bunhodes\/#breadcrumb","itemListElement":[{"@type":"ListItem","position":1,"name":"Kezd\u0151lap","item":"https:\/\/mihalylillahenrietta.keriweb.hu\/"},{"@type":"ListItem","position":2,"name":"Shop","item":"https:\/\/mihalylillahenrietta.keriweb.hu\/"},{"@type":"ListItem","position":3,"name":"B\u0171n \u00e9s b\u0171nh\u0151d\u00e9s"}]},{"@type":"WebSite","@id":"https:\/\/mihalylillahenrietta.keriweb.hu\/#website","url":"https:\/\/mihalylillahenrietta.keriweb.hu\/","name":"l\u2019art Lilla","description":"ez egy TANUL\u00d3I, TESZT web\u00e1ruh\u00e1z :)","potentialAction":[{"@type":"SearchAction","target":{"@type":"EntryPoint","urlTemplate":"https:\/\/mihalylillahenrietta.keriweb.hu\/?s={search_term_string}"},"query-input":{"@type":"PropertyValueSpecification","valueRequired":true,"valueName":"search_term_string"}}],"inLanguage":"en-GB"}]}},"_links":{"self":[{"href":"https:\/\/mihalylillahenrietta.keriweb.hu\/en\/wp-json\/wp\/v2\/product\/170","targetHints":{"allow":["GET"]}}],"collection":[{"href":"https:\/\/mihalylillahenrietta.keriweb.hu\/en\/wp-json\/wp\/v2\/product"}],"about":[{"href":"https:\/\/mihalylillahenrietta.keriweb.hu\/en\/wp-json\/wp\/v2\/types\/product"}],"replies":[{"embeddable":true,"href":"https:\/\/mihalylillahenrietta.keriweb.hu\/en\/wp-json\/wp\/v2\/comments?post=170"}],"wp:featuredmedia":[{"embeddable":true,"href":"https:\/\/mihalylillahenrietta.keriweb.hu\/en\/wp-json\/wp\/v2\/media\/310"}],"wp:attachment":[{"href":"https:\/\/mihalylillahenrietta.keriweb.hu\/en\/wp-json\/wp\/v2\/media?parent=170"}],"wp:term":[{"taxonomy":"product_brand","embeddable":true,"href":"https:\/\/mihalylillahenrietta.keriweb.hu\/en\/wp-json\/wp\/v2\/product_brand?post=170"},{"taxonomy":"product_cat","embeddable":true,"href":"https:\/\/mihalylillahenrietta.keriweb.hu\/en\/wp-json\/wp\/v2\/product_cat?post=170"},{"taxonomy":"product_tag","embeddable":true,"href":"https:\/\/mihalylillahenrietta.keriweb.hu\/en\/wp-json\/wp\/v2\/product_tag?post=170"}],"curies":[{"name":"wp","href":"https:\/\/api.w.org\/{rel}","templated":true}]}}