{"id":167,"date":"2026-01-23T08:58:41","date_gmt":"2026-01-23T08:58:41","guid":{"rendered":"https:\/\/mihalylillahenrietta.keriweb.hu\/?post_type=product&#038;p=167"},"modified":"2026-03-23T20:38:46","modified_gmt":"2026-03-23T20:38:46","slug":"az-atvaltozas","status":"publish","type":"product","link":"https:\/\/mihalylillahenrietta.keriweb.hu\/en\/product\/az-atvaltozas\/","title":{"rendered":"The Metamorphosis"},"content":{"rendered":"<p>Franz Kafka\u2019s short story The Metamorphosis is one of the most famous and striking works of modern world literature. The story follows the fate of Gregor Samsa, who wakes up one morning to find that he has transformed into an insect. This physical transformation serves as a symbol of the emotional and social isolation that had already shaped Gregor\u2019s life.<\/p>\n<p>The story examines human alienation, the breakdown of family bonds, and the devaluation of the individual. Kafka\u2019s clear yet oppressive style transforms the narrative into a universal experience, offering a still-relevant portrayal of human vulnerability and loneliness. Despite its short length,  The Metamorphosis is a profoundly deep and thought-provoking read. <\/p>","protected":false},"excerpt":{"rendered":"<p>M\u0171faj: Elbesz\u00e9l\u00e9s, abszurd pr\u00f3za<br \/>\nSzerz\u0151: Franz Kafka<br \/>\nMegjelen\u00e9s \u00e9ve: 1915<br \/>\nKiad\u00f3: Eur\u00f3pa Di\u00e1kk\u00f6nyvt\u00e1r<br \/>\nT\u00e9m\u00e1k: elidegened\u00e9s, identit\u00e1sv\u00e1ls\u00e1g, csal\u00e1d, kiszolg\u00e1ltatotts\u00e1g, abszurdit\u00e1s <\/p>","protected":false},"featured_media":307,"comment_status":"open","ping_status":"closed","template":"","meta":[],"product_brand":[],"product_cat":[19,36],"product_tag":[37],"class_list":{"0":"post-167","1":"product","2":"type-product","3":"status-publish","4":"has-post-thumbnail","6":"product_cat-konyv","7":"product_cat-vilagirodalom","8":"product_tag-franz-kafka","10":"first","11":"instock","12":"taxable","13":"shipping-taxable","14":"purchasable","15":"product-type-simple"},"yoast_head":"<!-- This site is optimized with the Yoast SEO plugin v27.2 - https:\/\/yoast.com\/product\/yoast-seo-wordpress\/ -->\n<title>Az \u00e1tv\u00e1ltoz\u00e1s - l\u2019art Lilla<\/title>\n<meta name=\"robots\" content=\"index, follow, max-snippet:-1, max-image-preview:large, max-video-preview:-1\" \/>\n<link rel=\"canonical\" href=\"https:\/\/mihalylillahenrietta.keriweb.hu\/en\/product\/az-atvaltozas\/\" \/>\n<meta property=\"og:locale\" content=\"en_GB\" \/>\n<meta property=\"og:type\" content=\"article\" \/>\n<meta property=\"og:title\" content=\"Az \u00e1tv\u00e1ltoz\u00e1s - l\u2019art Lilla\" \/>\n<meta property=\"og:description\" content=\"M\u0171faj: Elbesz\u00e9l\u00e9s, abszurd pr\u00f3za  Szerz\u0151: Franz Kafka  Megjelen\u00e9s \u00e9ve: 1915 Kiad\u00f3: Eur\u00f3pa Di\u00e1kk\u00f6nyvt\u00e1r T\u00e9m\u00e1k: elidegened\u00e9s, identit\u00e1sv\u00e1ls\u00e1g, csal\u00e1d, kiszolg\u00e1ltatotts\u00e1g, abszurdit\u00e1s\" \/>\n<meta property=\"og:url\" content=\"https:\/\/mihalylillahenrietta.keriweb.hu\/en\/product\/az-atvaltozas\/\" \/>\n<meta property=\"og:site_name\" content=\"l\u2019art Lilla\" \/>\n<meta property=\"article:modified_time\" content=\"2026-03-23T20:38:46+00:00\" \/>\n<meta property=\"og:image\" content=\"https:\/\/mihalylillahenrietta.keriweb.hu\/wp-content\/uploads\/2026\/01\/Nevtelen-terv-13.png\" \/>\n\t<meta property=\"og:image:width\" content=\"400\" \/>\n\t<meta property=\"og:image:height\" content=\"629\" \/>\n\t<meta property=\"og:image:type\" content=\"image\/png\" \/>\n<meta name=\"twitter:card\" content=\"summary_large_image\" \/>\n<meta name=\"twitter:label1\" content=\"Estimated reading time\" \/>\n\t<meta name=\"twitter:data1\" content=\"1 minute\" \/>\n<script type=\"application\/ld+json\" class=\"yoast-schema-graph\">{\"@context\":\"https:\/\/schema.org\",\"@graph\":[{\"@type\":\"WebPage\",\"@id\":\"https:\/\/mihalylillahenrietta.keriweb.hu\/termek\/az-atvaltozas\/\",\"url\":\"https:\/\/mihalylillahenrietta.keriweb.hu\/termek\/az-atvaltozas\/\",\"name\":\"Az \u00e1tv\u00e1ltoz\u00e1s - l\u2019art Lilla\",\"isPartOf\":{\"@id\":\"https:\/\/mihalylillahenrietta.keriweb.hu\/#website\"},\"primaryImageOfPage\":{\"@id\":\"https:\/\/mihalylillahenrietta.keriweb.hu\/termek\/az-atvaltozas\/#primaryimage\"},\"image\":{\"@id\":\"https:\/\/mihalylillahenrietta.keriweb.hu\/termek\/az-atvaltozas\/#primaryimage\"},\"thumbnailUrl\":\"https:\/\/mihalylillahenrietta.keriweb.hu\/wp-content\/uploads\/2026\/01\/Nevtelen-terv-13.png\",\"datePublished\":\"2026-01-23T08:58:41+00:00\",\"dateModified\":\"2026-03-23T20:38:46+00:00\",\"breadcrumb\":{\"@id\":\"https:\/\/mihalylillahenrietta.keriweb.hu\/termek\/az-atvaltozas\/#breadcrumb\"},\"inLanguage\":\"en-GB\",\"potentialAction\":[{\"@type\":\"ReadAction\",\"target\":[\"https:\/\/mihalylillahenrietta.keriweb.hu\/termek\/az-atvaltozas\/\"]}]},{\"@type\":\"ImageObject\",\"inLanguage\":\"en-GB\",\"@id\":\"https:\/\/mihalylillahenrietta.keriweb.hu\/termek\/az-atvaltozas\/#primaryimage\",\"url\":\"https:\/\/mihalylillahenrietta.keriweb.hu\/wp-content\/uploads\/2026\/01\/Nevtelen-terv-13.png\",\"contentUrl\":\"https:\/\/mihalylillahenrietta.keriweb.hu\/wp-content\/uploads\/2026\/01\/Nevtelen-terv-13.png\",\"width\":400,\"height\":629},{\"@type\":\"BreadcrumbList\",\"@id\":\"https:\/\/mihalylillahenrietta.keriweb.hu\/termek\/az-atvaltozas\/#breadcrumb\",\"itemListElement\":[{\"@type\":\"ListItem\",\"position\":1,\"name\":\"Kezd\u0151lap\",\"item\":\"https:\/\/mihalylillahenrietta.keriweb.hu\/\"},{\"@type\":\"ListItem\",\"position\":2,\"name\":\"Shop\",\"item\":\"https:\/\/mihalylillahenrietta.keriweb.hu\/\"},{\"@type\":\"ListItem\",\"position\":3,\"name\":\"Az \u00e1tv\u00e1ltoz\u00e1s\"}]},{\"@type\":\"WebSite\",\"@id\":\"https:\/\/mihalylillahenrietta.keriweb.hu\/#website\",\"url\":\"https:\/\/mihalylillahenrietta.keriweb.hu\/\",\"name\":\"l\u2019art Lilla\",\"description\":\"ez egy TANUL\u00d3I, TESZT web\u00e1ruh\u00e1z :)\",\"potentialAction\":[{\"@type\":\"SearchAction\",\"target\":{\"@type\":\"EntryPoint\",\"urlTemplate\":\"https:\/\/mihalylillahenrietta.keriweb.hu\/?s={search_term_string}\"},\"query-input\":{\"@type\":\"PropertyValueSpecification\",\"valueRequired\":true,\"valueName\":\"search_term_string\"}}],\"inLanguage\":\"en-GB\"}]}<\/script>\n<!-- \/ Yoast SEO plugin. -->","yoast_head_json":{"title":"Az \u00e1tv\u00e1ltoz\u00e1s - l\u2019art Lilla","robots":{"index":"index","follow":"follow","max-snippet":"max-snippet:-1","max-image-preview":"max-image-preview:large","max-video-preview":"max-video-preview:-1"},"canonical":"https:\/\/mihalylillahenrietta.keriweb.hu\/en\/product\/az-atvaltozas\/","og_locale":"en_GB","og_type":"article","og_title":"Az \u00e1tv\u00e1ltoz\u00e1s - l\u2019art Lilla","og_description":"M\u0171faj: Elbesz\u00e9l\u00e9s, abszurd pr\u00f3za  Szerz\u0151: Franz Kafka  Megjelen\u00e9s \u00e9ve: 1915 Kiad\u00f3: Eur\u00f3pa Di\u00e1kk\u00f6nyvt\u00e1r T\u00e9m\u00e1k: elidegened\u00e9s, identit\u00e1sv\u00e1ls\u00e1g, csal\u00e1d, kiszolg\u00e1ltatotts\u00e1g, abszurdit\u00e1s","og_url":"https:\/\/mihalylillahenrietta.keriweb.hu\/en\/product\/az-atvaltozas\/","og_site_name":"l\u2019art Lilla","article_modified_time":"2026-03-23T20:38:46+00:00","og_image":[{"width":400,"height":629,"url":"https:\/\/mihalylillahenrietta.keriweb.hu\/wp-content\/uploads\/2026\/01\/Nevtelen-terv-13.png","type":"image\/png"}],"twitter_card":"summary_large_image","twitter_misc":{"Estimated reading time":"1 minute"},"schema":{"@context":"https:\/\/schema.org","@graph":[{"@type":"WebPage","@id":"https:\/\/mihalylillahenrietta.keriweb.hu\/termek\/az-atvaltozas\/","url":"https:\/\/mihalylillahenrietta.keriweb.hu\/termek\/az-atvaltozas\/","name":"Az \u00e1tv\u00e1ltoz\u00e1s - l\u2019art Lilla","isPartOf":{"@id":"https:\/\/mihalylillahenrietta.keriweb.hu\/#website"},"primaryImageOfPage":{"@id":"https:\/\/mihalylillahenrietta.keriweb.hu\/termek\/az-atvaltozas\/#primaryimage"},"image":{"@id":"https:\/\/mihalylillahenrietta.keriweb.hu\/termek\/az-atvaltozas\/#primaryimage"},"thumbnailUrl":"https:\/\/mihalylillahenrietta.keriweb.hu\/wp-content\/uploads\/2026\/01\/Nevtelen-terv-13.png","datePublished":"2026-01-23T08:58:41+00:00","dateModified":"2026-03-23T20:38:46+00:00","breadcrumb":{"@id":"https:\/\/mihalylillahenrietta.keriweb.hu\/termek\/az-atvaltozas\/#breadcrumb"},"inLanguage":"en-GB","potentialAction":[{"@type":"ReadAction","target":["https:\/\/mihalylillahenrietta.keriweb.hu\/termek\/az-atvaltozas\/"]}]},{"@type":"ImageObject","inLanguage":"en-GB","@id":"https:\/\/mihalylillahenrietta.keriweb.hu\/termek\/az-atvaltozas\/#primaryimage","url":"https:\/\/mihalylillahenrietta.keriweb.hu\/wp-content\/uploads\/2026\/01\/Nevtelen-terv-13.png","contentUrl":"https:\/\/mihalylillahenrietta.keriweb.hu\/wp-content\/uploads\/2026\/01\/Nevtelen-terv-13.png","width":400,"height":629},{"@type":"BreadcrumbList","@id":"https:\/\/mihalylillahenrietta.keriweb.hu\/termek\/az-atvaltozas\/#breadcrumb","itemListElement":[{"@type":"ListItem","position":1,"name":"Kezd\u0151lap","item":"https:\/\/mihalylillahenrietta.keriweb.hu\/"},{"@type":"ListItem","position":2,"name":"Shop","item":"https:\/\/mihalylillahenrietta.keriweb.hu\/"},{"@type":"ListItem","position":3,"name":"Az \u00e1tv\u00e1ltoz\u00e1s"}]},{"@type":"WebSite","@id":"https:\/\/mihalylillahenrietta.keriweb.hu\/#website","url":"https:\/\/mihalylillahenrietta.keriweb.hu\/","name":"l\u2019art Lilla","description":"ez egy TANUL\u00d3I, TESZT web\u00e1ruh\u00e1z :)","potentialAction":[{"@type":"SearchAction","target":{"@type":"EntryPoint","urlTemplate":"https:\/\/mihalylillahenrietta.keriweb.hu\/?s={search_term_string}"},"query-input":{"@type":"PropertyValueSpecification","valueRequired":true,"valueName":"search_term_string"}}],"inLanguage":"en-GB"}]}},"_links":{"self":[{"href":"https:\/\/mihalylillahenrietta.keriweb.hu\/en\/wp-json\/wp\/v2\/product\/167","targetHints":{"allow":["GET"]}}],"collection":[{"href":"https:\/\/mihalylillahenrietta.keriweb.hu\/en\/wp-json\/wp\/v2\/product"}],"about":[{"href":"https:\/\/mihalylillahenrietta.keriweb.hu\/en\/wp-json\/wp\/v2\/types\/product"}],"replies":[{"embeddable":true,"href":"https:\/\/mihalylillahenrietta.keriweb.hu\/en\/wp-json\/wp\/v2\/comments?post=167"}],"wp:featuredmedia":[{"embeddable":true,"href":"https:\/\/mihalylillahenrietta.keriweb.hu\/en\/wp-json\/wp\/v2\/media\/307"}],"wp:attachment":[{"href":"https:\/\/mihalylillahenrietta.keriweb.hu\/en\/wp-json\/wp\/v2\/media?parent=167"}],"wp:term":[{"taxonomy":"product_brand","embeddable":true,"href":"https:\/\/mihalylillahenrietta.keriweb.hu\/en\/wp-json\/wp\/v2\/product_brand?post=167"},{"taxonomy":"product_cat","embeddable":true,"href":"https:\/\/mihalylillahenrietta.keriweb.hu\/en\/wp-json\/wp\/v2\/product_cat?post=167"},{"taxonomy":"product_tag","embeddable":true,"href":"https:\/\/mihalylillahenrietta.keriweb.hu\/en\/wp-json\/wp\/v2\/product_tag?post=167"}],"curies":[{"name":"wp","href":"https:\/\/api.w.org\/{rel}","templated":true}]}}