{"id":161,"date":"2026-01-23T08:10:52","date_gmt":"2026-01-23T08:10:52","guid":{"rendered":"https:\/\/mihalylillahenrietta.keriweb.hu\/?post_type=product&#038;p=161"},"modified":"2026-03-23T21:08:19","modified_gmt":"2026-03-23T21:08:19","slug":"janos-vitez","status":"publish","type":"product","link":"https:\/\/mihalylillahenrietta.keriweb.hu\/en\/product\/janos-vitez\/","title":{"rendered":"John the Valian"},"content":{"rendered":"<p>S\u00e1ndor Pet\u0151fi\u2019s narrative poem John the Valian is one of the most famous and beloved works in Hungarian literature. The poem tells the story of Kukorica Jancsi, who becomes a hero through his courage and loyalty and embarks on a long, adventurous journey in memory of his love, Iluska. Woven with elements of fairy tale, the story centers on the ideals of the folk hero, pure love, and the triumph of justice. <\/p>\n<p>The work is at once a folk tale, a heroic story, and a romantic epic. Pet\u0151fi\u2019s lively language, vivid imagery, and accessible style make J\u00e1nos vit\u00e9z a timeless read, introducing generations to the world of Hungarian literature.  <\/p>","protected":false},"excerpt":{"rendered":"<p>M\u0171faj: Elbesz\u00e9l\u0151 k\u00f6ltem\u00e9ny<br \/>\nSzerz\u0151: Pet\u0151fi S\u00e1ndor<br \/>\nMegjelen\u00e9s \u00e9ve: 1845<br \/>\nKiad\u00f3: Talentum<br \/>\nT\u00e9m\u00e1k: szerelem, h\u0171s\u00e9g, kaland, n\u00e9pi h\u0151seszm\u00e9ny, mese \u00e9s val\u00f3s\u00e1g <\/p>","protected":false},"featured_media":317,"comment_status":"open","ping_status":"closed","template":"","meta":[],"product_brand":[],"product_cat":[19,20],"product_tag":[35],"class_list":{"0":"post-161","1":"product","2":"type-product","3":"status-publish","4":"has-post-thumbnail","6":"product_cat-konyv","7":"product_cat-magyar-irodalom","8":"product_tag-petofi-sandor","10":"first","11":"instock","12":"taxable","13":"shipping-taxable","14":"purchasable","15":"product-type-simple"},"yoast_head":"<!-- This site is optimized with the Yoast SEO plugin v27.2 - https:\/\/yoast.com\/product\/yoast-seo-wordpress\/ -->\n<title>J\u00e1nos vit\u00e9z - l\u2019art Lilla<\/title>\n<meta name=\"robots\" content=\"index, follow, max-snippet:-1, max-image-preview:large, max-video-preview:-1\" \/>\n<link rel=\"canonical\" href=\"https:\/\/mihalylillahenrietta.keriweb.hu\/en\/product\/janos-vitez\/\" \/>\n<meta property=\"og:locale\" content=\"en_GB\" \/>\n<meta property=\"og:type\" content=\"article\" \/>\n<meta property=\"og:title\" content=\"J\u00e1nos vit\u00e9z - l\u2019art Lilla\" \/>\n<meta property=\"og:description\" content=\"M\u0171faj: Elbesz\u00e9l\u0151 k\u00f6ltem\u00e9ny  Szerz\u0151: Pet\u0151fi S\u00e1ndor Megjelen\u00e9s \u00e9ve: 1845 Kiad\u00f3: Talentum  T\u00e9m\u00e1k: szerelem, h\u0171s\u00e9g, kaland, n\u00e9pi h\u0151seszm\u00e9ny, mese \u00e9s val\u00f3s\u00e1g\" \/>\n<meta property=\"og:url\" content=\"https:\/\/mihalylillahenrietta.keriweb.hu\/en\/product\/janos-vitez\/\" \/>\n<meta property=\"og:site_name\" content=\"l\u2019art Lilla\" \/>\n<meta property=\"article:modified_time\" content=\"2026-03-23T21:08:19+00:00\" \/>\n<meta property=\"og:image\" content=\"https:\/\/mihalylillahenrietta.keriweb.hu\/wp-content\/uploads\/2026\/01\/Nevtelen-terv-19.png\" \/>\n\t<meta property=\"og:image:width\" content=\"400\" \/>\n\t<meta property=\"og:image:height\" content=\"629\" \/>\n\t<meta property=\"og:image:type\" content=\"image\/png\" \/>\n<meta name=\"twitter:card\" content=\"summary_large_image\" \/>\n<meta name=\"twitter:label1\" content=\"Estimated reading time\" \/>\n\t<meta name=\"twitter:data1\" content=\"1 minute\" \/>\n<script type=\"application\/ld+json\" class=\"yoast-schema-graph\">{\"@context\":\"https:\/\/schema.org\",\"@graph\":[{\"@type\":\"WebPage\",\"@id\":\"https:\/\/mihalylillahenrietta.keriweb.hu\/termek\/janos-vitez\/\",\"url\":\"https:\/\/mihalylillahenrietta.keriweb.hu\/termek\/janos-vitez\/\",\"name\":\"J\u00e1nos vit\u00e9z - l\u2019art Lilla\",\"isPartOf\":{\"@id\":\"https:\/\/mihalylillahenrietta.keriweb.hu\/#website\"},\"primaryImageOfPage\":{\"@id\":\"https:\/\/mihalylillahenrietta.keriweb.hu\/termek\/janos-vitez\/#primaryimage\"},\"image\":{\"@id\":\"https:\/\/mihalylillahenrietta.keriweb.hu\/termek\/janos-vitez\/#primaryimage\"},\"thumbnailUrl\":\"https:\/\/mihalylillahenrietta.keriweb.hu\/wp-content\/uploads\/2026\/01\/Nevtelen-terv-19.png\",\"datePublished\":\"2026-01-23T08:10:52+00:00\",\"dateModified\":\"2026-03-23T21:08:19+00:00\",\"breadcrumb\":{\"@id\":\"https:\/\/mihalylillahenrietta.keriweb.hu\/termek\/janos-vitez\/#breadcrumb\"},\"inLanguage\":\"en-GB\",\"potentialAction\":[{\"@type\":\"ReadAction\",\"target\":[\"https:\/\/mihalylillahenrietta.keriweb.hu\/termek\/janos-vitez\/\"]}]},{\"@type\":\"ImageObject\",\"inLanguage\":\"en-GB\",\"@id\":\"https:\/\/mihalylillahenrietta.keriweb.hu\/termek\/janos-vitez\/#primaryimage\",\"url\":\"https:\/\/mihalylillahenrietta.keriweb.hu\/wp-content\/uploads\/2026\/01\/Nevtelen-terv-19.png\",\"contentUrl\":\"https:\/\/mihalylillahenrietta.keriweb.hu\/wp-content\/uploads\/2026\/01\/Nevtelen-terv-19.png\",\"width\":400,\"height\":629},{\"@type\":\"BreadcrumbList\",\"@id\":\"https:\/\/mihalylillahenrietta.keriweb.hu\/termek\/janos-vitez\/#breadcrumb\",\"itemListElement\":[{\"@type\":\"ListItem\",\"position\":1,\"name\":\"Kezd\u0151lap\",\"item\":\"https:\/\/mihalylillahenrietta.keriweb.hu\/\"},{\"@type\":\"ListItem\",\"position\":2,\"name\":\"Shop\",\"item\":\"https:\/\/mihalylillahenrietta.keriweb.hu\/\"},{\"@type\":\"ListItem\",\"position\":3,\"name\":\"J\u00e1nos vit\u00e9z\"}]},{\"@type\":\"WebSite\",\"@id\":\"https:\/\/mihalylillahenrietta.keriweb.hu\/#website\",\"url\":\"https:\/\/mihalylillahenrietta.keriweb.hu\/\",\"name\":\"l\u2019art Lilla\",\"description\":\"ez egy TANUL\u00d3I, TESZT web\u00e1ruh\u00e1z :)\",\"potentialAction\":[{\"@type\":\"SearchAction\",\"target\":{\"@type\":\"EntryPoint\",\"urlTemplate\":\"https:\/\/mihalylillahenrietta.keriweb.hu\/?s={search_term_string}\"},\"query-input\":{\"@type\":\"PropertyValueSpecification\",\"valueRequired\":true,\"valueName\":\"search_term_string\"}}],\"inLanguage\":\"en-GB\"}]}<\/script>\n<!-- \/ Yoast SEO plugin. -->","yoast_head_json":{"title":"J\u00e1nos vit\u00e9z - l\u2019art Lilla","robots":{"index":"index","follow":"follow","max-snippet":"max-snippet:-1","max-image-preview":"max-image-preview:large","max-video-preview":"max-video-preview:-1"},"canonical":"https:\/\/mihalylillahenrietta.keriweb.hu\/en\/product\/janos-vitez\/","og_locale":"en_GB","og_type":"article","og_title":"J\u00e1nos vit\u00e9z - l\u2019art Lilla","og_description":"M\u0171faj: Elbesz\u00e9l\u0151 k\u00f6ltem\u00e9ny  Szerz\u0151: Pet\u0151fi S\u00e1ndor Megjelen\u00e9s \u00e9ve: 1845 Kiad\u00f3: Talentum  T\u00e9m\u00e1k: szerelem, h\u0171s\u00e9g, kaland, n\u00e9pi h\u0151seszm\u00e9ny, mese \u00e9s val\u00f3s\u00e1g","og_url":"https:\/\/mihalylillahenrietta.keriweb.hu\/en\/product\/janos-vitez\/","og_site_name":"l\u2019art Lilla","article_modified_time":"2026-03-23T21:08:19+00:00","og_image":[{"width":400,"height":629,"url":"https:\/\/mihalylillahenrietta.keriweb.hu\/wp-content\/uploads\/2026\/01\/Nevtelen-terv-19.png","type":"image\/png"}],"twitter_card":"summary_large_image","twitter_misc":{"Estimated reading time":"1 minute"},"schema":{"@context":"https:\/\/schema.org","@graph":[{"@type":"WebPage","@id":"https:\/\/mihalylillahenrietta.keriweb.hu\/termek\/janos-vitez\/","url":"https:\/\/mihalylillahenrietta.keriweb.hu\/termek\/janos-vitez\/","name":"J\u00e1nos vit\u00e9z - l\u2019art Lilla","isPartOf":{"@id":"https:\/\/mihalylillahenrietta.keriweb.hu\/#website"},"primaryImageOfPage":{"@id":"https:\/\/mihalylillahenrietta.keriweb.hu\/termek\/janos-vitez\/#primaryimage"},"image":{"@id":"https:\/\/mihalylillahenrietta.keriweb.hu\/termek\/janos-vitez\/#primaryimage"},"thumbnailUrl":"https:\/\/mihalylillahenrietta.keriweb.hu\/wp-content\/uploads\/2026\/01\/Nevtelen-terv-19.png","datePublished":"2026-01-23T08:10:52+00:00","dateModified":"2026-03-23T21:08:19+00:00","breadcrumb":{"@id":"https:\/\/mihalylillahenrietta.keriweb.hu\/termek\/janos-vitez\/#breadcrumb"},"inLanguage":"en-GB","potentialAction":[{"@type":"ReadAction","target":["https:\/\/mihalylillahenrietta.keriweb.hu\/termek\/janos-vitez\/"]}]},{"@type":"ImageObject","inLanguage":"en-GB","@id":"https:\/\/mihalylillahenrietta.keriweb.hu\/termek\/janos-vitez\/#primaryimage","url":"https:\/\/mihalylillahenrietta.keriweb.hu\/wp-content\/uploads\/2026\/01\/Nevtelen-terv-19.png","contentUrl":"https:\/\/mihalylillahenrietta.keriweb.hu\/wp-content\/uploads\/2026\/01\/Nevtelen-terv-19.png","width":400,"height":629},{"@type":"BreadcrumbList","@id":"https:\/\/mihalylillahenrietta.keriweb.hu\/termek\/janos-vitez\/#breadcrumb","itemListElement":[{"@type":"ListItem","position":1,"name":"Kezd\u0151lap","item":"https:\/\/mihalylillahenrietta.keriweb.hu\/"},{"@type":"ListItem","position":2,"name":"Shop","item":"https:\/\/mihalylillahenrietta.keriweb.hu\/"},{"@type":"ListItem","position":3,"name":"J\u00e1nos vit\u00e9z"}]},{"@type":"WebSite","@id":"https:\/\/mihalylillahenrietta.keriweb.hu\/#website","url":"https:\/\/mihalylillahenrietta.keriweb.hu\/","name":"l\u2019art Lilla","description":"ez egy TANUL\u00d3I, TESZT web\u00e1ruh\u00e1z :)","potentialAction":[{"@type":"SearchAction","target":{"@type":"EntryPoint","urlTemplate":"https:\/\/mihalylillahenrietta.keriweb.hu\/?s={search_term_string}"},"query-input":{"@type":"PropertyValueSpecification","valueRequired":true,"valueName":"search_term_string"}}],"inLanguage":"en-GB"}]}},"_links":{"self":[{"href":"https:\/\/mihalylillahenrietta.keriweb.hu\/en\/wp-json\/wp\/v2\/product\/161","targetHints":{"allow":["GET"]}}],"collection":[{"href":"https:\/\/mihalylillahenrietta.keriweb.hu\/en\/wp-json\/wp\/v2\/product"}],"about":[{"href":"https:\/\/mihalylillahenrietta.keriweb.hu\/en\/wp-json\/wp\/v2\/types\/product"}],"replies":[{"embeddable":true,"href":"https:\/\/mihalylillahenrietta.keriweb.hu\/en\/wp-json\/wp\/v2\/comments?post=161"}],"wp:featuredmedia":[{"embeddable":true,"href":"https:\/\/mihalylillahenrietta.keriweb.hu\/en\/wp-json\/wp\/v2\/media\/317"}],"wp:attachment":[{"href":"https:\/\/mihalylillahenrietta.keriweb.hu\/en\/wp-json\/wp\/v2\/media?parent=161"}],"wp:term":[{"taxonomy":"product_brand","embeddable":true,"href":"https:\/\/mihalylillahenrietta.keriweb.hu\/en\/wp-json\/wp\/v2\/product_brand?post=161"},{"taxonomy":"product_cat","embeddable":true,"href":"https:\/\/mihalylillahenrietta.keriweb.hu\/en\/wp-json\/wp\/v2\/product_cat?post=161"},{"taxonomy":"product_tag","embeddable":true,"href":"https:\/\/mihalylillahenrietta.keriweb.hu\/en\/wp-json\/wp\/v2\/product_tag?post=161"}],"curies":[{"name":"wp","href":"https:\/\/api.w.org\/{rel}","templated":true}]}}