{"id":108,"date":"2025-10-21T17:09:17","date_gmt":"2025-10-21T17:09:17","guid":{"rendered":"https:\/\/mihalylillahenrietta.keriweb.hu\/?post_type=product&#038;p=108"},"modified":"2026-03-25T09:55:29","modified_gmt":"2026-03-25T09:55:29","slug":"a-pal-utcai-fiuk","status":"publish","type":"product","link":"https:\/\/mihalylillahenrietta.keriweb.hu\/en\/product\/a-pal-utcai-fiuk\/","title":{"rendered":"The Paul Street Boys"},"content":{"rendered":"<p data-start=\"166\" data-end=\"533\"><span style=\"font-family: 'times new roman', times, serif;\">Ferenc Moln\u00e1r\u2019s The Paul Street Boys is a timeless classic of Hungarian youth literature. The story is set on the \u201cgrund,\u201d where Boka and his friends, the Paul Street Boys, defend their small community against the Red Shirts. The novel explores themes of friendship, loyalty, courage, and honor, while also vividly portraying childhood life and the challenges of growing up.<\/span><\/p>\n<p data-start=\"535\" data-end=\"807\"><span style=\"font-family: 'times new roman', times, serif;\">The Paul Street Boys is an exciting yet deeply human story that has taught generations the importance of teamwork, self-sacrifice, and integrity. It is an ideal choice for both young readers and adults who appreciate stories about timeless values.<\/span><\/p>\n<p data-start=\"809\" data-end=\"973\">","protected":false},"excerpt":{"rendered":"<p>M\u0171faj: Ifj\u00fas\u00e1gi reg\u00e9ny<br \/>\nSzerz\u0151: Moln\u00e1r Ferenc<br \/>\nKiad\u00f3: M\u00f3ra K\u00f6nyvkiad\u00f3<br \/>\nT\u00e9m\u00e1k: bar\u00e1ts\u00e1g, becs\u00fclet, b\u00e1tors\u00e1g, k\u00f6z\u00f6ss\u00e9g, gyermeki vil\u00e1g <\/p>","protected":false},"featured_media":300,"comment_status":"open","ping_status":"closed","template":"","meta":[],"product_brand":[],"product_cat":[20],"product_tag":[16,31,17],"class_list":{"0":"post-108","1":"product","2":"type-product","3":"status-publish","4":"has-post-thumbnail","6":"product_cat-magyar-irodalom","7":"product_tag-irodalom","8":"product_tag-molnar-ferenc","9":"product_tag-oktatas","11":"first","12":"instock","13":"taxable","14":"shipping-taxable","15":"purchasable","16":"product-type-simple"},"yoast_head":"<!-- This site is optimized with the Yoast SEO plugin v27.2 - https:\/\/yoast.com\/product\/yoast-seo-wordpress\/ -->\n<title>A P\u00e1l utcai fi\u00fak - l\u2019art Lilla<\/title>\n<meta name=\"description\" content=\"Moln\u00e1r Ferenc reg\u00e9nye egy meghat\u00f3 t\u00f6rt\u00e9net a bar\u00e1ts\u00e1gr\u00f3l, b\u00e1tors\u00e1gr\u00f3l \u00e9s \u00f6sszetart\u00e1sr\u00f3l. A P\u00e1l utcai gyerekek a grund\u00e9rt v\u00edvott harcban mutatj\u00e1k meg, mit jelent a h\u0171s\u00e9g \u00e9s az igazi csapatmunka.\" \/>\n<meta name=\"robots\" content=\"index, follow, max-snippet:-1, max-image-preview:large, max-video-preview:-1\" \/>\n<link rel=\"canonical\" href=\"https:\/\/mihalylillahenrietta.keriweb.hu\/en\/product\/a-pal-utcai-fiuk\/\" \/>\n<meta property=\"og:locale\" content=\"en_GB\" \/>\n<meta property=\"og:type\" content=\"article\" \/>\n<meta property=\"og:title\" content=\"A P\u00e1l utcai fi\u00fak - l\u2019art Lilla\" \/>\n<meta property=\"og:description\" content=\"Moln\u00e1r Ferenc reg\u00e9nye egy meghat\u00f3 t\u00f6rt\u00e9net a bar\u00e1ts\u00e1gr\u00f3l, b\u00e1tors\u00e1gr\u00f3l \u00e9s \u00f6sszetart\u00e1sr\u00f3l. A P\u00e1l utcai gyerekek a grund\u00e9rt v\u00edvott harcban mutatj\u00e1k meg, mit jelent a h\u0171s\u00e9g \u00e9s az igazi csapatmunka.\" \/>\n<meta property=\"og:url\" content=\"https:\/\/mihalylillahenrietta.keriweb.hu\/en\/product\/a-pal-utcai-fiuk\/\" \/>\n<meta property=\"og:site_name\" content=\"l\u2019art Lilla\" \/>\n<meta property=\"article:modified_time\" content=\"2026-03-25T09:55:29+00:00\" \/>\n<meta property=\"og:image\" content=\"https:\/\/mihalylillahenrietta.keriweb.hu\/wp-content\/uploads\/2025\/10\/Nevtelen-terv-8.png\" \/>\n\t<meta property=\"og:image:width\" content=\"400\" \/>\n\t<meta property=\"og:image:height\" content=\"629\" \/>\n\t<meta property=\"og:image:type\" content=\"image\/png\" \/>\n<meta name=\"twitter:card\" content=\"summary_large_image\" \/>\n<meta name=\"twitter:label1\" content=\"Estimated reading time\" \/>\n\t<meta name=\"twitter:data1\" content=\"1 minute\" \/>\n<script type=\"application\/ld+json\" class=\"yoast-schema-graph\">{\"@context\":\"https:\/\/schema.org\",\"@graph\":[{\"@type\":\"WebPage\",\"@id\":\"https:\/\/mihalylillahenrietta.keriweb.hu\/termek\/a-pal-utcai-fiuk\/\",\"url\":\"https:\/\/mihalylillahenrietta.keriweb.hu\/termek\/a-pal-utcai-fiuk\/\",\"name\":\"A P\u00e1l utcai fi\u00fak - l\u2019art Lilla\",\"isPartOf\":{\"@id\":\"https:\/\/mihalylillahenrietta.keriweb.hu\/#website\"},\"primaryImageOfPage\":{\"@id\":\"https:\/\/mihalylillahenrietta.keriweb.hu\/termek\/a-pal-utcai-fiuk\/#primaryimage\"},\"image\":{\"@id\":\"https:\/\/mihalylillahenrietta.keriweb.hu\/termek\/a-pal-utcai-fiuk\/#primaryimage\"},\"thumbnailUrl\":\"https:\/\/mihalylillahenrietta.keriweb.hu\/wp-content\/uploads\/2025\/10\/Nevtelen-terv-8.png\",\"datePublished\":\"2025-10-21T17:09:17+00:00\",\"dateModified\":\"2026-03-25T09:55:29+00:00\",\"description\":\"Moln\u00e1r Ferenc reg\u00e9nye egy meghat\u00f3 t\u00f6rt\u00e9net a bar\u00e1ts\u00e1gr\u00f3l, b\u00e1tors\u00e1gr\u00f3l \u00e9s \u00f6sszetart\u00e1sr\u00f3l. A P\u00e1l utcai gyerekek a grund\u00e9rt v\u00edvott harcban mutatj\u00e1k meg, mit jelent a h\u0171s\u00e9g \u00e9s az igazi csapatmunka.\",\"breadcrumb\":{\"@id\":\"https:\/\/mihalylillahenrietta.keriweb.hu\/termek\/a-pal-utcai-fiuk\/#breadcrumb\"},\"inLanguage\":\"en-GB\",\"potentialAction\":[{\"@type\":\"ReadAction\",\"target\":[\"https:\/\/mihalylillahenrietta.keriweb.hu\/termek\/a-pal-utcai-fiuk\/\"]}]},{\"@type\":\"ImageObject\",\"inLanguage\":\"en-GB\",\"@id\":\"https:\/\/mihalylillahenrietta.keriweb.hu\/termek\/a-pal-utcai-fiuk\/#primaryimage\",\"url\":\"https:\/\/mihalylillahenrietta.keriweb.hu\/wp-content\/uploads\/2025\/10\/Nevtelen-terv-8.png\",\"contentUrl\":\"https:\/\/mihalylillahenrietta.keriweb.hu\/wp-content\/uploads\/2025\/10\/Nevtelen-terv-8.png\",\"width\":400,\"height\":629},{\"@type\":\"BreadcrumbList\",\"@id\":\"https:\/\/mihalylillahenrietta.keriweb.hu\/termek\/a-pal-utcai-fiuk\/#breadcrumb\",\"itemListElement\":[{\"@type\":\"ListItem\",\"position\":1,\"name\":\"Kezd\u0151lap\",\"item\":\"https:\/\/mihalylillahenrietta.keriweb.hu\/\"},{\"@type\":\"ListItem\",\"position\":2,\"name\":\"Shop\",\"item\":\"https:\/\/mihalylillahenrietta.keriweb.hu\/\"},{\"@type\":\"ListItem\",\"position\":3,\"name\":\"A P\u00e1l utcai fi\u00fak\"}]},{\"@type\":\"WebSite\",\"@id\":\"https:\/\/mihalylillahenrietta.keriweb.hu\/#website\",\"url\":\"https:\/\/mihalylillahenrietta.keriweb.hu\/\",\"name\":\"l\u2019art Lilla\",\"description\":\"ez egy TANUL\u00d3I, TESZT web\u00e1ruh\u00e1z :)\",\"potentialAction\":[{\"@type\":\"SearchAction\",\"target\":{\"@type\":\"EntryPoint\",\"urlTemplate\":\"https:\/\/mihalylillahenrietta.keriweb.hu\/?s={search_term_string}\"},\"query-input\":{\"@type\":\"PropertyValueSpecification\",\"valueRequired\":true,\"valueName\":\"search_term_string\"}}],\"inLanguage\":\"en-GB\"}]}<\/script>\n<!-- \/ Yoast SEO plugin. -->","yoast_head_json":{"title":"A P\u00e1l utcai fi\u00fak - l\u2019art Lilla","description":"Moln\u00e1r Ferenc reg\u00e9nye egy meghat\u00f3 t\u00f6rt\u00e9net a bar\u00e1ts\u00e1gr\u00f3l, b\u00e1tors\u00e1gr\u00f3l \u00e9s \u00f6sszetart\u00e1sr\u00f3l. A P\u00e1l utcai gyerekek a grund\u00e9rt v\u00edvott harcban mutatj\u00e1k meg, mit jelent a h\u0171s\u00e9g \u00e9s az igazi csapatmunka.","robots":{"index":"index","follow":"follow","max-snippet":"max-snippet:-1","max-image-preview":"max-image-preview:large","max-video-preview":"max-video-preview:-1"},"canonical":"https:\/\/mihalylillahenrietta.keriweb.hu\/en\/product\/a-pal-utcai-fiuk\/","og_locale":"en_GB","og_type":"article","og_title":"A P\u00e1l utcai fi\u00fak - l\u2019art Lilla","og_description":"Moln\u00e1r Ferenc reg\u00e9nye egy meghat\u00f3 t\u00f6rt\u00e9net a bar\u00e1ts\u00e1gr\u00f3l, b\u00e1tors\u00e1gr\u00f3l \u00e9s \u00f6sszetart\u00e1sr\u00f3l. A P\u00e1l utcai gyerekek a grund\u00e9rt v\u00edvott harcban mutatj\u00e1k meg, mit jelent a h\u0171s\u00e9g \u00e9s az igazi csapatmunka.","og_url":"https:\/\/mihalylillahenrietta.keriweb.hu\/en\/product\/a-pal-utcai-fiuk\/","og_site_name":"l\u2019art Lilla","article_modified_time":"2026-03-25T09:55:29+00:00","og_image":[{"width":400,"height":629,"url":"https:\/\/mihalylillahenrietta.keriweb.hu\/wp-content\/uploads\/2025\/10\/Nevtelen-terv-8.png","type":"image\/png"}],"twitter_card":"summary_large_image","twitter_misc":{"Estimated reading time":"1 minute"},"schema":{"@context":"https:\/\/schema.org","@graph":[{"@type":"WebPage","@id":"https:\/\/mihalylillahenrietta.keriweb.hu\/termek\/a-pal-utcai-fiuk\/","url":"https:\/\/mihalylillahenrietta.keriweb.hu\/termek\/a-pal-utcai-fiuk\/","name":"A P\u00e1l utcai fi\u00fak - l\u2019art Lilla","isPartOf":{"@id":"https:\/\/mihalylillahenrietta.keriweb.hu\/#website"},"primaryImageOfPage":{"@id":"https:\/\/mihalylillahenrietta.keriweb.hu\/termek\/a-pal-utcai-fiuk\/#primaryimage"},"image":{"@id":"https:\/\/mihalylillahenrietta.keriweb.hu\/termek\/a-pal-utcai-fiuk\/#primaryimage"},"thumbnailUrl":"https:\/\/mihalylillahenrietta.keriweb.hu\/wp-content\/uploads\/2025\/10\/Nevtelen-terv-8.png","datePublished":"2025-10-21T17:09:17+00:00","dateModified":"2026-03-25T09:55:29+00:00","description":"Moln\u00e1r Ferenc reg\u00e9nye egy meghat\u00f3 t\u00f6rt\u00e9net a bar\u00e1ts\u00e1gr\u00f3l, b\u00e1tors\u00e1gr\u00f3l \u00e9s \u00f6sszetart\u00e1sr\u00f3l. A P\u00e1l utcai gyerekek a grund\u00e9rt v\u00edvott harcban mutatj\u00e1k meg, mit jelent a h\u0171s\u00e9g \u00e9s az igazi csapatmunka.","breadcrumb":{"@id":"https:\/\/mihalylillahenrietta.keriweb.hu\/termek\/a-pal-utcai-fiuk\/#breadcrumb"},"inLanguage":"en-GB","potentialAction":[{"@type":"ReadAction","target":["https:\/\/mihalylillahenrietta.keriweb.hu\/termek\/a-pal-utcai-fiuk\/"]}]},{"@type":"ImageObject","inLanguage":"en-GB","@id":"https:\/\/mihalylillahenrietta.keriweb.hu\/termek\/a-pal-utcai-fiuk\/#primaryimage","url":"https:\/\/mihalylillahenrietta.keriweb.hu\/wp-content\/uploads\/2025\/10\/Nevtelen-terv-8.png","contentUrl":"https:\/\/mihalylillahenrietta.keriweb.hu\/wp-content\/uploads\/2025\/10\/Nevtelen-terv-8.png","width":400,"height":629},{"@type":"BreadcrumbList","@id":"https:\/\/mihalylillahenrietta.keriweb.hu\/termek\/a-pal-utcai-fiuk\/#breadcrumb","itemListElement":[{"@type":"ListItem","position":1,"name":"Kezd\u0151lap","item":"https:\/\/mihalylillahenrietta.keriweb.hu\/"},{"@type":"ListItem","position":2,"name":"Shop","item":"https:\/\/mihalylillahenrietta.keriweb.hu\/"},{"@type":"ListItem","position":3,"name":"A P\u00e1l utcai fi\u00fak"}]},{"@type":"WebSite","@id":"https:\/\/mihalylillahenrietta.keriweb.hu\/#website","url":"https:\/\/mihalylillahenrietta.keriweb.hu\/","name":"l\u2019art Lilla","description":"ez egy TANUL\u00d3I, TESZT web\u00e1ruh\u00e1z :)","potentialAction":[{"@type":"SearchAction","target":{"@type":"EntryPoint","urlTemplate":"https:\/\/mihalylillahenrietta.keriweb.hu\/?s={search_term_string}"},"query-input":{"@type":"PropertyValueSpecification","valueRequired":true,"valueName":"search_term_string"}}],"inLanguage":"en-GB"}]}},"_links":{"self":[{"href":"https:\/\/mihalylillahenrietta.keriweb.hu\/en\/wp-json\/wp\/v2\/product\/108","targetHints":{"allow":["GET"]}}],"collection":[{"href":"https:\/\/mihalylillahenrietta.keriweb.hu\/en\/wp-json\/wp\/v2\/product"}],"about":[{"href":"https:\/\/mihalylillahenrietta.keriweb.hu\/en\/wp-json\/wp\/v2\/types\/product"}],"replies":[{"embeddable":true,"href":"https:\/\/mihalylillahenrietta.keriweb.hu\/en\/wp-json\/wp\/v2\/comments?post=108"}],"wp:featuredmedia":[{"embeddable":true,"href":"https:\/\/mihalylillahenrietta.keriweb.hu\/en\/wp-json\/wp\/v2\/media\/300"}],"wp:attachment":[{"href":"https:\/\/mihalylillahenrietta.keriweb.hu\/en\/wp-json\/wp\/v2\/media?parent=108"}],"wp:term":[{"taxonomy":"product_brand","embeddable":true,"href":"https:\/\/mihalylillahenrietta.keriweb.hu\/en\/wp-json\/wp\/v2\/product_brand?post=108"},{"taxonomy":"product_cat","embeddable":true,"href":"https:\/\/mihalylillahenrietta.keriweb.hu\/en\/wp-json\/wp\/v2\/product_cat?post=108"},{"taxonomy":"product_tag","embeddable":true,"href":"https:\/\/mihalylillahenrietta.keriweb.hu\/en\/wp-json\/wp\/v2\/product_tag?post=108"}],"curies":[{"name":"wp","href":"https:\/\/api.w.org\/{rel}","templated":true}]}}