{"id":102,"date":"2025-10-21T16:53:00","date_gmt":"2025-10-21T16:53:00","guid":{"rendered":"https:\/\/mihalylillahenrietta.keriweb.hu\/?post_type=product&#038;p=102"},"modified":"2026-03-23T20:10:21","modified_gmt":"2026-03-23T20:10:21","slug":"a-golyakalifa","status":"publish","type":"product","link":"https:\/\/mihalylillahenrietta.keriweb.hu\/en\/product\/a-golyakalifa\/","title":{"rendered":"The Stork Caliph"},"content":{"rendered":"<p data-start=\"245\" data-end=\"603\"><span style=\"font-family: 'times new roman', times, serif;\">Mih\u00e1ly Babits\u2019s The Stork Caliph is one of the most fascinating psychological novels in Hungarian literature. Its protagonist, Elem\u00e9r T\u00e1bory, leads a double life: by day he is a young gentleman, while by night he dreams himself into the life of another man, Nov\u00e1k, a poor clerk. Gradually, the two worlds begin to merge, and the line between dream and reality becomes increasingly blurred.<\/span><\/p>\n<p data-start=\"605\" data-end=\"934\"><span style=\"font-family: 'times new roman', times, serif;\">The novel\u2019s central theme is the duality of identity and the exploration of the deepest layers of consciousness. Babits examines the mysteries of the human psyche with philosophical depth, delving into conflicts of selfhood, guilt, and desire.<\/span><br data-start=\"816\" data-end=\"819\" \/><span style=\"font-family: 'times new roman', times, serif;\">The Stork Caliph is an early masterpiece of Hungarian modernism and a distinguished example of the psychological novel genre.<\/span>.<\/p>\n<p data-start=\"936\" data-end=\"1103\">","protected":false},"excerpt":{"rendered":"<p><span style=\"font-family: 'times new roman', times, serif;\">M\u0171faj: L\u00e9lektani reg\u00e9ny<\/span><br data-start=\"966\" data-end=\"969\" \/><span style=\"font-family: 'times new roman', times, serif;\">Szerz\u0151: Babits Mih\u00e1ly<\/span><br data-start=\"997\" data-end=\"1000\" \/><span style=\"font-family: 'times new roman', times, serif;\">Kiad\u00f3: Talentum <\/span><br data-start=\"1027\" data-end=\"1030\" \/><span style=\"font-family: 'times new roman', times, serif;\">T\u00e9m\u00e1k: kett\u0151s \u00e9let, \u00e1lom \u00e9s val\u00f3s\u00e1g, l\u00e9lek, b\u0171ntudat, identit\u00e1s<\/span><\/p>","protected":false},"featured_media":296,"comment_status":"open","ping_status":"closed","template":"","meta":[],"product_brand":[],"product_cat":[20],"product_tag":[29,16,17],"class_list":{"0":"post-102","1":"product","2":"type-product","3":"status-publish","4":"has-post-thumbnail","6":"product_cat-magyar-irodalom","7":"product_tag-babits-mihaly","8":"product_tag-irodalom","9":"product_tag-oktatas","11":"first","12":"instock","13":"taxable","14":"shipping-taxable","15":"purchasable","16":"product-type-simple"},"yoast_head":"<!-- This site is optimized with the Yoast SEO plugin v27.2 - https:\/\/yoast.com\/product\/yoast-seo-wordpress\/ -->\n<title>A g\u00f3lyakalifa - l\u2019art Lilla<\/title>\n<meta name=\"description\" content=\"Babits Mih\u00e1ly reg\u00e9nye egy izgalmas, l\u00e9lektani t\u00f6rt\u00e9net, amely a kett\u0151ss\u00e9g \u00e9s \u00e1lmok vil\u00e1g\u00e1t vizsg\u00e1lja. Remek v\u00e1laszt\u00e1s azoknak, akiket \u00e9rdekel a pszichol\u00f3gia, \u00e9s rejt\u00e9lyek.\" \/>\n<meta name=\"robots\" content=\"index, follow, max-snippet:-1, max-image-preview:large, max-video-preview:-1\" \/>\n<link rel=\"canonical\" href=\"https:\/\/mihalylillahenrietta.keriweb.hu\/en\/product\/a-golyakalifa\/\" \/>\n<meta property=\"og:locale\" content=\"en_GB\" \/>\n<meta property=\"og:type\" content=\"article\" \/>\n<meta property=\"og:title\" content=\"A g\u00f3lyakalifa - l\u2019art Lilla\" \/>\n<meta property=\"og:description\" content=\"Babits Mih\u00e1ly reg\u00e9nye egy izgalmas, l\u00e9lektani t\u00f6rt\u00e9net, amely a kett\u0151ss\u00e9g \u00e9s \u00e1lmok vil\u00e1g\u00e1t vizsg\u00e1lja. Remek v\u00e1laszt\u00e1s azoknak, akiket \u00e9rdekel a pszichol\u00f3gia, \u00e9s rejt\u00e9lyek.\" \/>\n<meta property=\"og:url\" content=\"https:\/\/mihalylillahenrietta.keriweb.hu\/en\/product\/a-golyakalifa\/\" \/>\n<meta property=\"og:site_name\" content=\"l\u2019art Lilla\" \/>\n<meta property=\"article:modified_time\" content=\"2026-03-23T20:10:21+00:00\" \/>\n<meta property=\"og:image\" content=\"https:\/\/mihalylillahenrietta.keriweb.hu\/wp-content\/uploads\/2025\/10\/Nevtelen-terv-6.png\" \/>\n\t<meta property=\"og:image:width\" content=\"400\" \/>\n\t<meta property=\"og:image:height\" content=\"629\" \/>\n\t<meta property=\"og:image:type\" content=\"image\/png\" \/>\n<meta name=\"twitter:card\" content=\"summary_large_image\" \/>\n<meta name=\"twitter:label1\" content=\"Estimated reading time\" \/>\n\t<meta name=\"twitter:data1\" content=\"1 minute\" \/>\n<script type=\"application\/ld+json\" class=\"yoast-schema-graph\">{\"@context\":\"https:\/\/schema.org\",\"@graph\":[{\"@type\":\"WebPage\",\"@id\":\"https:\/\/mihalylillahenrietta.keriweb.hu\/termek\/a-golyakalifa\/\",\"url\":\"https:\/\/mihalylillahenrietta.keriweb.hu\/termek\/a-golyakalifa\/\",\"name\":\"A g\u00f3lyakalifa - l\u2019art Lilla\",\"isPartOf\":{\"@id\":\"https:\/\/mihalylillahenrietta.keriweb.hu\/#website\"},\"primaryImageOfPage\":{\"@id\":\"https:\/\/mihalylillahenrietta.keriweb.hu\/termek\/a-golyakalifa\/#primaryimage\"},\"image\":{\"@id\":\"https:\/\/mihalylillahenrietta.keriweb.hu\/termek\/a-golyakalifa\/#primaryimage\"},\"thumbnailUrl\":\"https:\/\/mihalylillahenrietta.keriweb.hu\/wp-content\/uploads\/2025\/10\/Nevtelen-terv-6.png\",\"datePublished\":\"2025-10-21T16:53:00+00:00\",\"dateModified\":\"2026-03-23T20:10:21+00:00\",\"description\":\"Babits Mih\u00e1ly reg\u00e9nye egy izgalmas, l\u00e9lektani t\u00f6rt\u00e9net, amely a kett\u0151ss\u00e9g \u00e9s \u00e1lmok vil\u00e1g\u00e1t vizsg\u00e1lja. Remek v\u00e1laszt\u00e1s azoknak, akiket \u00e9rdekel a pszichol\u00f3gia, \u00e9s rejt\u00e9lyek.\",\"breadcrumb\":{\"@id\":\"https:\/\/mihalylillahenrietta.keriweb.hu\/termek\/a-golyakalifa\/#breadcrumb\"},\"inLanguage\":\"en-GB\",\"potentialAction\":[{\"@type\":\"ReadAction\",\"target\":[\"https:\/\/mihalylillahenrietta.keriweb.hu\/termek\/a-golyakalifa\/\"]}]},{\"@type\":\"ImageObject\",\"inLanguage\":\"en-GB\",\"@id\":\"https:\/\/mihalylillahenrietta.keriweb.hu\/termek\/a-golyakalifa\/#primaryimage\",\"url\":\"https:\/\/mihalylillahenrietta.keriweb.hu\/wp-content\/uploads\/2025\/10\/Nevtelen-terv-6.png\",\"contentUrl\":\"https:\/\/mihalylillahenrietta.keriweb.hu\/wp-content\/uploads\/2025\/10\/Nevtelen-terv-6.png\",\"width\":400,\"height\":629},{\"@type\":\"BreadcrumbList\",\"@id\":\"https:\/\/mihalylillahenrietta.keriweb.hu\/termek\/a-golyakalifa\/#breadcrumb\",\"itemListElement\":[{\"@type\":\"ListItem\",\"position\":1,\"name\":\"Kezd\u0151lap\",\"item\":\"https:\/\/mihalylillahenrietta.keriweb.hu\/\"},{\"@type\":\"ListItem\",\"position\":2,\"name\":\"Shop\",\"item\":\"https:\/\/mihalylillahenrietta.keriweb.hu\/\"},{\"@type\":\"ListItem\",\"position\":3,\"name\":\"A g\u00f3lyakalifa\"}]},{\"@type\":\"WebSite\",\"@id\":\"https:\/\/mihalylillahenrietta.keriweb.hu\/#website\",\"url\":\"https:\/\/mihalylillahenrietta.keriweb.hu\/\",\"name\":\"l\u2019art Lilla\",\"description\":\"ez egy TANUL\u00d3I, TESZT web\u00e1ruh\u00e1z :)\",\"potentialAction\":[{\"@type\":\"SearchAction\",\"target\":{\"@type\":\"EntryPoint\",\"urlTemplate\":\"https:\/\/mihalylillahenrietta.keriweb.hu\/?s={search_term_string}\"},\"query-input\":{\"@type\":\"PropertyValueSpecification\",\"valueRequired\":true,\"valueName\":\"search_term_string\"}}],\"inLanguage\":\"en-GB\"}]}<\/script>\n<!-- \/ Yoast SEO plugin. -->","yoast_head_json":{"title":"A g\u00f3lyakalifa - l\u2019art Lilla","description":"Babits Mih\u00e1ly reg\u00e9nye egy izgalmas, l\u00e9lektani t\u00f6rt\u00e9net, amely a kett\u0151ss\u00e9g \u00e9s \u00e1lmok vil\u00e1g\u00e1t vizsg\u00e1lja. Remek v\u00e1laszt\u00e1s azoknak, akiket \u00e9rdekel a pszichol\u00f3gia, \u00e9s rejt\u00e9lyek.","robots":{"index":"index","follow":"follow","max-snippet":"max-snippet:-1","max-image-preview":"max-image-preview:large","max-video-preview":"max-video-preview:-1"},"canonical":"https:\/\/mihalylillahenrietta.keriweb.hu\/en\/product\/a-golyakalifa\/","og_locale":"en_GB","og_type":"article","og_title":"A g\u00f3lyakalifa - l\u2019art Lilla","og_description":"Babits Mih\u00e1ly reg\u00e9nye egy izgalmas, l\u00e9lektani t\u00f6rt\u00e9net, amely a kett\u0151ss\u00e9g \u00e9s \u00e1lmok vil\u00e1g\u00e1t vizsg\u00e1lja. Remek v\u00e1laszt\u00e1s azoknak, akiket \u00e9rdekel a pszichol\u00f3gia, \u00e9s rejt\u00e9lyek.","og_url":"https:\/\/mihalylillahenrietta.keriweb.hu\/en\/product\/a-golyakalifa\/","og_site_name":"l\u2019art Lilla","article_modified_time":"2026-03-23T20:10:21+00:00","og_image":[{"width":400,"height":629,"url":"https:\/\/mihalylillahenrietta.keriweb.hu\/wp-content\/uploads\/2025\/10\/Nevtelen-terv-6.png","type":"image\/png"}],"twitter_card":"summary_large_image","twitter_misc":{"Estimated reading time":"1 minute"},"schema":{"@context":"https:\/\/schema.org","@graph":[{"@type":"WebPage","@id":"https:\/\/mihalylillahenrietta.keriweb.hu\/termek\/a-golyakalifa\/","url":"https:\/\/mihalylillahenrietta.keriweb.hu\/termek\/a-golyakalifa\/","name":"A g\u00f3lyakalifa - l\u2019art Lilla","isPartOf":{"@id":"https:\/\/mihalylillahenrietta.keriweb.hu\/#website"},"primaryImageOfPage":{"@id":"https:\/\/mihalylillahenrietta.keriweb.hu\/termek\/a-golyakalifa\/#primaryimage"},"image":{"@id":"https:\/\/mihalylillahenrietta.keriweb.hu\/termek\/a-golyakalifa\/#primaryimage"},"thumbnailUrl":"https:\/\/mihalylillahenrietta.keriweb.hu\/wp-content\/uploads\/2025\/10\/Nevtelen-terv-6.png","datePublished":"2025-10-21T16:53:00+00:00","dateModified":"2026-03-23T20:10:21+00:00","description":"Babits Mih\u00e1ly reg\u00e9nye egy izgalmas, l\u00e9lektani t\u00f6rt\u00e9net, amely a kett\u0151ss\u00e9g \u00e9s \u00e1lmok vil\u00e1g\u00e1t vizsg\u00e1lja. Remek v\u00e1laszt\u00e1s azoknak, akiket \u00e9rdekel a pszichol\u00f3gia, \u00e9s rejt\u00e9lyek.","breadcrumb":{"@id":"https:\/\/mihalylillahenrietta.keriweb.hu\/termek\/a-golyakalifa\/#breadcrumb"},"inLanguage":"en-GB","potentialAction":[{"@type":"ReadAction","target":["https:\/\/mihalylillahenrietta.keriweb.hu\/termek\/a-golyakalifa\/"]}]},{"@type":"ImageObject","inLanguage":"en-GB","@id":"https:\/\/mihalylillahenrietta.keriweb.hu\/termek\/a-golyakalifa\/#primaryimage","url":"https:\/\/mihalylillahenrietta.keriweb.hu\/wp-content\/uploads\/2025\/10\/Nevtelen-terv-6.png","contentUrl":"https:\/\/mihalylillahenrietta.keriweb.hu\/wp-content\/uploads\/2025\/10\/Nevtelen-terv-6.png","width":400,"height":629},{"@type":"BreadcrumbList","@id":"https:\/\/mihalylillahenrietta.keriweb.hu\/termek\/a-golyakalifa\/#breadcrumb","itemListElement":[{"@type":"ListItem","position":1,"name":"Kezd\u0151lap","item":"https:\/\/mihalylillahenrietta.keriweb.hu\/"},{"@type":"ListItem","position":2,"name":"Shop","item":"https:\/\/mihalylillahenrietta.keriweb.hu\/"},{"@type":"ListItem","position":3,"name":"A g\u00f3lyakalifa"}]},{"@type":"WebSite","@id":"https:\/\/mihalylillahenrietta.keriweb.hu\/#website","url":"https:\/\/mihalylillahenrietta.keriweb.hu\/","name":"l\u2019art Lilla","description":"ez egy TANUL\u00d3I, TESZT web\u00e1ruh\u00e1z :)","potentialAction":[{"@type":"SearchAction","target":{"@type":"EntryPoint","urlTemplate":"https:\/\/mihalylillahenrietta.keriweb.hu\/?s={search_term_string}"},"query-input":{"@type":"PropertyValueSpecification","valueRequired":true,"valueName":"search_term_string"}}],"inLanguage":"en-GB"}]}},"_links":{"self":[{"href":"https:\/\/mihalylillahenrietta.keriweb.hu\/en\/wp-json\/wp\/v2\/product\/102","targetHints":{"allow":["GET"]}}],"collection":[{"href":"https:\/\/mihalylillahenrietta.keriweb.hu\/en\/wp-json\/wp\/v2\/product"}],"about":[{"href":"https:\/\/mihalylillahenrietta.keriweb.hu\/en\/wp-json\/wp\/v2\/types\/product"}],"replies":[{"embeddable":true,"href":"https:\/\/mihalylillahenrietta.keriweb.hu\/en\/wp-json\/wp\/v2\/comments?post=102"}],"wp:featuredmedia":[{"embeddable":true,"href":"https:\/\/mihalylillahenrietta.keriweb.hu\/en\/wp-json\/wp\/v2\/media\/296"}],"wp:attachment":[{"href":"https:\/\/mihalylillahenrietta.keriweb.hu\/en\/wp-json\/wp\/v2\/media?parent=102"}],"wp:term":[{"taxonomy":"product_brand","embeddable":true,"href":"https:\/\/mihalylillahenrietta.keriweb.hu\/en\/wp-json\/wp\/v2\/product_brand?post=102"},{"taxonomy":"product_cat","embeddable":true,"href":"https:\/\/mihalylillahenrietta.keriweb.hu\/en\/wp-json\/wp\/v2\/product_cat?post=102"},{"taxonomy":"product_tag","embeddable":true,"href":"https:\/\/mihalylillahenrietta.keriweb.hu\/en\/wp-json\/wp\/v2\/product_tag?post=102"}],"curies":[{"name":"wp","href":"https:\/\/api.w.org\/{rel}","templated":true}]}}