{"id":258,"date":"2026-02-24T14:49:58","date_gmt":"2026-02-24T14:49:58","guid":{"rendered":"https:\/\/mihalylillahenrietta.keriweb.hu\/?page_id=258"},"modified":"2026-03-07T15:16:42","modified_gmt":"2026-03-07T15:16:42","slug":"adatkezelesi-tajekoztato","status":"publish","type":"page","link":"https:\/\/mihalylillahenrietta.keriweb.hu\/en\/adatkezelesi-tajekoztato\/","title":{"rendered":"Privacy Policy"},"content":{"rendered":"<p>ADATKEZEL\u00c9SI T\u00c1J\u00c9KOZTAT\u00d3<\/p>\n<p>1. Az adatkezel\u0151 adatai<br \/>\nAdatkezel\u0151 neve: Mih\u00e1ly Lilla Henrietta<br \/>\nSz\u00e9khely: B\u00e9k\u00e9scsaba<br \/>\nE-mail: mihalylilla26@gmail.com<\/p>\n<p>2. Az adatkezel\u00e9s jogszab\u00e1lyi alapja<br \/>\nAz adatkezel\u00e9s az al\u00e1bbi jogszab\u00e1lyok alapj\u00e1n t\u00f6rt\u00e9nik:<br \/>\n* Az Eur\u00f3pai Parlament \u00e9s a Tan\u00e1cs (EU) 2016\/679 rendelete (GDPR)<br \/>\n* 2011. \u00e9vi CXII. t\u00f6rv\u00e9ny az inform\u00e1ci\u00f3s \u00f6nrendelkez\u00e9si jogr\u00f3l<br \/>\nAz adatkezel\u00e9s jogalapja:<br \/>\n\u00e9rintett hozz\u00e1j\u00e1rul\u00e1sa<br \/>\nszerz\u0151d\u00e9s teljes\u00edt\u00e9se<br \/>\njogi k\u00f6telezetts\u00e9g<br \/>\njogos \u00e9rdek<\/p>\n<p>3. Kezelt szem\u00e9lyes adatok k\u00f6re<br \/>\nAz adatkezel\u0151 az al\u00e1bbi adatokat kezeli:<br \/>\n* N\u00e9v<br \/>\n* E-mail c\u00edm<br \/>\n* Telefonsz\u00e1m<br \/>\n* Sz\u00e1ml\u00e1z\u00e1si adatok<br \/>\n* IP-c\u00edm<\/p>\n<p>4. Az adatkezel\u00e9s c\u00e9lja<br \/>\nAz adatkezel\u00e9s c\u00e9lja:<br \/>\n* kapcsolattart\u00e1s<br \/>\n* szolg\u00e1ltat\u00e1s ny\u00fajt\u00e1sa<br \/>\n* szerz\u0151d\u00e9s teljes\u00edt\u00e9se<br \/>\n* sz\u00e1ml\u00e1z\u00e1s<br \/>\n* marketing<\/p>\n<p>5. Az adatok t\u00e1rol\u00e1s\u00e1nak id\u0151tartama<br \/>\nA szem\u00e9lyes adatokat az adatkezel\u0151:<br \/>\nvisszavon\u00e1sig<br \/>\nszerz\u0151d\u00e9s megsz\u0171n\u00e9s\u00e9ig<br \/>\njogszab\u00e1lyban meghat\u00e1rozott ideig<\/p>\n<p>6. Adattov\u00e1bb\u00edt\u00e1s, adatfeldolgoz\u00f3k<br \/>\nAz adatokhoz az al\u00e1bbi adatfeldolgoz\u00f3k f\u00e9rhetnek hozz\u00e1:<br \/>\nAdatfeldolgoz\u00f3 neve: Mih\u00e1ly Lilla Henrietta<br \/>\nTev\u00e9kenys\u00e9ge: l\u2019art Lilla tulajdonosa<br \/>\nSz\u00e9khelye: B\u00e9k\u00e9scsaba<br \/>\nTov\u00e1bb\u00edt\u00e1s harmadik orsz\u00e1gba:<br \/>\nnem t\u00f6rt\u00e9nik<\/p>\n<p>7. Az \u00e9rintettek jogai<br \/>\nAz \u00e9rintett jogosult<br \/>\n* t\u00e1j\u00e9koztat\u00e1st k\u00e9rni az adatkezel\u00e9sr\u0151l<br \/>\n* adataihoz hozz\u00e1f\u00e9rni<br \/>\n* adatai helyesb\u00edt\u00e9s\u00e9t k\u00e9rni<br \/>\n* adatai t\u00f6rl\u00e9s\u00e9t k\u00e9rni<br \/>\n* adatkezel\u00e9s korl\u00e1toz\u00e1s\u00e1t k\u00e9rni<br \/>\n* adathordozhat\u00f3s\u00e1ghoz<br \/>\n* tiltakozni az adatkezel\u00e9s ellen<br \/>\n* hozz\u00e1j\u00e1rul\u00e1s\u00e1t b\u00e1rmikor visszavonni<\/p>\n<p>8. Jogorvoslati lehet\u0151s\u00e9gek<br \/>\nJogellenes adatkezel\u00e9s eset\u00e9n az \u00e9rintett panasszal \u00e9lhet:<br \/>\nFel\u00fcgyeleti hat\u00f3s\u00e1g:<br \/>\nNemzeti Adatv\u00e9delmi \u00e9s Inform\u00e1ci\u00f3szabads\u00e1g Hat\u00f3s\u00e1g (NAIH)<br \/>\nC\u00edm: 1055 Budapest, Falk Miksa utca 9\u201311.<br \/>\nWeb: [https:\/\/naih.hu](https:\/\/naih.hu)<br \/>\nB\u00edr\u00f3s\u00e1gi jog\u00e9rv\u00e9nyes\u00edt\u00e9s is lehets\u00e9ges.<\/p>\n<p>9. Adatbiztons\u00e1g<br \/>\nAz adatkezel\u0151 megfelel\u0151 technikai \u00e9s szervez\u00e9si int\u00e9zked\u00e9sekkel v\u00e9di az adatokat, k\u00fcl\u00f6n\u00f6sen:<br \/>\n* jogosulatlan hozz\u00e1f\u00e9r\u00e9s ellen<br \/>\n* adatveszt\u00e9s ellen<br \/>\n* adatsziv\u00e1rg\u00e1s ellen<\/p>\n<p>10. Egy\u00e9b rendelkez\u00e9sek<br \/>\nAz adatkezel\u0151 fenntartja a jogot a t\u00e1j\u00e9koztat\u00f3 m\u00f3dos\u00edt\u00e1s\u00e1ra.<\/p>\n","protected":false},"excerpt":{"rendered":"<p>ADATKEZEL\u00c9SI T\u00c1J\u00c9KOZTAT\u00d3 1. Az adatkezel\u0151 adatai Adatkezel\u0151 neve: Mih\u00e1ly Lilla Henrietta Sz\u00e9khely: B\u00e9k\u00e9scsaba E-mail: mihalylilla26@gmail.com 2. Az adatkezel\u00e9s jogszab\u00e1lyi alapja Az adatkezel\u00e9s az al\u00e1bbi jogszab\u00e1lyok alapj\u00e1n t\u00f6rt\u00e9nik: * Az Eur\u00f3pai Parlament \u00e9s a Tan\u00e1cs (EU) 2016\/679 rendelete (GDPR) * 2011. \u00e9vi CXII. t\u00f6rv\u00e9ny az inform\u00e1ci\u00f3s \u00f6nrendelkez\u00e9si jogr\u00f3l Az adatkezel\u00e9s jogalapja: \u00e9rintett hozz\u00e1j\u00e1rul\u00e1sa szerz\u0151d\u00e9s teljes\u00edt\u00e9se jogi [&hellip;]<\/p>\n","protected":false},"author":1,"featured_media":0,"parent":0,"menu_order":0,"comment_status":"closed","ping_status":"closed","template":"","meta":{"footnotes":""},"class_list":["post-258","page","type-page","status-publish","hentry"],"yoast_head":"<!-- This site is optimized with the Yoast SEO plugin v27.2 - https:\/\/yoast.com\/product\/yoast-seo-wordpress\/ -->\n<title>Adatkezel\u00e9si T\u00e1j\u00e9koztat\u00f3 - l\u2019art Lilla<\/title>\n<meta name=\"robots\" content=\"index, follow, max-snippet:-1, max-image-preview:large, max-video-preview:-1\" \/>\n<link rel=\"canonical\" href=\"https:\/\/mihalylillahenrietta.keriweb.hu\/en\/adatkezelesi-tajekoztato\/\" \/>\n<meta property=\"og:locale\" content=\"en_GB\" \/>\n<meta property=\"og:type\" content=\"article\" \/>\n<meta property=\"og:title\" content=\"Adatkezel\u00e9si T\u00e1j\u00e9koztat\u00f3 - l\u2019art Lilla\" \/>\n<meta property=\"og:description\" content=\"ADATKEZEL\u00c9SI T\u00c1J\u00c9KOZTAT\u00d3 1. Az adatkezel\u0151 adatai Adatkezel\u0151 neve: Mih\u00e1ly Lilla Henrietta Sz\u00e9khely: B\u00e9k\u00e9scsaba E-mail: mihalylilla26@gmail.com 2. Az adatkezel\u00e9s jogszab\u00e1lyi alapja Az adatkezel\u00e9s az al\u00e1bbi jogszab\u00e1lyok alapj\u00e1n t\u00f6rt\u00e9nik: * Az Eur\u00f3pai Parlament \u00e9s a Tan\u00e1cs (EU) 2016\/679 rendelete (GDPR) * 2011. \u00e9vi CXII. t\u00f6rv\u00e9ny az inform\u00e1ci\u00f3s \u00f6nrendelkez\u00e9si jogr\u00f3l Az adatkezel\u00e9s jogalapja: \u00e9rintett hozz\u00e1j\u00e1rul\u00e1sa szerz\u0151d\u00e9s teljes\u00edt\u00e9se jogi [&hellip;]\" \/>\n<meta property=\"og:url\" content=\"https:\/\/mihalylillahenrietta.keriweb.hu\/en\/adatkezelesi-tajekoztato\/\" \/>\n<meta property=\"og:site_name\" content=\"l\u2019art Lilla\" \/>\n<meta property=\"article:modified_time\" content=\"2026-03-07T15:16:42+00:00\" \/>\n<meta name=\"twitter:card\" content=\"summary_large_image\" \/>\n<meta name=\"twitter:label1\" content=\"Estimated reading time\" \/>\n\t<meta name=\"twitter:data1\" content=\"2 minutes\" \/>\n<script type=\"application\/ld+json\" class=\"yoast-schema-graph\">{\"@context\":\"https:\/\/schema.org\",\"@graph\":[{\"@type\":\"WebPage\",\"@id\":\"https:\/\/mihalylillahenrietta.keriweb.hu\/adatkezelesi-tajekoztato\/\",\"url\":\"https:\/\/mihalylillahenrietta.keriweb.hu\/adatkezelesi-tajekoztato\/\",\"name\":\"Adatkezel\u00e9si T\u00e1j\u00e9koztat\u00f3 - l\u2019art Lilla\",\"isPartOf\":{\"@id\":\"https:\/\/mihalylillahenrietta.keriweb.hu\/#website\"},\"datePublished\":\"2026-02-24T14:49:58+00:00\",\"dateModified\":\"2026-03-07T15:16:42+00:00\",\"breadcrumb\":{\"@id\":\"https:\/\/mihalylillahenrietta.keriweb.hu\/adatkezelesi-tajekoztato\/#breadcrumb\"},\"inLanguage\":\"en-GB\",\"potentialAction\":[{\"@type\":\"ReadAction\",\"target\":[\"https:\/\/mihalylillahenrietta.keriweb.hu\/adatkezelesi-tajekoztato\/\"]}]},{\"@type\":\"BreadcrumbList\",\"@id\":\"https:\/\/mihalylillahenrietta.keriweb.hu\/adatkezelesi-tajekoztato\/#breadcrumb\",\"itemListElement\":[{\"@type\":\"ListItem\",\"position\":1,\"name\":\"Kezd\u0151lap\",\"item\":\"https:\/\/mihalylillahenrietta.keriweb.hu\/\"},{\"@type\":\"ListItem\",\"position\":2,\"name\":\"Adatkezel\u00e9si T\u00e1j\u00e9koztat\u00f3\"}]},{\"@type\":\"WebSite\",\"@id\":\"https:\/\/mihalylillahenrietta.keriweb.hu\/#website\",\"url\":\"https:\/\/mihalylillahenrietta.keriweb.hu\/\",\"name\":\"l\u2019art Lilla\",\"description\":\"ez egy TANUL\u00d3I, TESZT web\u00e1ruh\u00e1z :)\",\"potentialAction\":[{\"@type\":\"SearchAction\",\"target\":{\"@type\":\"EntryPoint\",\"urlTemplate\":\"https:\/\/mihalylillahenrietta.keriweb.hu\/?s={search_term_string}\"},\"query-input\":{\"@type\":\"PropertyValueSpecification\",\"valueRequired\":true,\"valueName\":\"search_term_string\"}}],\"inLanguage\":\"en-GB\"}]}<\/script>\n<!-- \/ Yoast SEO plugin. -->","yoast_head_json":{"title":"Adatkezel\u00e9si T\u00e1j\u00e9koztat\u00f3 - l\u2019art Lilla","robots":{"index":"index","follow":"follow","max-snippet":"max-snippet:-1","max-image-preview":"max-image-preview:large","max-video-preview":"max-video-preview:-1"},"canonical":"https:\/\/mihalylillahenrietta.keriweb.hu\/en\/adatkezelesi-tajekoztato\/","og_locale":"en_GB","og_type":"article","og_title":"Adatkezel\u00e9si T\u00e1j\u00e9koztat\u00f3 - l\u2019art Lilla","og_description":"ADATKEZEL\u00c9SI T\u00c1J\u00c9KOZTAT\u00d3 1. Az adatkezel\u0151 adatai Adatkezel\u0151 neve: Mih\u00e1ly Lilla Henrietta Sz\u00e9khely: B\u00e9k\u00e9scsaba E-mail: mihalylilla26@gmail.com 2. Az adatkezel\u00e9s jogszab\u00e1lyi alapja Az adatkezel\u00e9s az al\u00e1bbi jogszab\u00e1lyok alapj\u00e1n t\u00f6rt\u00e9nik: * Az Eur\u00f3pai Parlament \u00e9s a Tan\u00e1cs (EU) 2016\/679 rendelete (GDPR) * 2011. \u00e9vi CXII. t\u00f6rv\u00e9ny az inform\u00e1ci\u00f3s \u00f6nrendelkez\u00e9si jogr\u00f3l Az adatkezel\u00e9s jogalapja: \u00e9rintett hozz\u00e1j\u00e1rul\u00e1sa szerz\u0151d\u00e9s teljes\u00edt\u00e9se jogi [&hellip;]","og_url":"https:\/\/mihalylillahenrietta.keriweb.hu\/en\/adatkezelesi-tajekoztato\/","og_site_name":"l\u2019art Lilla","article_modified_time":"2026-03-07T15:16:42+00:00","twitter_card":"summary_large_image","twitter_misc":{"Estimated reading time":"2 minutes"},"schema":{"@context":"https:\/\/schema.org","@graph":[{"@type":"WebPage","@id":"https:\/\/mihalylillahenrietta.keriweb.hu\/adatkezelesi-tajekoztato\/","url":"https:\/\/mihalylillahenrietta.keriweb.hu\/adatkezelesi-tajekoztato\/","name":"Adatkezel\u00e9si T\u00e1j\u00e9koztat\u00f3 - l\u2019art Lilla","isPartOf":{"@id":"https:\/\/mihalylillahenrietta.keriweb.hu\/#website"},"datePublished":"2026-02-24T14:49:58+00:00","dateModified":"2026-03-07T15:16:42+00:00","breadcrumb":{"@id":"https:\/\/mihalylillahenrietta.keriweb.hu\/adatkezelesi-tajekoztato\/#breadcrumb"},"inLanguage":"en-GB","potentialAction":[{"@type":"ReadAction","target":["https:\/\/mihalylillahenrietta.keriweb.hu\/adatkezelesi-tajekoztato\/"]}]},{"@type":"BreadcrumbList","@id":"https:\/\/mihalylillahenrietta.keriweb.hu\/adatkezelesi-tajekoztato\/#breadcrumb","itemListElement":[{"@type":"ListItem","position":1,"name":"Kezd\u0151lap","item":"https:\/\/mihalylillahenrietta.keriweb.hu\/"},{"@type":"ListItem","position":2,"name":"Adatkezel\u00e9si T\u00e1j\u00e9koztat\u00f3"}]},{"@type":"WebSite","@id":"https:\/\/mihalylillahenrietta.keriweb.hu\/#website","url":"https:\/\/mihalylillahenrietta.keriweb.hu\/","name":"l\u2019art Lilla","description":"ez egy TANUL\u00d3I, TESZT web\u00e1ruh\u00e1z :)","potentialAction":[{"@type":"SearchAction","target":{"@type":"EntryPoint","urlTemplate":"https:\/\/mihalylillahenrietta.keriweb.hu\/?s={search_term_string}"},"query-input":{"@type":"PropertyValueSpecification","valueRequired":true,"valueName":"search_term_string"}}],"inLanguage":"en-GB"}]}},"_links":{"self":[{"href":"https:\/\/mihalylillahenrietta.keriweb.hu\/en\/wp-json\/wp\/v2\/pages\/258","targetHints":{"allow":["GET"]}}],"collection":[{"href":"https:\/\/mihalylillahenrietta.keriweb.hu\/en\/wp-json\/wp\/v2\/pages"}],"about":[{"href":"https:\/\/mihalylillahenrietta.keriweb.hu\/en\/wp-json\/wp\/v2\/types\/page"}],"author":[{"embeddable":true,"href":"https:\/\/mihalylillahenrietta.keriweb.hu\/en\/wp-json\/wp\/v2\/users\/1"}],"replies":[{"embeddable":true,"href":"https:\/\/mihalylillahenrietta.keriweb.hu\/en\/wp-json\/wp\/v2\/comments?post=258"}],"version-history":[{"count":2,"href":"https:\/\/mihalylillahenrietta.keriweb.hu\/en\/wp-json\/wp\/v2\/pages\/258\/revisions"}],"predecessor-version":[{"id":274,"href":"https:\/\/mihalylillahenrietta.keriweb.hu\/en\/wp-json\/wp\/v2\/pages\/258\/revisions\/274"}],"wp:attachment":[{"href":"https:\/\/mihalylillahenrietta.keriweb.hu\/en\/wp-json\/wp\/v2\/media?parent=258"}],"curies":[{"name":"wp","href":"https:\/\/api.w.org\/{rel}","templated":true}]}}