{"id":207,"date":"2026-01-27T09:28:08","date_gmt":"2026-01-27T09:28:08","guid":{"rendered":"https:\/\/mihalylillahenrietta.keriweb.hu\/?page_id=207"},"modified":"2026-03-07T15:14:48","modified_gmt":"2026-03-07T15:14:48","slug":"altalanos-szerzodesi-feltetelek","status":"publish","type":"page","link":"https:\/\/mihalylillahenrietta.keriweb.hu\/en\/altalanos-szerzodesi-feltetelek\/","title":{"rendered":"Terms and Condition"},"content":{"rendered":"<p>l'art Lilla Terms and Condition<br \/>\nOperator information<br \/>\nCompany name: l'art Lilla<br \/>\nHeadquoter: B\u00e9k\u00e9scsaba<br \/>\nRepresentative: Mih\u00e1ly Lilla Henrietta<br \/>\nWebsite: https:\/\/mihalylillahenrietta.keriweb.hu<br \/>\nTerms and Conditions<br \/>\n**\u2022 These General Terms and Conditions apply to purchases made in the l\u2019art Lilla online store.**<br \/>\n**By making a purchase in the online store, the User accepts the terms and conditions set out in these General Terms and Conditions.**<br \/>\n**Language of the contract: English**<br \/>\n**Scope of offered products**<br \/>\nWe offer books<br \/>\nEvery necessary information is on the website<br \/>\n**The Owner assumes responsibility for any errors or typographical mistakes and will correct them without delay.**<br \/>\nOrdering<br \/>\n1. The customer chooses the item and puts it in the basket<br \/>\n2. **On the \u201cCheckout\u201d page, you can enter your billing and shipping details.**<br \/>\n3. **By placing the order, the customer declares that they have accepted the General Terms and Conditions and the Privacy Policy.**<br \/>\n4. **An automatic email confirmation will be sent regarding the order.**<br \/>\n5. **The contract is concluded when the Operator confirms the order by email.**<br \/>\nMethoods of payment<br \/>\nCreditcard<br \/>\n**Bank transfer in advance**<br \/>\n**Cash on delivery (payment upon delivery)**<br \/>\n**Delivery conditions**<br \/>\n**Delivery methods: courier service \/ parcel pickup point \/<br \/>\n**Delivery time: 2\u20135 business days**<br \/>\n**Right of withdrawal**<br \/>\n**The customer may withdraw from the contract without providing any justification within 14 days of receiving the product (pursuant to the Humgarian Government Decree 45\/2014 (II.26.)).**<br \/>\n**The cost of return shipping is borne by the customer.**<br \/>\nComplaint handling<br \/>\nWe are gonna check the complains within 14 days<br \/>\n**Data processing**<br \/>\n**Personal data is processed in accordance with the Privacy Policy, which is available on the website.** <a href=\"https:\/\/mihalylillahenrietta.keriweb.hu\/adatkezelesi-tajekoztato\/\">Privacy Policy<\/a><\/p>","protected":false},"excerpt":{"rendered":"<p>l\u2019art Lilla \u00c1SZF \u00dczemeltet\u0151 adatai \u2022 C\u00e9gn\u00e9v: l\u2019art Lilla \u2022 Sz\u00e9khely: B\u00e9k\u00e9scsaba \u2022 K\u00e9pvisel\u0151: Mih\u00e1ly Lilla Henrietta \u2022 Weboldal: https:\/\/mihalylillahenrietta.keriweb.hu \u00c1ltal\u00e1nos rendelkez\u00e9sek \u2022 Jelen \u00c1SZF a l\u2019art Lilla web\u00e1ruh\u00e1zban t\u00f6rt\u00e9n\u0151 v\u00e1s\u00e1rl\u00e1sokra vonatkozik. A web\u00e1ruh\u00e1zban t\u00f6rt\u00e9n\u0151 v\u00e1s\u00e1rl\u00e1ssal a Felhaszn\u00e1l\u00f3 elfogadja a jelen \u00c1SZF-ben foglalt felt\u00e9teleket. A szerz\u0151d\u00e9s nyelve: magyar. A k\u00edn\u00e1lt term\u00e9kek k\u00f6re \u2022 A web\u00e1ruh\u00e1z [&hellip;]<\/p>\n","protected":false},"author":1,"featured_media":0,"parent":0,"menu_order":0,"comment_status":"closed","ping_status":"closed","template":"","meta":{"footnotes":""},"class_list":["post-207","page","type-page","status-publish","hentry"],"yoast_head":"<!-- This site is optimized with the Yoast SEO plugin v27.2 - https:\/\/yoast.com\/product\/yoast-seo-wordpress\/ -->\n<title>\u00c1ltal\u00e1nos Szerz\u0151d\u00e9si Felt\u00e9telek - l\u2019art Lilla<\/title>\n<meta name=\"robots\" content=\"index, follow, max-snippet:-1, max-image-preview:large, max-video-preview:-1\" \/>\n<link rel=\"canonical\" href=\"https:\/\/mihalylillahenrietta.keriweb.hu\/en\/altalanos-szerzodesi-feltetelek\/\" \/>\n<meta property=\"og:locale\" content=\"en_GB\" \/>\n<meta property=\"og:type\" content=\"article\" \/>\n<meta property=\"og:title\" content=\"\u00c1ltal\u00e1nos Szerz\u0151d\u00e9si Felt\u00e9telek - l\u2019art Lilla\" \/>\n<meta property=\"og:description\" content=\"l\u2019art Lilla \u00c1SZF \u00dczemeltet\u0151 adatai \u2022 C\u00e9gn\u00e9v: l\u2019art Lilla \u2022 Sz\u00e9khely: B\u00e9k\u00e9scsaba \u2022 K\u00e9pvisel\u0151: Mih\u00e1ly Lilla Henrietta \u2022 Weboldal: https:\/\/mihalylillahenrietta.keriweb.hu \u00c1ltal\u00e1nos rendelkez\u00e9sek \u2022 Jelen \u00c1SZF a l\u2019art Lilla web\u00e1ruh\u00e1zban t\u00f6rt\u00e9n\u0151 v\u00e1s\u00e1rl\u00e1sokra vonatkozik. A web\u00e1ruh\u00e1zban t\u00f6rt\u00e9n\u0151 v\u00e1s\u00e1rl\u00e1ssal a Felhaszn\u00e1l\u00f3 elfogadja a jelen \u00c1SZF-ben foglalt felt\u00e9teleket. A szerz\u0151d\u00e9s nyelve: magyar. A k\u00edn\u00e1lt term\u00e9kek k\u00f6re \u2022 A web\u00e1ruh\u00e1z [&hellip;]\" \/>\n<meta property=\"og:url\" content=\"https:\/\/mihalylillahenrietta.keriweb.hu\/en\/altalanos-szerzodesi-feltetelek\/\" \/>\n<meta property=\"og:site_name\" content=\"l\u2019art Lilla\" \/>\n<meta property=\"article:modified_time\" content=\"2026-03-07T15:14:48+00:00\" \/>\n<meta name=\"twitter:card\" content=\"summary_large_image\" \/>\n<meta name=\"twitter:label1\" content=\"Estimated reading time\" \/>\n\t<meta name=\"twitter:data1\" content=\"2 minutes\" \/>\n<script type=\"application\/ld+json\" class=\"yoast-schema-graph\">{\"@context\":\"https:\/\/schema.org\",\"@graph\":[{\"@type\":\"WebPage\",\"@id\":\"https:\/\/mihalylillahenrietta.keriweb.hu\/altalanos-szerzodesi-feltetelek\/\",\"url\":\"https:\/\/mihalylillahenrietta.keriweb.hu\/altalanos-szerzodesi-feltetelek\/\",\"name\":\"\u00c1ltal\u00e1nos Szerz\u0151d\u00e9si Felt\u00e9telek - l\u2019art Lilla\",\"isPartOf\":{\"@id\":\"https:\/\/mihalylillahenrietta.keriweb.hu\/#website\"},\"datePublished\":\"2026-01-27T09:28:08+00:00\",\"dateModified\":\"2026-03-07T15:14:48+00:00\",\"breadcrumb\":{\"@id\":\"https:\/\/mihalylillahenrietta.keriweb.hu\/altalanos-szerzodesi-feltetelek\/#breadcrumb\"},\"inLanguage\":\"en-GB\",\"potentialAction\":[{\"@type\":\"ReadAction\",\"target\":[\"https:\/\/mihalylillahenrietta.keriweb.hu\/altalanos-szerzodesi-feltetelek\/\"]}]},{\"@type\":\"BreadcrumbList\",\"@id\":\"https:\/\/mihalylillahenrietta.keriweb.hu\/altalanos-szerzodesi-feltetelek\/#breadcrumb\",\"itemListElement\":[{\"@type\":\"ListItem\",\"position\":1,\"name\":\"Kezd\u0151lap\",\"item\":\"https:\/\/mihalylillahenrietta.keriweb.hu\/\"},{\"@type\":\"ListItem\",\"position\":2,\"name\":\"\u00c1ltal\u00e1nos Szerz\u0151d\u00e9si Felt\u00e9telek\"}]},{\"@type\":\"WebSite\",\"@id\":\"https:\/\/mihalylillahenrietta.keriweb.hu\/#website\",\"url\":\"https:\/\/mihalylillahenrietta.keriweb.hu\/\",\"name\":\"l\u2019art Lilla\",\"description\":\"ez egy TANUL\u00d3I, TESZT web\u00e1ruh\u00e1z :)\",\"potentialAction\":[{\"@type\":\"SearchAction\",\"target\":{\"@type\":\"EntryPoint\",\"urlTemplate\":\"https:\/\/mihalylillahenrietta.keriweb.hu\/?s={search_term_string}\"},\"query-input\":{\"@type\":\"PropertyValueSpecification\",\"valueRequired\":true,\"valueName\":\"search_term_string\"}}],\"inLanguage\":\"en-GB\"}]}<\/script>\n<!-- \/ Yoast SEO plugin. -->","yoast_head_json":{"title":"\u00c1ltal\u00e1nos Szerz\u0151d\u00e9si Felt\u00e9telek - l\u2019art Lilla","robots":{"index":"index","follow":"follow","max-snippet":"max-snippet:-1","max-image-preview":"max-image-preview:large","max-video-preview":"max-video-preview:-1"},"canonical":"https:\/\/mihalylillahenrietta.keriweb.hu\/en\/altalanos-szerzodesi-feltetelek\/","og_locale":"en_GB","og_type":"article","og_title":"\u00c1ltal\u00e1nos Szerz\u0151d\u00e9si Felt\u00e9telek - l\u2019art Lilla","og_description":"l\u2019art Lilla \u00c1SZF \u00dczemeltet\u0151 adatai \u2022 C\u00e9gn\u00e9v: l\u2019art Lilla \u2022 Sz\u00e9khely: B\u00e9k\u00e9scsaba \u2022 K\u00e9pvisel\u0151: Mih\u00e1ly Lilla Henrietta \u2022 Weboldal: https:\/\/mihalylillahenrietta.keriweb.hu \u00c1ltal\u00e1nos rendelkez\u00e9sek \u2022 Jelen \u00c1SZF a l\u2019art Lilla web\u00e1ruh\u00e1zban t\u00f6rt\u00e9n\u0151 v\u00e1s\u00e1rl\u00e1sokra vonatkozik. A web\u00e1ruh\u00e1zban t\u00f6rt\u00e9n\u0151 v\u00e1s\u00e1rl\u00e1ssal a Felhaszn\u00e1l\u00f3 elfogadja a jelen \u00c1SZF-ben foglalt felt\u00e9teleket. A szerz\u0151d\u00e9s nyelve: magyar. A k\u00edn\u00e1lt term\u00e9kek k\u00f6re \u2022 A web\u00e1ruh\u00e1z [&hellip;]","og_url":"https:\/\/mihalylillahenrietta.keriweb.hu\/en\/altalanos-szerzodesi-feltetelek\/","og_site_name":"l\u2019art Lilla","article_modified_time":"2026-03-07T15:14:48+00:00","twitter_card":"summary_large_image","twitter_misc":{"Estimated reading time":"2 minutes"},"schema":{"@context":"https:\/\/schema.org","@graph":[{"@type":"WebPage","@id":"https:\/\/mihalylillahenrietta.keriweb.hu\/altalanos-szerzodesi-feltetelek\/","url":"https:\/\/mihalylillahenrietta.keriweb.hu\/altalanos-szerzodesi-feltetelek\/","name":"\u00c1ltal\u00e1nos Szerz\u0151d\u00e9si Felt\u00e9telek - l\u2019art Lilla","isPartOf":{"@id":"https:\/\/mihalylillahenrietta.keriweb.hu\/#website"},"datePublished":"2026-01-27T09:28:08+00:00","dateModified":"2026-03-07T15:14:48+00:00","breadcrumb":{"@id":"https:\/\/mihalylillahenrietta.keriweb.hu\/altalanos-szerzodesi-feltetelek\/#breadcrumb"},"inLanguage":"en-GB","potentialAction":[{"@type":"ReadAction","target":["https:\/\/mihalylillahenrietta.keriweb.hu\/altalanos-szerzodesi-feltetelek\/"]}]},{"@type":"BreadcrumbList","@id":"https:\/\/mihalylillahenrietta.keriweb.hu\/altalanos-szerzodesi-feltetelek\/#breadcrumb","itemListElement":[{"@type":"ListItem","position":1,"name":"Kezd\u0151lap","item":"https:\/\/mihalylillahenrietta.keriweb.hu\/"},{"@type":"ListItem","position":2,"name":"\u00c1ltal\u00e1nos Szerz\u0151d\u00e9si Felt\u00e9telek"}]},{"@type":"WebSite","@id":"https:\/\/mihalylillahenrietta.keriweb.hu\/#website","url":"https:\/\/mihalylillahenrietta.keriweb.hu\/","name":"l\u2019art Lilla","description":"ez egy TANUL\u00d3I, TESZT web\u00e1ruh\u00e1z :)","potentialAction":[{"@type":"SearchAction","target":{"@type":"EntryPoint","urlTemplate":"https:\/\/mihalylillahenrietta.keriweb.hu\/?s={search_term_string}"},"query-input":{"@type":"PropertyValueSpecification","valueRequired":true,"valueName":"search_term_string"}}],"inLanguage":"en-GB"}]}},"_links":{"self":[{"href":"https:\/\/mihalylillahenrietta.keriweb.hu\/en\/wp-json\/wp\/v2\/pages\/207","targetHints":{"allow":["GET"]}}],"collection":[{"href":"https:\/\/mihalylillahenrietta.keriweb.hu\/en\/wp-json\/wp\/v2\/pages"}],"about":[{"href":"https:\/\/mihalylillahenrietta.keriweb.hu\/en\/wp-json\/wp\/v2\/types\/page"}],"author":[{"embeddable":true,"href":"https:\/\/mihalylillahenrietta.keriweb.hu\/en\/wp-json\/wp\/v2\/users\/1"}],"replies":[{"embeddable":true,"href":"https:\/\/mihalylillahenrietta.keriweb.hu\/en\/wp-json\/wp\/v2\/comments?post=207"}],"version-history":[{"count":4,"href":"https:\/\/mihalylillahenrietta.keriweb.hu\/en\/wp-json\/wp\/v2\/pages\/207\/revisions"}],"predecessor-version":[{"id":273,"href":"https:\/\/mihalylillahenrietta.keriweb.hu\/en\/wp-json\/wp\/v2\/pages\/207\/revisions\/273"}],"wp:attachment":[{"href":"https:\/\/mihalylillahenrietta.keriweb.hu\/en\/wp-json\/wp\/v2\/media?parent=207"}],"curies":[{"name":"wp","href":"https:\/\/api.w.org\/{rel}","templated":true}]}}