{"id":160,"date":"2026-01-21T12:33:47","date_gmt":"2026-01-21T12:33:47","guid":{"rendered":"https:\/\/mihalylillahenrietta.keriweb.hu\/kedvencek\/"},"modified":"2026-01-21T12:33:47","modified_gmt":"2026-01-21T12:33:47","slug":"kedvencek","status":"publish","type":"page","link":"https:\/\/mihalylillahenrietta.keriweb.hu\/en\/kedvencek\/","title":{"rendered":"Favs"},"content":{"rendered":"<form\n\tid=\"yith-wcwl-form\"\n\taction=\"https:\/\/mihalylillahenrietta.keriweb.hu\/en\/kedvencek\/\"\n\tmethod=\"post\"\n\tclass=\"woocommerce yith-wcwl-form wishlist-fragment\"\n\tdata-fragment-options=\"{&quot;per_page&quot;:5,&quot;current_page&quot;:1,&quot;pagination&quot;:&quot;no&quot;,&quot;wishlist_id&quot;:false,&quot;action_params&quot;:false,&quot;no_interactions&quot;:false,&quot;layout&quot;:&quot;&quot;,&quot;wishlist&quot;:false,&quot;is_default&quot;:true,&quot;is_custom_list&quot;:false,&quot;wishlist_token&quot;:&quot;&quot;,&quot;is_private&quot;:false,&quot;count&quot;:0,&quot;page_title&quot;:&quot;My wishlist&quot;,&quot;default_wishlsit_title&quot;:&quot;My wishlist&quot;,&quot;page_links&quot;:false,&quot;is_user_logged_in&quot;:false,&quot;is_user_owner&quot;:true,&quot;can_user_edit_title&quot;:false,&quot;show_price&quot;:true,&quot;show_dateadded&quot;:false,&quot;show_stock_status&quot;:true,&quot;show_add_to_cart&quot;:true,&quot;show_remove_product&quot;:true,&quot;add_to_cart_text&quot;:&quot;Kos\\u00e1rba&quot;,&quot;show_ask_estimate_button&quot;:false,&quot;ask_estimate_url&quot;:&quot;&quot;,&quot;price_excl_tax&quot;:true,&quot;show_cb&quot;:false,&quot;show_quantity&quot;:false,&quot;show_variation&quot;:false,&quot;show_price_variations&quot;:false,&quot;show_update&quot;:false,&quot;enable_drag_n_drop&quot;:false,&quot;enable_add_all_to_cart&quot;:false,&quot;move_to_another_wishlist&quot;:false,&quot;repeat_remove_button&quot;:false,&quot;show_last_column&quot;:true,&quot;heading_icon&quot;:&quot;&lt;i class=\\&quot;fa heart-outline\\&quot;&gt;&lt;\\\/i&gt;&quot;,&quot;share_enabled&quot;:false,&quot;template_part&quot;:&quot;view&quot;,&quot;additional_info&quot;:false,&quot;available_multi_wishlist&quot;:false,&quot;form_action&quot;:&quot;https:\\\/\\\/mihalylillahenrietta.keriweb.hu\\\/en\\\/kedvencek\\\/&quot;,&quot;item&quot;:&quot;wishlist&quot;}\" data-trp-original-action=\"https:\/\/mihalylillahenrietta.keriweb.hu\/en\/kedvencek\/\"\n>\n\n\t<!-- TITLE -->\n\t\t\t<div class=\"wishlist-title-container\">\n\t\t\t<div class=\"wishlist-title\">\n\t\t\t\t<h2>My wishlist<\/h2>\t\t\t\t\t\t\t<\/div>\n\t\t\t\t\t<\/div>\n\t\n\n<!-- WISHLIST TABLE -->\n<table\n\tclass=\"shop_table cart wishlist_table wishlist_view traditional responsive\"\n\tdata-pagination=\"no\" data-per-page=\"5\" data-page=\"1\"\n\tdata-id=\"\" data-token=\"\">\n\n\t\n\t<thead>\n\t<tr>\n\t\t\n\t\t\t\t\t\t\t\t<th class=\"product-remove\">\n\t\t\t\t<span class=\"nobr\">\n\t\t\t\t\t\t\t\t\t<\/span>\n\t\t\t<\/th>\n\t\t\n\t\t<th class=\"product-thumbnail\"><\/th>\n\n\t\t<th class=\"product-name\">\n\t\t\t<span class=\"nobr\">\n\t\t\t\tProduct name\t\t\t<\/span>\n\t\t<\/th>\n\n\t\t\t\t\t\t\t\t<th class=\"product-price\">\n\t\t\t\t<span class=\"nobr\">\n\t\t\t\t\tUnit price\t\t\t\t<\/span>\n\t\t\t<\/th>\n\t\t\n\t\t\n\t\t\t\t\t\t\t\t<th class=\"product-stock-status\">\n\t\t\t\t<span class=\"nobr\">\n\t\t\t\t\tStock status\t\t\t\t<\/span>\n\t\t\t<\/th>\n\t\t\n\t\t\t\t\t\t\t\t<th class=\"product-add-to-cart\">\n\t\t\t\t<span class=\"nobr\">\n\t\t\t\t\t\t\t\t\t<\/span>\n\t\t\t<\/th>\n\t\t\n\t\t\t<\/tr>\n\t<\/thead>\n\n\t<tbody class=\"wishlist-items-wrapper\">\n\t\t\t<tr>\n\t\t\t\t\t\t<td colspan=\"6\" class=\"wishlist-empty\">No products added to the wishlist<\/td>\n\t\t<\/tr>\n\t\t\t<\/tbody>\n\n<\/table>\n\n<div class=\"yith_wcwl_wishlist_footer\">\n\t\n\n\t\n\n\t\n\t<\/div>\n\n<input type=\"hidden\" id=\"yith_wcwl_edit_wishlist\" name=\"yith_wcwl_edit_wishlist\" value=\"4d64e4a007\" \/><input type=\"hidden\" name=\"_wp_http_referer\" value=\"\/en\/wp-json\/wp\/v2\/pages\/160\" \/><input type=\"hidden\" value=\"\" name=\"wishlist_id\" id=\"wishlist_id\">\n\n\n<input type=\"hidden\" name=\"trp-form-language\" value=\"en\"\/><\/form>","protected":false},"excerpt":{"rendered":"","protected":false},"author":1,"featured_media":0,"parent":0,"menu_order":0,"comment_status":"closed","ping_status":"closed","template":"","meta":{"footnotes":""},"class_list":["post-160","page","type-page","status-publish","hentry"],"yoast_head":"<!-- This site is optimized with the Yoast SEO plugin v27.2 - https:\/\/yoast.com\/product\/yoast-seo-wordpress\/ -->\n<title>Kedvencek - l\u2019art Lilla<\/title>\n<meta name=\"robots\" content=\"index, follow, max-snippet:-1, max-image-preview:large, max-video-preview:-1\" \/>\n<link rel=\"canonical\" href=\"https:\/\/mihalylillahenrietta.keriweb.hu\/en\/kedvencek\/\" \/>\n<meta property=\"og:locale\" content=\"en_GB\" \/>\n<meta property=\"og:type\" content=\"article\" \/>\n<meta property=\"og:title\" content=\"Kedvencek - l\u2019art Lilla\" \/>\n<meta property=\"og:url\" content=\"https:\/\/mihalylillahenrietta.keriweb.hu\/en\/kedvencek\/\" \/>\n<meta property=\"og:site_name\" content=\"l\u2019art Lilla\" \/>\n<meta name=\"twitter:card\" content=\"summary_large_image\" \/>\n<script type=\"application\/ld+json\" class=\"yoast-schema-graph\">{\"@context\":\"https:\/\/schema.org\",\"@graph\":[{\"@type\":\"WebPage\",\"@id\":\"https:\/\/mihalylillahenrietta.keriweb.hu\/kedvencek\/\",\"url\":\"https:\/\/mihalylillahenrietta.keriweb.hu\/kedvencek\/\",\"name\":\"Kedvencek - l\u2019art Lilla\",\"isPartOf\":{\"@id\":\"https:\/\/mihalylillahenrietta.keriweb.hu\/#website\"},\"datePublished\":\"2026-01-21T12:33:47+00:00\",\"breadcrumb\":{\"@id\":\"https:\/\/mihalylillahenrietta.keriweb.hu\/kedvencek\/#breadcrumb\"},\"inLanguage\":\"en-GB\",\"potentialAction\":[{\"@type\":\"ReadAction\",\"target\":[\"https:\/\/mihalylillahenrietta.keriweb.hu\/kedvencek\/\"]}]},{\"@type\":\"BreadcrumbList\",\"@id\":\"https:\/\/mihalylillahenrietta.keriweb.hu\/kedvencek\/#breadcrumb\",\"itemListElement\":[{\"@type\":\"ListItem\",\"position\":1,\"name\":\"Kezd\u0151lap\",\"item\":\"https:\/\/mihalylillahenrietta.keriweb.hu\/\"},{\"@type\":\"ListItem\",\"position\":2,\"name\":\"Kedvencek\"}]},{\"@type\":\"WebSite\",\"@id\":\"https:\/\/mihalylillahenrietta.keriweb.hu\/#website\",\"url\":\"https:\/\/mihalylillahenrietta.keriweb.hu\/\",\"name\":\"l\u2019art Lilla\",\"description\":\"ez egy TANUL\u00d3I, TESZT web\u00e1ruh\u00e1z :)\",\"potentialAction\":[{\"@type\":\"SearchAction\",\"target\":{\"@type\":\"EntryPoint\",\"urlTemplate\":\"https:\/\/mihalylillahenrietta.keriweb.hu\/?s={search_term_string}\"},\"query-input\":{\"@type\":\"PropertyValueSpecification\",\"valueRequired\":true,\"valueName\":\"search_term_string\"}}],\"inLanguage\":\"en-GB\"}]}<\/script>\n<!-- \/ Yoast SEO plugin. -->","yoast_head_json":{"title":"Kedvencek - l\u2019art Lilla","robots":{"index":"index","follow":"follow","max-snippet":"max-snippet:-1","max-image-preview":"max-image-preview:large","max-video-preview":"max-video-preview:-1"},"canonical":"https:\/\/mihalylillahenrietta.keriweb.hu\/en\/kedvencek\/","og_locale":"en_GB","og_type":"article","og_title":"Kedvencek - l\u2019art Lilla","og_url":"https:\/\/mihalylillahenrietta.keriweb.hu\/en\/kedvencek\/","og_site_name":"l\u2019art Lilla","twitter_card":"summary_large_image","schema":{"@context":"https:\/\/schema.org","@graph":[{"@type":"WebPage","@id":"https:\/\/mihalylillahenrietta.keriweb.hu\/kedvencek\/","url":"https:\/\/mihalylillahenrietta.keriweb.hu\/kedvencek\/","name":"Kedvencek - l\u2019art Lilla","isPartOf":{"@id":"https:\/\/mihalylillahenrietta.keriweb.hu\/#website"},"datePublished":"2026-01-21T12:33:47+00:00","breadcrumb":{"@id":"https:\/\/mihalylillahenrietta.keriweb.hu\/kedvencek\/#breadcrumb"},"inLanguage":"en-GB","potentialAction":[{"@type":"ReadAction","target":["https:\/\/mihalylillahenrietta.keriweb.hu\/kedvencek\/"]}]},{"@type":"BreadcrumbList","@id":"https:\/\/mihalylillahenrietta.keriweb.hu\/kedvencek\/#breadcrumb","itemListElement":[{"@type":"ListItem","position":1,"name":"Kezd\u0151lap","item":"https:\/\/mihalylillahenrietta.keriweb.hu\/"},{"@type":"ListItem","position":2,"name":"Kedvencek"}]},{"@type":"WebSite","@id":"https:\/\/mihalylillahenrietta.keriweb.hu\/#website","url":"https:\/\/mihalylillahenrietta.keriweb.hu\/","name":"l\u2019art Lilla","description":"ez egy TANUL\u00d3I, TESZT web\u00e1ruh\u00e1z :)","potentialAction":[{"@type":"SearchAction","target":{"@type":"EntryPoint","urlTemplate":"https:\/\/mihalylillahenrietta.keriweb.hu\/?s={search_term_string}"},"query-input":{"@type":"PropertyValueSpecification","valueRequired":true,"valueName":"search_term_string"}}],"inLanguage":"en-GB"}]}},"_links":{"self":[{"href":"https:\/\/mihalylillahenrietta.keriweb.hu\/en\/wp-json\/wp\/v2\/pages\/160","targetHints":{"allow":["GET"]}}],"collection":[{"href":"https:\/\/mihalylillahenrietta.keriweb.hu\/en\/wp-json\/wp\/v2\/pages"}],"about":[{"href":"https:\/\/mihalylillahenrietta.keriweb.hu\/en\/wp-json\/wp\/v2\/types\/page"}],"author":[{"embeddable":true,"href":"https:\/\/mihalylillahenrietta.keriweb.hu\/en\/wp-json\/wp\/v2\/users\/1"}],"replies":[{"embeddable":true,"href":"https:\/\/mihalylillahenrietta.keriweb.hu\/en\/wp-json\/wp\/v2\/comments?post=160"}],"version-history":[{"count":0,"href":"https:\/\/mihalylillahenrietta.keriweb.hu\/en\/wp-json\/wp\/v2\/pages\/160\/revisions"}],"wp:attachment":[{"href":"https:\/\/mihalylillahenrietta.keriweb.hu\/en\/wp-json\/wp\/v2\/media?parent=160"}],"curies":[{"name":"wp","href":"https:\/\/api.w.org\/{rel}","templated":true}]}}